{"id":528,"date":"2009-06-15T17:27:23","date_gmt":"2009-06-15T16:27:23","guid":{"rendered":"http:\/\/tolkien.cz\/?page_id=528"},"modified":"2016-08-18T14:10:18","modified_gmt":"2016-08-18T13:10:18","slug":"jrrtolkienxxx","status":"publish","type":"page","link":"http:\/\/tolkien.cz\/?page_id=528","title":{"rendered":"J.R.R.TOLKIEN"},"content":{"rendered":"<p><font size=\"4\">D\u00cdLO: P\u00e1n prsten\u016f &#8211; D\u011bj N\u00e1vratu kr\u00e1le<\/font><br \/>\n<a href=\"?page_id=507\/#obsah\"><i>zp\u011bt na obsah<\/i><\/a><\/p>\n<p><img decoding=\"async\" src=\"data\/tol2.jpg\" align=\"left\">Po v\u00edt\u011bzstv\u00ed u Helmova \u017elebu Pipin s Gandalfem putuj\u00ed do Minas Tirith, hlavn\u00edho m\u011bsta Gondoru, kde se chystaj\u00ed s vojskem na V\u00e1lku proti Nep\u0159\u00edteli. Jednoho obzvl\u00e1\u0161\u0165 \u010dern\u00e9ho dne se pl\u00e1\u0148 p\u0159ed m\u011bstem za\u010d\u00edn\u00e1 plnit obrovsk\u00fdm vojskem sk\u0159et\u016f, obr\u016f, vrrk\u016f a olifant\u016f. Ti ocelov\u00fdm beranidlem rozb\u00edj\u00ed br\u00e1nu, kdy\u017e vtom p\u0159ij\u00ed\u017ed\u00ed na pomoc Rohan\u00e9. Strhuje se k obrovsk\u00e9 bitv\u011b, kterou Sauron prohr\u00e1v\u00e1. V\u00e1lka v\u0161ak je\u0161t\u011b neskon\u010dila. Frodo se Samem se zat\u00edm dostali ze zajet\u00ed sk\u0159et\u016f a vyd\u00e1vaj\u00ed se d\u00e1l k Orodruin\u011b. Po dlouh\u00e9 cest\u011b se na ni kone\u010dn\u011b vy\u0161plhaj\u00ed a ocitaj\u00ed se u Pukliny osudu. Najednou Froda ovl\u00e1dne moc prstenu, kter\u00e1 se v Mordoru zn\u00e1sobila a odm\u00edtne ho zni\u010dit. Vtom se objevuje Glum a v touze z\u00edskat zp\u011bt sv\u016fj prsten, ukousne Frodovi prst na kter\u00e9m je Prsten moci pohodln\u011b usazen. V z\u00e1chvatu radosti v\u0161ak ned\u00e1v\u00e1 pozor a pad\u00e1 i s prstenem do Pukliny osudu &#8211; PRSTEN JE ZNI\u010cEN! N\u00e1hle moc Temn\u00e9ho p\u00e1na pom\u00edj\u00ed, jeho vojska se stahuj\u00ed a v\u00e1lka kon\u010d\u00ed. K Orrodruin\u011b p\u0159il\u00e9taj\u00ed orli a na Gandalf\u016fv p\u0159\u00edkaz popadaj\u00ed Sama a Froda a odn\u00e1\u0161ej\u00ed je do bezpe\u010d\u00ed. Vl\u00e1dy Gondoru se uj\u00edm\u00e1 Aragorn, kter\u00fd si bere Arwen Und\u00f3miel za \u017eenu. Hobiti se se sl\u00e1vou vracej\u00ed do Kraje a vyh\u00e1n\u011bj\u00ed z Kraje zl\u00e9 sk\u0159ety a Sarumana. A v Kraji zase nast\u00e1v\u00e1 poklidn\u00fd \u017eivot. Sam se \u017een\u00ed s R\u016f\u017eenou Chaloupkovou a maj\u00ed spolu t\u0159in\u00e1ct d\u011bt\u00ed. Zanedlouho se Frodo vyd\u00e1v\u00e1 do Roklinky za Bilbem, aby spolu odpluli za Mo\u0159e.<\/p>\n<p><center><img decoding=\"async\" src=\"data\/r1.png\" style=\"border: 0px\"><\/center><br \/>\n<a name=pp6><\/a><br \/>\n<font size=\"4\">D\u00cdLO: P\u00e1n prsten\u016f &#8211; Ohlas knihy<\/font><br \/>\n<a href=\"?page_id=507\/#obsah\"><i>zp\u011bt na obsah<\/i><\/a><\/p>\n<p>Tolkien\u016fv P\u00e1n prsten\u016f si z\u00e1hy po sv\u00e9m vyd\u00e1n\u00ed z\u00edskal obrovskou popularitu. Tolkien byl pasov\u00e1n kr\u00e1lem fantasy literatury a jeho d\u00edlo se u\u017e za jeho \u017eivota stalo p\u0159edm\u011btem kultu. Jeho knih\u00e1m podl\u00e9haly st\u00e1le dal\u0161\u00ed a dal\u0161\u00ed generace. U\u017e v radik\u00e1ln\u00edch 60. letech se kniha P\u00e1n prsten\u016f stala jakousi bibl\u00ed mlad\u00e9 generace. V Lond\u00fdn\u011b se za\u010daly zakl\u00e1dat kluby s n\u00e1zvy jako St\u0159edozem, na plak\u00e1tech se objevovalo jm\u00e9no hudebn\u00ed skupiny Hobiti, hudebn\u00ed nakladatelstv\u00ed neslo n\u00e1zev Gandalf. Jm\u00e9na Tolkienov\u00fdch postavi\u010dek ve\u0161la do b\u011b\u017en\u00e9ho slovn\u00edku mlad\u00e9 generace; heslem vysoko\u0161kol\u00e1k\u016f se stal v\u00fdk\u0159ik: Frodo \u017eije! Na sv\u011bt\u011b vznikly des\u00edtky tolkienovsk\u00fdch klub\u016f, jejich\u017e \u010dlenov\u00e9 si obl\u00e9kaj\u00ed hobit\u00ed kost\u00fdmy a po\u0159\u00e1daj\u00ed hobit\u00ed d\u00fdch\u00e1nky, na kter\u00fdch se navz\u00e1jem trumfuj\u00ed ve znalostech nesm\u00edrn\u011b ko\u0161at\u00e9 faktografie fantasy sv\u011bta, kter\u00fd Tolkien vytvo\u0159il a p\u0159edh\u00e1n\u011bj\u00ed se v citac\u00edch zbo\u017e\u0148ovan\u00e9ho profesora. Kniha byla p\u0159elo\u017eena do mnoha sv\u011btov\u00fdch jazyk\u016f a v druh\u00e9 polovin\u011b 20. stolet\u00ed se j\u00ed prodalo na sv\u011bt\u011b t\u00e9m\u011b\u0159 50 milion\u016f v\u00fdtisk\u016f. V roce 1997 zvolili Britov\u00e9 P\u00e1na prsten\u016f za nejpopul\u00e1rn\u011bj\u0161\u00ed knihu sv\u00e9 monarchie v cel\u00e9 sv\u00e9 historii. Pot\u00e9, co padla \u017eelezn\u00e1 opona, nastal &#8222;tolkienovsk\u00fd boom&#8220; i u n\u00e1s. V sou\u010dasn\u00e9 dob\u011b je popularita P\u00e1na prsten\u016f je\u0161t\u011b pos\u00edlena stejnojmenn\u00fdm filmem. <img decoding=\"async\" src=\"data\/tol1.jpg\" align=\"right\"><br \/>\nNab\u00edz\u00ed se ot\u00e1zka, pro\u010d m\u011bl fantastick\u00fd p\u0159\u00edb\u011bh o putov\u00e1n\u00ed hobit\u016f St\u0159edozem\u00ed takov\u00fd \u010dten\u00e1\u0159sk\u00fd \u00fasp\u011bch? Pro\u010d pr\u00e1v\u011b toto d\u00edlo ovlivnilo tolik generac\u00ed \u010dten\u00e1\u0159\u016f a pro\u010d se zrovna ono stalo p\u0159edm\u011btem kultu? Co zp\u016fsobilo jeho nezm\u011brnou popularitu? Jak mohl n\u011bco takov\u00e9ho zp\u016fsobit punti\u010dk\u00e1\u0159sk\u00fd akademik, kter\u00fd pro\u017eil tak oby\u010dejn\u00fd a nevzru\u0161iv\u00fd \u017eivot? Naj\u00edt na tyto ot\u00e1zky jednozna\u010dnou odpov\u011b\u010f nen\u00ed nijak jednoduch\u00e9. Prvn\u00ed vlna popularity p\u0159i\u0161la v \u0161edes\u00e1t\u00fdch letech, v obdob\u00ed, kdy se v anglosask\u00fdch zem\u00edch a pozd\u011bji t\u00e9m\u011b\u0159 v cel\u00e9m z\u00e1padn\u00edm sv\u011bt\u011b za\u010daly zpochyb\u0148ovat ide\u00e1ly hmotn\u00e9ho \u00fasp\u011bchu a konzumn\u00ed spole\u010dnosti. Mlad\u00e1 generace se ztoto\u017e\u0148ovala s nehrdinsk\u00fdm hrdinou Frodem a v Hobit\u00edn\u011b spat\u0159ovala nezka\u017een\u00fd p\u0159\u00edrodn\u00ed r\u00e1j vzd\u00e1len\u00fd od ruchu modern\u00ed civilizace. Tolkienovy knihy z\u0159ejm\u011b nab\u00eddly \u010dlov\u011bku dvac\u00e1t\u00e9ho stolet\u00ed to, co postr\u00e1dal. Po dob\u011b, kdy zu\u0159ily modernistick\u00e9 experimenty, nab\u00eddly P\u0159\u00edb\u011bh, tradi\u010dn\u011b napsan\u00fd, dob\u0159e vystav\u011bn\u00fd, siln\u00fd a srozumiteln\u00fd, p\u0159\u00edb\u011bh, kter\u00fd nen\u00ed lhostejn\u00fd k dobru a zlu. <a href=\"data\/mapst1.jpg\"><img decoding=\"async\" src=\"data\/tol3.jpg\" align=\"left\"><\/a>P\u00e1n prsten\u016f je skv\u011bl\u00e9 epick\u00e9 vypr\u00e1v\u011bn\u00ed, mistrn\u011b gradovan\u00e9 a dokonale vyvrcholen\u00e9, jednotliv\u00e9 vypr\u00e1v\u011bc\u00ed roviny do sebe skv\u011ble zapadaj\u00ed. P\u0159\u00edb\u011bh je velmi r\u016fznorod\u00fd a st\u00e1le vzru\u0161uj\u00edc\u00ed, \u010dten\u00e1\u0159 tou\u017e\u00ed dozv\u011bd\u011bt se, jak to bude d\u00e1l; je nutno smeknout klobouk p\u0159ed autorovou imagi\u010dnost\u00ed p\u0159i vym\u00fd\u0161len\u00ed nov\u00fdch epizod. Tolkien mlad\u00fdm lidem nav\u00edc nab\u00eddl jist\u00e9 uklidn\u011bn\u00ed a \u00fanik do kouzeln\u00e9ho, p\u0159ita\u017eliv\u00e9ho, zcela nov\u011b vytvo\u0159en\u00e9ho sv\u011bta, v n\u011bm\u017e d\u00edky neoby\u010dejn\u00e9 fantazii a hravosti nen\u00e1padn\u011b pronik\u00e1 k modern\u00edmu \u010dten\u00e1\u0159i poh\u00e1dkov\u00e9 zpracov\u00e1n\u00ed odv\u011bk\u00e9ho boje protikladn\u00fdch sil, dobra a zla. Tolkien ve sv\u00e9 eseji O poh\u00e1dk\u00e1ch p\u0159izn\u00e1val, \u017ee poh\u00e1dky  mohou lidem n\u011bkdy slou\u017eit jako \u00fanik; ale jedn\u00edm dechem dod\u00e1val, \u017ee nevid\u00ed d\u016fvod, pro\u010d by \u010dlov\u011bk nem\u011bl hledat \u00fanik ze sv\u011bta v\u00e1lek a mechanizace.<br \/>\nTolkien\u016fv sv\u011bt byl sice vymy\u0161len\u00fd, ale nebyl zcela vzd\u00e1len\u00fd od lidsk\u00e9 skute\u010dnosti. Tento nov\u00fd sv\u011bt je vlastn\u011b sv\u011btem velmi star\u00fdm. V jeho pozad\u00ed nach\u00e1z\u00edme germ\u00e1nsk\u00e9 a seversk\u00e9 m\u00fdty a k\u0159es\u0165anskou mor\u00e1lku. Autor v mnoh\u00e9m \u010derp\u00e1 ze seversk\u00fdch, keltsk\u00fdch a germ\u00e1nsk\u00fdch legend, ale na rozd\u00edl od nich m\u00e1 jasn\u00fd, k\u0159es\u0165ansk\u00fd n\u00e1hled na dobro a zlo. Tolkien cht\u011bl, aby jeho p\u0159\u00edb\u011bhy vyjad\u0159ovaly jeho vlastn\u00ed mor\u00e1ln\u00ed n\u00e1hled na vesm\u00edr. Doufal, \u017ee P\u00e1n prsten\u016f je stejn\u011b jako legendy, m\u00fdty a evangelia utk\u00e1n z \u201epravd\u201c, kter\u00e9 byly objeveny p\u0159ed d\u00e1vn\u00fdmi \u010dasy a znovu se ve sv\u011bt\u011b \u201eobjevuj\u00ed\u201c. Tolkien nep\u0159edpokl\u00e1dal, \u017ee p\u0159esn\u011b takov\u00ed tvorov\u00e9, jak\u00e9 popisoval &#8211; elfov\u00e9, trpasl\u00edci, sk\u0159eti &#8211; chodili kdysi po zemi a konali \u010diny, je\u017e zaznamen\u00e1val. Sp\u00ed\u0161e doufal, \u017ee jeho p\u0159\u00edb\u011bhy jsou v ur\u010dit\u00e9m smyslu zt\u011blesn\u011bn\u00edm hlubok\u00e9 pravdy &#8211; vnit\u0159n\u00ed skute\u010dnosti, kter\u00e1 se \u010dlov\u011bku zjevuje v z\u00e1blesc\u00edch. A pr\u00e1v\u011b tyto z\u00e1blesky pravdy v \u010dten\u00e1\u0159i evokuje literatura a mytologie, tak\u017ee na n\u011bj hluboce p\u016fsob\u00ed a vyvol\u00e1v\u00e1 v n\u011bm emoce.<\/p>\n<p><center><a href=\"?page_id=516\"> <<< <\/a><b>=9=<\/b><a href=\"?page_id=517\"> >>> <\/a><\/p>\n<p><img decoding=\"async\" src=\"data\/r1.png\" style=\"border: 0px\"><\/center><\/p>\n","protected":false},"excerpt":{"rendered":"<p>D\u00cdLO: P\u00e1n prsten\u016f &#8211; D\u011bj N\u00e1vratu kr\u00e1le zp\u011bt na obsah Po v\u00edt\u011bzstv\u00ed u Helmova \u017elebu Pipin s Gandalfem putuj\u00ed do Minas Tirith, hlavn\u00edho m\u011bsta Gondoru, kde se chystaj\u00ed s vojskem na V\u00e1lku proti Nep\u0159\u00edteli. Jednoho obzvl\u00e1\u0161\u0165 \u010dern\u00e9ho dne se pl\u00e1\u0148 p\u0159ed m\u011bstem za\u010d\u00edn\u00e1 plnit obrovsk\u00fdm vojskem sk\u0159et\u016f, obr\u016f, vrrk\u016f a olifant\u016f. Ti ocelov\u00fdm beranidlem rozb\u00edj\u00ed [&hellip;]<\/p>\n<div class='the_champ_sharing_container the_champ_vertical_sharing the_champ_hide_sharing the_champ_bottom_sharing' style='width:49px;left: 20px;top: 200px;-webkit-box-shadow:none;box-shadow:none;' data-super-socializer-href=\"http:\/\/tolkien.cz\/index.php?rest_route=%2Fwp%2Fv2%2Fpages%2F528\"><div class=\"the_champ_sharing_ul\"><a style=\"font-size:24px!important;box-shadow:none;display:inline-block!important;font-size: 16px;padding: 0 4px;vertical-align:middle;display:inline;\" class=\"theChampSharingRound\"><span class=\"the_champ_square_count\">&nbsp;<\/span><div style=\"width:45px;height:45px;border-radius:999px;margin-bottom:9px !important;\" title=\"Total Shares\" class=\"theChampSharing theChampTCBackground\"><\/div><\/a><a aria-label=\"Facebook\" class=\"the_champ_facebook\" href=\"https:\/\/www.facebook.com\/sharer\/sharer.php?u=http%3A%2F%2Ftolkien.cz%2Findex.php%3Frest_route%3D%252Fwp%252Fv2%252Fpages%252F528\" title=\"Facebook\" rel=\"nofollow noopener\" target=\"_blank\" style=\"font-size:24px!important;box-shadow:none;display:inline-block;vertical-align:middle\"><span class=\"the_champ_svg\" style=\"background-color:#0765FE;width:45px;height:45px;border-radius:999px;display:inline-block;opacity:1;float:left;font-size:24px;box-shadow:none;display:inline-block;font-size:16px;padding:0 4px;vertical-align:middle;background-repeat:repeat;overflow:hidden;padding:0;cursor:pointer;box-sizing:content-box\"><svg style=\"display:block;border-radius:999px;\" focusable=\"false\" aria-hidden=\"true\" xmlns=\"http:\/\/www.w3.org\/2000\/svg\" width=\"100%\" height=\"100%\" viewBox=\"0 0 32 32\"><path fill=\"#662200\" d=\"M28 16c0-6.627-5.373-12-12-12S4 9.373 4 16c0 5.628 3.875 10.35 9.101 11.647v-7.98h-2.474V16H13.1v-1.58c0-4.085 1.849-5.978 5.859-5.978.76 0 2.072.15 2.608.298v3.325c-.283-.03-.775-.045-1.386-.045-1.967 0-2.728.745-2.728 2.683V16h3.92l-.673 3.667h-3.247v8.245C23.395 27.195 28 22.135 28 16Z\"><\/path><\/svg><span class=\"the_champ_square_count the_champ_facebook_count\">&nbsp;<\/span><\/span><\/a><a aria-label=\"Vkontakte\" class=\"the_champ_button_vkontakte\" href=\"http:\/\/vkontakte.ru\/share.php?&url=http%3A%2F%2Ftolkien.cz%2Findex.php%3Frest_route%3D%252Fwp%252Fv2%252Fpages%252F528\" title=\"Vkontakte\" rel=\"nofollow noopener\" target=\"_blank\" style=\"font-size:24px!important;box-shadow:none;display:inline-block;vertical-align:middle\"><span class=\"the_champ_svg the_champ_s__default the_champ_s_vkontakte\" style=\"background-color:#0077FF;width:45px;height:45px;border-radius:999px;display:inline-block;opacity:1;float:left;font-size:24px;box-shadow:none;display:inline-block;font-size:16px;padding:0 4px;vertical-align:middle;background-repeat:repeat;overflow:hidden;padding:0;cursor:pointer;box-sizing:content-box\"><svg style=\"display:block;border-radius:999px;\" fill=\"none\" height=\"100%\" width=\"100%\" viewBox=\"0.75 6 46 37\" xmlns=\"http:\/\/www.w3.org\/2000\/svg\"><path d=\"M25.54 34.58c-10.94 0-17.18-7.5-17.44-19.98h5.48c.18 9.16 4.22 13.04 7.42 13.84V14.6h5.16v7.9c3.16-.34 6.48-3.94 7.6-7.9h5.16c-.86 4.88-4.46 8.48-7.02 9.96 2.56 1.2 6.66 4.34 8.22 10.02h-5.68c-1.22-3.8-4.26-6.74-8.28-7.14v7.14z\" fill=\"#662200\"><\/path><\/svg><span class=\"the_champ_square_count the_champ_vkontakte_count\">&nbsp;<\/span><\/span><\/a><a aria-label=\"Twitter\" class=\"the_champ_button_twitter\" href=\"https:\/\/twitter.com\/intent\/tweet?text=Spole%C4%8Dnost%20p%C5%99%C3%A1tel%20d%C3%ADla%20pana%20J.R.R.%20Tolkiena%20-%20Str%C3%A1nky%20pro%20v%C5%A1echny%20milovn%C3%ADky%20St%C5%99edozem%C4%9B&url=http%3A%2F%2Ftolkien.cz%2Findex.php%3Frest_route%3D%252Fwp%252Fv2%252Fpages%252F528\" title=\"Twitter\" rel=\"nofollow noopener\" target=\"_blank\" style=\"font-size:24px!important;box-shadow:none;display:inline-block;vertical-align:middle\"><span class=\"the_champ_svg the_champ_s__default the_champ_s_twitter\" style=\"background-color:#55acee;width:45px;height:45px;border-radius:999px;display:inline-block;opacity:1;float:left;font-size:24px;box-shadow:none;display:inline-block;font-size:16px;padding:0 4px;vertical-align:middle;background-repeat:repeat;overflow:hidden;padding:0;cursor:pointer;box-sizing:content-box\"><svg style=\"display:block;border-radius:999px;\" focusable=\"false\" aria-hidden=\"true\" xmlns=\"http:\/\/www.w3.org\/2000\/svg\" width=\"100%\" height=\"100%\" viewBox=\"-4 -4 39 39\"><path d=\"M28 8.557a9.913 9.913 0 0 1-2.828.775 4.93 4.93 0 0 0 2.166-2.725 9.738 9.738 0 0 1-3.13 1.194 4.92 4.92 0 0 0-3.593-1.55 4.924 4.924 0 0 0-4.794 6.049c-4.09-.21-7.72-2.17-10.15-5.15a4.942 4.942 0 0 0-.665 2.477c0 1.71.87 3.214 2.19 4.1a4.968 4.968 0 0 1-2.23-.616v.06c0 2.39 1.7 4.38 3.952 4.83-.414.115-.85.174-1.297.174-.318 0-.626-.03-.928-.086a4.935 4.935 0 0 0 4.6 3.42 9.893 9.893 0 0 1-6.114 2.107c-.398 0-.79-.023-1.175-.068a13.953 13.953 0 0 0 7.55 2.213c9.056 0 14.01-7.507 14.01-14.013 0-.213-.005-.426-.015-.637.96-.695 1.795-1.56 2.455-2.55z\" fill=\"#662200\"><\/path><\/svg><span class=\"the_champ_square_count the_champ_twitter_count\">&nbsp;<\/span><\/span><\/a><a aria-label=\"Pinterest\" class=\"the_champ_button_pinterest\" href=\"http:\/\/tolkien.cz\/index.php?rest_route=%2Fwp%2Fv2%2Fpages%2F528\" onclick=\"event.preventDefault();javascript:void((function(){var e=document.createElement('script');e.setAttribute('type','text\/javascript');e.setAttribute('charset','UTF-8');e.setAttribute('src','\/\/assets.pinterest.com\/js\/pinmarklet.js?r='+Math.random()*99999999);document.body.appendChild(e)})());\" title=\"Pinterest\" rel=\"noopener\" style=\"font-size:24px!important;box-shadow:none;display:inline-block;vertical-align:middle\"><span class=\"the_champ_svg the_champ_s__default the_champ_s_pinterest\" style=\"background-color:#cc2329;width:45px;height:45px;border-radius:999px;display:inline-block;opacity:1;float:left;font-size:24px;box-shadow:none;display:inline-block;font-size:16px;padding:0 4px;vertical-align:middle;background-repeat:repeat;overflow:hidden;padding:0;cursor:pointer;box-sizing:content-box\"><svg style=\"display:block;border-radius:999px;\" focusable=\"false\" aria-hidden=\"true\" xmlns=\"http:\/\/www.w3.org\/2000\/svg\" width=\"100%\" height=\"100%\" viewBox=\"-2 -2 35 35\"><path fill=\"#662200\" d=\"M16.539 4.5c-6.277 0-9.442 4.5-9.442 8.253 0 2.272.86 4.293 2.705 5.046.303.125.574.005.662-.33.061-.231.205-.816.27-1.06.088-.331.053-.447-.191-.736-.532-.627-.873-1.439-.873-2.591 0-3.338 2.498-6.327 6.505-6.327 3.548 0 5.497 2.168 5.497 5.062 0 3.81-1.686 7.025-4.188 7.025-1.382 0-2.416-1.142-2.085-2.545.397-1.674 1.166-3.48 1.166-4.689 0-1.081-.581-1.983-1.782-1.983-1.413 0-2.548 1.462-2.548 3.419 0 1.247.421 2.091.421 2.091l-1.699 7.199c-.505 2.137-.076 4.755-.039 5.019.021.158.223.196.314.077.13-.17 1.813-2.247 2.384-4.324.162-.587.929-3.631.929-3.631.46.876 1.801 1.646 3.227 1.646 4.247 0 7.128-3.871 7.128-9.053.003-3.918-3.317-7.568-8.361-7.568z\"\/><\/svg><span class=\"the_champ_square_count the_champ_pinterest_count\">&nbsp;<\/span><\/span><\/a><a aria-label=\"Tumblr\" class=\"the_champ_button_tumblr\" href=\"https:\/\/www.tumblr.com\/widgets\/share\/tool?posttype=link&canonicalUrl=http%3A%2F%2Ftolkien.cz%2Findex.php%3Frest_route%3D%252Fwp%252Fv2%252Fpages%252F528&title=Spole%C4%8Dnost%20p%C5%99%C3%A1tel%20d%C3%ADla%20pana%20J.R.R.%20Tolkiena%20-%20Str%C3%A1nky%20pro%20v%C5%A1echny%20milovn%C3%ADky%20St%C5%99edozem%C4%9B&caption=\" title=\"Tumblr\" rel=\"nofollow noopener\" target=\"_blank\" style=\"font-size:24px!important;box-shadow:none;display:inline-block;vertical-align:middle\"><span class=\"the_champ_svg athe_champ_s__default the_champ_s_tumblr\" style=\"background-color:#29435d;width:45px;height:45px;border-radius:999px;display:inline-block;opacity:1;float:left;font-size:24px;box-shadow:none;display:inline-block;font-size:16px;padding:0 4px;vertical-align:middle;background-repeat:repeat;overflow:hidden;padding:0;cursor:pointer;box-sizing:content-box\"><svg style=\"display:block;border-radius:999px;\" focusable=\"false\" aria-hidden=\"true\" xmlns=\"http:\/\/www.w3.org\/2000\/svg\" width=\"100%\" height=\"100%\" viewBox=\"-2 -2 36 36\"><path fill=\"#662200\" d=\"M20.775 21.962c-.37.177-1.08.33-1.61.345-1.598.043-1.907-1.122-1.92-1.968v-6.217h4.007V11.1H17.26V6.02h-2.925s-.132.044-.144.15c-.17 1.556-.895 4.287-3.923 5.378v2.578h2.02v6.522c0 2.232 1.647 5.404 5.994 5.33 1.467-.025 3.096-.64 3.456-1.17l-.96-2.846z\"\/><\/svg><span class=\"the_champ_square_count the_champ_tumblr_count\">&nbsp;<\/span><\/span><\/a><a class=\"the_champ_more\" title=\"More\" rel=\"nofollow noopener\" style=\"font-size:24px!important;border:0;box-shadow:none;display:inline-block!important;font-size:16px;padding:0 4px;vertical-align: middle;display:inline;\" href=\"http:\/\/tolkien.cz\/index.php?rest_route=%2Fwp%2Fv2%2Fpages%2F528\" onclick=\"event.preventDefault()\"><span class=\"the_champ_square_count\">&nbsp;<\/span><span class=\"the_champ_svg\" style=\"background-color:#ee8e2d;width:45px;height:45px;border-radius:999px;display:inline-block!important;opacity:1;float:left;font-size:32px!important;box-shadow:none;display:inline-block;font-size:16px;padding:0 4px;vertical-align:middle;display:inline;background-repeat:repeat;overflow:hidden;padding:0;cursor:pointer;box-sizing:content-box;\" onclick=\"theChampMoreSharingPopup(this, 'http:\/\/tolkien.cz\/index.php?rest_route=%2Fwp%2Fv2%2Fpages%2F528', 'Spole%C4%8Dnost%20p%C5%99%C3%A1tel%20d%C3%ADla%20pana%20J.R.R.%20Tolkiena%20-%20Str%C3%A1nky%20pro%20v%C5%A1echny%20milovn%C3%ADky%20St%C5%99edozem%C4%9B', '' )\"><svg xmlns=\"http:\/\/www.w3.org\/2000\/svg\" xmlns:xlink=\"http:\/\/www.w3.org\/1999\/xlink\" viewBox=\"-.3 0 32 32\" version=\"1.1\" width=\"100%\" height=\"100%\" style=\"display:block;border-radius:999px;\" xml:space=\"preserve\"><g><path fill=\"#662200\" d=\"M18 14V8h-4v6H8v4h6v6h4v-6h6v-4h-6z\" fill-rule=\"evenodd\"><\/path><\/g><\/svg><\/span><\/a><\/div><\/div>","protected":false},"author":1,"featured_media":0,"parent":507,"menu_order":0,"comment_status":"open","ping_status":"closed","template":"","meta":{"footnotes":""},"class_list":["post-528","page","type-page","status-publish","hentry"],"_links":{"self":[{"href":"http:\/\/tolkien.cz\/index.php?rest_route=\/wp\/v2\/pages\/528","targetHints":{"allow":["GET"]}}],"collection":[{"href":"http:\/\/tolkien.cz\/index.php?rest_route=\/wp\/v2\/pages"}],"about":[{"href":"http:\/\/tolkien.cz\/index.php?rest_route=\/wp\/v2\/types\/page"}],"author":[{"embeddable":true,"href":"http:\/\/tolkien.cz\/index.php?rest_route=\/wp\/v2\/users\/1"}],"replies":[{"embeddable":true,"href":"http:\/\/tolkien.cz\/index.php?rest_route=%2Fwp%2Fv2%2Fcomments&post=528"}],"version-history":[{"count":0,"href":"http:\/\/tolkien.cz\/index.php?rest_route=\/wp\/v2\/pages\/528\/revisions"}],"up":[{"embeddable":true,"href":"http:\/\/tolkien.cz\/index.php?rest_route=\/wp\/v2\/pages\/507"}],"wp:attachment":[{"href":"http:\/\/tolkien.cz\/index.php?rest_route=%2Fwp%2Fv2%2Fmedia&parent=528"}],"curies":[{"name":"wp","href":"https:\/\/api.w.org\/{rel}","templated":true}]}}