{"id":525,"date":"2009-06-15T14:10:18","date_gmt":"2009-06-15T13:10:18","guid":{"rendered":"http:\/\/tolkien.cz\/?page_id=525"},"modified":"2016-08-18T14:05:02","modified_gmt":"2016-08-18T13:05:02","slug":"jrrtolkien-x","status":"publish","type":"page","link":"http:\/\/tolkien.cz\/?page_id=525","title":{"rendered":"J.R.R.TOLKIEN"},"content":{"rendered":"<p><font size=\"4\">\u017dIVOT &#8211; Tolkien spisovatelem<\/font><br \/>\n<a href=\"?page_id=507\/#obsah\"><i>zp\u011bt na obsah<\/i><\/a><\/p>\n<p>Jednoho dne, kdy\u017e byl Tolkien zam\u011bstn\u00e1n na \u00fanavn\u00e9m \u00fakolu opravov\u00e1n\u00ed v\u00fdsledk\u016f p\u00edsemn\u00fdch zkou\u0161ek, zjistil, \u017ee jeden uchaze\u010d nechal jednu str\u00e1nku odpov\u011bdn\u00edho se\u0161itu pr\u00e1zdnou. Na tuto str\u00e1nku, <img decoding=\"async\" src=\"data\/ts.jpg\" align=\"right\">inspirov\u00e1n kdov\u00ed \u010d\u00edm, napsal: \u201eV jist\u00e9 podzemn\u00ed no\u0159e bydlel jeden hobit.\u201c V typicky tolkienovsk\u00e9m stylu se rozhodl, \u017ee je pot\u0159ebn\u00e9 zjistit, co to hobit je, v jak\u00e9m druhu nory \u017eije, pro\u010d v n\u00ed \u017eije, atd. Z tohoto \u201evy\u0161et\u0159ov\u00e1n\u00ed\u201c pak vyrostl p\u0159\u00edb\u011bh, kter\u00fd na pokra\u010dov\u00e1n\u00ed vypravoval sv\u00fdm d\u011btem, za dlouh\u00fdch zimn\u00edch ve\u010der\u016f. Nedokon\u010den\u00fd rukopis se dostal do rukou Suzan Dagnallov\u00e9, jeho studentce a zam\u011bstnankyni nakladatelstv\u00ed Allen &#038; Unwin. Suzan po\u017e\u00e1dala Tolkiena o dokon\u010den\u00ed a p\u0159edstavila kompletn\u00ed p\u0159\u00edb\u011bh Stanley Unwinovi, \u0159editeli nakladatelstv\u00ed. Ten nechal p\u0159\u00edb\u011bh p\u0159e\u010d\u00edst sv\u00e9mu des\u00edtilet\u00e9mu synovi Raynerovi, kter\u00fd o n\u011bm napsal nad\u0161enou zpr\u00e1vu a tak byl p\u0159\u00edb\u011bh roku 1937 publikov\u00e1n jako Hobit. Ihned si dobyl velk\u00fd \u00fasp\u011bch, a  nakladatel se t\u00e1zal Tolkiena, zda by nem\u011bl v\u00edce materi\u00e1lu vhodn\u00e9ho k publikov\u00e1n\u00ed. Tolkien tedy za\u010dal znovu pracovat na sv\u00fdch Ztracen\u00fdch p\u0159\u00edb\u011bz\u00edch, aby je dostal do p\u0159ijateln\u00e9ho stavu, a jak s\u00e1m p\u0159iznal, mal\u00e1 \u010d\u00e1st z nich si na\u0161la cestu u\u017e do Hobita. N\u011bkter\u00e9 dokon\u010den\u00e9 legend\u00e1rn\u00ed p\u0159\u00edb\u011bhy nab\u00eddl nakladatelstv\u00ed, ale tam usoudili, \u017ee nejsou komer\u010dn\u011b uve\u0159ejniteln\u00e9. Tolkien byl zklam\u00e1n, ale z\u00e1rove\u0148 souhlasil, \u017ee nap\u00ed\u0161e pokra\u010dov\u00e1n\u00ed Hobita.<br \/>\nPokra\u010dov\u00e1n\u00ed se brzy rozrostlo v n\u011bco mnohem v\u00edc, ne\u017e jen d\u011btsk\u00fd p\u0159\u00edb\u011bh. Sv\u00e9 st\u011b\u017eejn\u00ed d\u00edlo, P\u00e1na prsten\u016f, Tolkien psal, p\u0159episoval a upravoval po cel\u00fdch 16 let, a\u017e dos\u00e1hl rozsahu kolem 1000 stran. Dosp\u011bl\u00fd Rayner Unwin dok\u00e1zal velkolep\u011b jednat s nedobytn\u00fdm a n\u00e1ladov\u00fdm autorem, kter\u00fd p\u0159ed\u00e1n\u00ed sl\u00edben\u00e9ho d\u00edla donekone\u010dna odkl\u00e1dal a po jeho dokon\u010den\u00ed dokonce nab\u00eddl celou pr\u00e1ci komer\u010dn\u00edmu soupe\u0159i (kter\u00fd rychle ustoupil, kdy\u017e se rozsah a povaha pr\u00e1ce staly zjevn\u00fdmi). D\u00edky Rayneru Unwinovi byl cel\u00fd opus nakonec opravdu publikov\u00e1n. Firma se rozhodla p\u0159ivodit si pravd\u011bpodobnou ztr\u00e1tu 1000 liber a d\u00edlo o t\u0159ech d\u00edlech uve\u0159ejnila. Krach se v\u0161ak nekonal.<\/p>\n<p><center><img decoding=\"async\" src=\"data\/r1.png\" style=\"border: 0px\"><\/center><br \/>\n<a name=uspech><\/a><br \/>\n<font size=\"4\">\u017dIVOT &#8211; \u00dasp\u011bch (a st\u00e1\u0159\u00ed)<\/font><br \/>\n<a href=\"?page_id=507\/#obsah\"><i>zp\u011bt na obsah<\/i><\/a><\/p>\n<p>P\u00e1n prsten\u016f si rychle na\u0161el sv\u00e9 nad\u0161en\u00e9 \u010dten\u00e1\u0159e a Tolkien se k vlastn\u00edmu bezb\u0159eh\u00e9mu p\u0159ekvapen\u00ed stal <img decoding=\"async\" src=\"data\/tss2t.jpg\" align=\"right\">velmi popul\u00e1rn\u00edm. Opravdu \u00fa\u017easn\u00fd okam\u017eik nastal, kdy\u017e P\u00e1n prsten\u016f vy\u0161el v Americe v pir\u00e1tsk\u00e9 bro\u017eovan\u00e9 edici roku 1965. Za prv\u00e9 se t\u00edm kniha dostala do kategorie impulsivn\u00edho n\u00e1kupu a za druh\u00e9 se p\u0159itom Tolkienovi povedl husarsk\u00fd kousek. Uve\u0159ejnil v tisku dopis, ve kter\u00e9m \u017e\u00e1dal \u010dten\u00e1\u0159e, aby si pir\u00e1tskou kopii nekupovali a po\u010dkali na ofici\u00e1ln\u00ed vyd\u00e1n\u00ed; v t\u00e9 dob\u011b byl ji\u017e natolik popul\u00e1rn\u00ed, \u017ee fanou\u0161ci jeho p\u0159\u00e1n\u00ed respektovali. Spor o autorsk\u00e1 pr\u00e1va nav\u00edc na existenci knihy upozornil mili\u00f3ny dal\u0161\u00edch \u010dten\u00e1\u0159\u016f v Americe.<br \/>\nKniha se vbrzku stala proslulou a pro mnoho fanou\u0161k\u016f kultovn\u00ed. Tolkien se stal legendou za sv\u00e9ho \u017eivota. Tento v\u00fdvoj vyvolal v autorovi sm\u00ed\u0161en\u00e9 pocity. Na jedn\u00e9 stran\u011b mu opravdu lichotil &#8211; nev\u011b\u0159il, \u017ee by tak rozs\u00e1hl\u00e1 a neobvykl\u00e1 kniha, psan\u00e1 pro vlastn\u00ed pot\u011b\u0161en\u00ed, mohla oslovit tak \u0161irok\u00e9 publikum &#8211; a k jeho \u00fa\u017easu mu p\u0159inesl i zna\u010dn\u00e9 bohatstv\u00ed. <img decoding=\"async\" src=\"data\/tss3.jpg\" align=\"right\">Na druh\u00e9 stran\u011b litoval d\u011bti 60.let, kter\u00e9 jeho p\u0159edstavu velk\u00e9 cesty konzumovali spole\u010dn\u011b s LSD. Fanou\u0161ci mu nav\u00edc zp\u016fsobovali mnoho probl\u00e9m\u016f; jak ti, kte\u0159\u00ed p\u0159ich\u00e1zeli okukovat jeho d\u016fm, tak ti, obzvl\u00e1\u0161t\u011b z Kalifornie, kte\u0159\u00ed telefonovali v 7 hodin odpoledne (jejich \u010dasu &#8211; 3 hodiny r\u00e1no jeho) a po\u017eadovali odpov\u011bdi na ot\u00e1zky, zda Frodo usp\u011bje ve sv\u00e9m posl\u00e1n\u00ed, zda m\u011bli balrogov\u00e9 k\u0159\u00eddla apod. Zm\u011bnil tedy adresu, telefonn\u00ed \u010d\u00edslo dal odstranit z telefonn\u00edho seznamu <img decoding=\"async\" src=\"data\/tss1.jpg\" align=\"left\">a nakonec se i s Edith p\u0159esunul do p\u0159\u00edjemn\u00e9ho, ale neinspiruj\u00edc\u00edho letoviska na ji\u017en\u00edm pob\u0159e\u017e\u00ed, zn\u00e1m\u00e9m zna\u010dn\u00fdm po\u010dtem postar\u0161\u00edch z\u00e1mo\u017en\u00fdch rezident\u016f. Roku 1971 Edith zem\u0159ela a Tolkien se brzy vr\u00e1til do Oxfordu, kde do\u017eil s\u00e1m v byt\u011b poskytnut\u00e9m jednou z univerzitn\u00edch kolej\u00ed. John Ronald Reuel Tolkien zem\u0159el 2. z\u00e1\u0159\u00ed 1973 ve m\u011bst\u011b Bournemouth v Anglii, ve v\u011bku 81 let.<\/p>\n<p><center><a href=\"?page_id=512\"> <<< <\/a><b>=4=<\/b><a href=\"?page_id=514\"> >>> <\/a><\/p>\n<p><img decoding=\"async\" src=\"data\/r1.png\" style=\"border: 0px\"><\/center><\/p>\n","protected":false},"excerpt":{"rendered":"<p>\u017dIVOT &#8211; Tolkien spisovatelem zp\u011bt na obsah Jednoho dne, kdy\u017e byl Tolkien zam\u011bstn\u00e1n na \u00fanavn\u00e9m \u00fakolu opravov\u00e1n\u00ed v\u00fdsledk\u016f p\u00edsemn\u00fdch zkou\u0161ek, zjistil, \u017ee jeden uchaze\u010d nechal jednu str\u00e1nku odpov\u011bdn\u00edho se\u0161itu pr\u00e1zdnou. Na tuto str\u00e1nku, inspirov\u00e1n kdov\u00ed \u010d\u00edm, napsal: \u201eV jist\u00e9 podzemn\u00ed no\u0159e bydlel jeden hobit.\u201c V typicky tolkienovsk\u00e9m stylu se rozhodl, \u017ee je pot\u0159ebn\u00e9 zjistit, co [&hellip;]<\/p>\n<div class='the_champ_sharing_container the_champ_vertical_sharing the_champ_hide_sharing the_champ_bottom_sharing' style='width:49px;left: 20px;top: 200px;-webkit-box-shadow:none;box-shadow:none;' data-super-socializer-href=\"http:\/\/tolkien.cz\/index.php?rest_route=%2Fwp%2Fv2%2Fpages%2F525\"><div class=\"the_champ_sharing_ul\"><a style=\"font-size:24px!important;box-shadow:none;display:inline-block!important;font-size: 16px;padding: 0 4px;vertical-align:middle;display:inline;\" class=\"theChampSharingRound\"><span class=\"the_champ_square_count\">&nbsp;<\/span><div style=\"width:45px;height:45px;border-radius:999px;margin-bottom:9px !important;\" title=\"Total Shares\" class=\"theChampSharing theChampTCBackground\"><\/div><\/a><a aria-label=\"Facebook\" class=\"the_champ_facebook\" href=\"https:\/\/www.facebook.com\/sharer\/sharer.php?u=http%3A%2F%2Ftolkien.cz%2Findex.php%3Frest_route%3D%252Fwp%252Fv2%252Fpages%252F525\" title=\"Facebook\" rel=\"nofollow noopener\" target=\"_blank\" style=\"font-size:24px!important;box-shadow:none;display:inline-block;vertical-align:middle\"><span class=\"the_champ_svg\" style=\"background-color:#0765FE;width:45px;height:45px;border-radius:999px;display:inline-block;opacity:1;float:left;font-size:24px;box-shadow:none;display:inline-block;font-size:16px;padding:0 4px;vertical-align:middle;background-repeat:repeat;overflow:hidden;padding:0;cursor:pointer;box-sizing:content-box\"><svg style=\"display:block;border-radius:999px;\" focusable=\"false\" aria-hidden=\"true\" xmlns=\"http:\/\/www.w3.org\/2000\/svg\" width=\"100%\" height=\"100%\" viewBox=\"0 0 32 32\"><path fill=\"#662200\" d=\"M28 16c0-6.627-5.373-12-12-12S4 9.373 4 16c0 5.628 3.875 10.35 9.101 11.647v-7.98h-2.474V16H13.1v-1.58c0-4.085 1.849-5.978 5.859-5.978.76 0 2.072.15 2.608.298v3.325c-.283-.03-.775-.045-1.386-.045-1.967 0-2.728.745-2.728 2.683V16h3.92l-.673 3.667h-3.247v8.245C23.395 27.195 28 22.135 28 16Z\"><\/path><\/svg><span class=\"the_champ_square_count the_champ_facebook_count\">&nbsp;<\/span><\/span><\/a><a aria-label=\"Vkontakte\" class=\"the_champ_button_vkontakte\" href=\"http:\/\/vkontakte.ru\/share.php?&url=http%3A%2F%2Ftolkien.cz%2Findex.php%3Frest_route%3D%252Fwp%252Fv2%252Fpages%252F525\" title=\"Vkontakte\" rel=\"nofollow noopener\" target=\"_blank\" style=\"font-size:24px!important;box-shadow:none;display:inline-block;vertical-align:middle\"><span class=\"the_champ_svg the_champ_s__default the_champ_s_vkontakte\" style=\"background-color:#0077FF;width:45px;height:45px;border-radius:999px;display:inline-block;opacity:1;float:left;font-size:24px;box-shadow:none;display:inline-block;font-size:16px;padding:0 4px;vertical-align:middle;background-repeat:repeat;overflow:hidden;padding:0;cursor:pointer;box-sizing:content-box\"><svg style=\"display:block;border-radius:999px;\" fill=\"none\" height=\"100%\" width=\"100%\" viewBox=\"0.75 6 46 37\" xmlns=\"http:\/\/www.w3.org\/2000\/svg\"><path d=\"M25.54 34.58c-10.94 0-17.18-7.5-17.44-19.98h5.48c.18 9.16 4.22 13.04 7.42 13.84V14.6h5.16v7.9c3.16-.34 6.48-3.94 7.6-7.9h5.16c-.86 4.88-4.46 8.48-7.02 9.96 2.56 1.2 6.66 4.34 8.22 10.02h-5.68c-1.22-3.8-4.26-6.74-8.28-7.14v7.14z\" fill=\"#662200\"><\/path><\/svg><span class=\"the_champ_square_count the_champ_vkontakte_count\">&nbsp;<\/span><\/span><\/a><a aria-label=\"Twitter\" class=\"the_champ_button_twitter\" href=\"https:\/\/twitter.com\/intent\/tweet?text=Spole%C4%8Dnost%20p%C5%99%C3%A1tel%20d%C3%ADla%20pana%20J.R.R.%20Tolkiena%20-%20Str%C3%A1nky%20pro%20v%C5%A1echny%20milovn%C3%ADky%20St%C5%99edozem%C4%9B&url=http%3A%2F%2Ftolkien.cz%2Findex.php%3Frest_route%3D%252Fwp%252Fv2%252Fpages%252F525\" title=\"Twitter\" rel=\"nofollow noopener\" target=\"_blank\" style=\"font-size:24px!important;box-shadow:none;display:inline-block;vertical-align:middle\"><span class=\"the_champ_svg the_champ_s__default the_champ_s_twitter\" style=\"background-color:#55acee;width:45px;height:45px;border-radius:999px;display:inline-block;opacity:1;float:left;font-size:24px;box-shadow:none;display:inline-block;font-size:16px;padding:0 4px;vertical-align:middle;background-repeat:repeat;overflow:hidden;padding:0;cursor:pointer;box-sizing:content-box\"><svg style=\"display:block;border-radius:999px;\" focusable=\"false\" aria-hidden=\"true\" xmlns=\"http:\/\/www.w3.org\/2000\/svg\" width=\"100%\" height=\"100%\" viewBox=\"-4 -4 39 39\"><path d=\"M28 8.557a9.913 9.913 0 0 1-2.828.775 4.93 4.93 0 0 0 2.166-2.725 9.738 9.738 0 0 1-3.13 1.194 4.92 4.92 0 0 0-3.593-1.55 4.924 4.924 0 0 0-4.794 6.049c-4.09-.21-7.72-2.17-10.15-5.15a4.942 4.942 0 0 0-.665 2.477c0 1.71.87 3.214 2.19 4.1a4.968 4.968 0 0 1-2.23-.616v.06c0 2.39 1.7 4.38 3.952 4.83-.414.115-.85.174-1.297.174-.318 0-.626-.03-.928-.086a4.935 4.935 0 0 0 4.6 3.42 9.893 9.893 0 0 1-6.114 2.107c-.398 0-.79-.023-1.175-.068a13.953 13.953 0 0 0 7.55 2.213c9.056 0 14.01-7.507 14.01-14.013 0-.213-.005-.426-.015-.637.96-.695 1.795-1.56 2.455-2.55z\" fill=\"#662200\"><\/path><\/svg><span class=\"the_champ_square_count the_champ_twitter_count\">&nbsp;<\/span><\/span><\/a><a aria-label=\"Pinterest\" class=\"the_champ_button_pinterest\" href=\"http:\/\/tolkien.cz\/index.php?rest_route=%2Fwp%2Fv2%2Fpages%2F525\" onclick=\"event.preventDefault();javascript:void((function(){var e=document.createElement('script');e.setAttribute('type','text\/javascript');e.setAttribute('charset','UTF-8');e.setAttribute('src','\/\/assets.pinterest.com\/js\/pinmarklet.js?r='+Math.random()*99999999);document.body.appendChild(e)})());\" title=\"Pinterest\" rel=\"noopener\" style=\"font-size:24px!important;box-shadow:none;display:inline-block;vertical-align:middle\"><span class=\"the_champ_svg the_champ_s__default the_champ_s_pinterest\" style=\"background-color:#cc2329;width:45px;height:45px;border-radius:999px;display:inline-block;opacity:1;float:left;font-size:24px;box-shadow:none;display:inline-block;font-size:16px;padding:0 4px;vertical-align:middle;background-repeat:repeat;overflow:hidden;padding:0;cursor:pointer;box-sizing:content-box\"><svg style=\"display:block;border-radius:999px;\" focusable=\"false\" aria-hidden=\"true\" xmlns=\"http:\/\/www.w3.org\/2000\/svg\" width=\"100%\" height=\"100%\" viewBox=\"-2 -2 35 35\"><path fill=\"#662200\" d=\"M16.539 4.5c-6.277 0-9.442 4.5-9.442 8.253 0 2.272.86 4.293 2.705 5.046.303.125.574.005.662-.33.061-.231.205-.816.27-1.06.088-.331.053-.447-.191-.736-.532-.627-.873-1.439-.873-2.591 0-3.338 2.498-6.327 6.505-6.327 3.548 0 5.497 2.168 5.497 5.062 0 3.81-1.686 7.025-4.188 7.025-1.382 0-2.416-1.142-2.085-2.545.397-1.674 1.166-3.48 1.166-4.689 0-1.081-.581-1.983-1.782-1.983-1.413 0-2.548 1.462-2.548 3.419 0 1.247.421 2.091.421 2.091l-1.699 7.199c-.505 2.137-.076 4.755-.039 5.019.021.158.223.196.314.077.13-.17 1.813-2.247 2.384-4.324.162-.587.929-3.631.929-3.631.46.876 1.801 1.646 3.227 1.646 4.247 0 7.128-3.871 7.128-9.053.003-3.918-3.317-7.568-8.361-7.568z\"\/><\/svg><span class=\"the_champ_square_count the_champ_pinterest_count\">&nbsp;<\/span><\/span><\/a><a aria-label=\"Tumblr\" class=\"the_champ_button_tumblr\" href=\"https:\/\/www.tumblr.com\/widgets\/share\/tool?posttype=link&canonicalUrl=http%3A%2F%2Ftolkien.cz%2Findex.php%3Frest_route%3D%252Fwp%252Fv2%252Fpages%252F525&title=Spole%C4%8Dnost%20p%C5%99%C3%A1tel%20d%C3%ADla%20pana%20J.R.R.%20Tolkiena%20-%20Str%C3%A1nky%20pro%20v%C5%A1echny%20milovn%C3%ADky%20St%C5%99edozem%C4%9B&caption=\" title=\"Tumblr\" rel=\"nofollow noopener\" target=\"_blank\" style=\"font-size:24px!important;box-shadow:none;display:inline-block;vertical-align:middle\"><span class=\"the_champ_svg athe_champ_s__default the_champ_s_tumblr\" style=\"background-color:#29435d;width:45px;height:45px;border-radius:999px;display:inline-block;opacity:1;float:left;font-size:24px;box-shadow:none;display:inline-block;font-size:16px;padding:0 4px;vertical-align:middle;background-repeat:repeat;overflow:hidden;padding:0;cursor:pointer;box-sizing:content-box\"><svg style=\"display:block;border-radius:999px;\" focusable=\"false\" aria-hidden=\"true\" xmlns=\"http:\/\/www.w3.org\/2000\/svg\" width=\"100%\" height=\"100%\" viewBox=\"-2 -2 36 36\"><path fill=\"#662200\" d=\"M20.775 21.962c-.37.177-1.08.33-1.61.345-1.598.043-1.907-1.122-1.92-1.968v-6.217h4.007V11.1H17.26V6.02h-2.925s-.132.044-.144.15c-.17 1.556-.895 4.287-3.923 5.378v2.578h2.02v6.522c0 2.232 1.647 5.404 5.994 5.33 1.467-.025 3.096-.64 3.456-1.17l-.96-2.846z\"\/><\/svg><span class=\"the_champ_square_count the_champ_tumblr_count\">&nbsp;<\/span><\/span><\/a><a class=\"the_champ_more\" title=\"More\" rel=\"nofollow noopener\" style=\"font-size:24px!important;border:0;box-shadow:none;display:inline-block!important;font-size:16px;padding:0 4px;vertical-align: middle;display:inline;\" href=\"http:\/\/tolkien.cz\/index.php?rest_route=%2Fwp%2Fv2%2Fpages%2F525\" onclick=\"event.preventDefault()\"><span class=\"the_champ_square_count\">&nbsp;<\/span><span class=\"the_champ_svg\" style=\"background-color:#ee8e2d;width:45px;height:45px;border-radius:999px;display:inline-block!important;opacity:1;float:left;font-size:32px!important;box-shadow:none;display:inline-block;font-size:16px;padding:0 4px;vertical-align:middle;display:inline;background-repeat:repeat;overflow:hidden;padding:0;cursor:pointer;box-sizing:content-box;\" onclick=\"theChampMoreSharingPopup(this, 'http:\/\/tolkien.cz\/index.php?rest_route=%2Fwp%2Fv2%2Fpages%2F525', 'Spole%C4%8Dnost%20p%C5%99%C3%A1tel%20d%C3%ADla%20pana%20J.R.R.%20Tolkiena%20-%20Str%C3%A1nky%20pro%20v%C5%A1echny%20milovn%C3%ADky%20St%C5%99edozem%C4%9B', '' )\"><svg xmlns=\"http:\/\/www.w3.org\/2000\/svg\" xmlns:xlink=\"http:\/\/www.w3.org\/1999\/xlink\" viewBox=\"-.3 0 32 32\" version=\"1.1\" width=\"100%\" height=\"100%\" style=\"display:block;border-radius:999px;\" xml:space=\"preserve\"><g><path fill=\"#662200\" d=\"M18 14V8h-4v6H8v4h6v6h4v-6h6v-4h-6z\" fill-rule=\"evenodd\"><\/path><\/g><\/svg><\/span><\/a><\/div><\/div>","protected":false},"author":1,"featured_media":0,"parent":507,"menu_order":0,"comment_status":"open","ping_status":"closed","template":"","meta":{"footnotes":""},"class_list":["post-525","page","type-page","status-publish","hentry"],"_links":{"self":[{"href":"http:\/\/tolkien.cz\/index.php?rest_route=\/wp\/v2\/pages\/525","targetHints":{"allow":["GET"]}}],"collection":[{"href":"http:\/\/tolkien.cz\/index.php?rest_route=\/wp\/v2\/pages"}],"about":[{"href":"http:\/\/tolkien.cz\/index.php?rest_route=\/wp\/v2\/types\/page"}],"author":[{"embeddable":true,"href":"http:\/\/tolkien.cz\/index.php?rest_route=\/wp\/v2\/users\/1"}],"replies":[{"embeddable":true,"href":"http:\/\/tolkien.cz\/index.php?rest_route=%2Fwp%2Fv2%2Fcomments&post=525"}],"version-history":[{"count":0,"href":"http:\/\/tolkien.cz\/index.php?rest_route=\/wp\/v2\/pages\/525\/revisions"}],"up":[{"embeddable":true,"href":"http:\/\/tolkien.cz\/index.php?rest_route=\/wp\/v2\/pages\/507"}],"wp:attachment":[{"href":"http:\/\/tolkien.cz\/index.php?rest_route=%2Fwp%2Fv2%2Fmedia&parent=525"}],"curies":[{"name":"wp","href":"https:\/\/api.w.org\/{rel}","templated":true}]}}