{"id":512,"date":"2009-06-11T19:36:07","date_gmt":"2009-06-11T18:36:07","guid":{"rendered":"http:\/\/tolkien.cz\/?page_id=512"},"modified":"2016-08-18T14:04:35","modified_gmt":"2016-08-18T13:04:35","slug":"jrrtolkien-zivot","status":"publish","type":"page","link":"http:\/\/tolkien.cz\/?page_id=512","title":{"rendered":"J.R.R.TOLKIEN"},"content":{"rendered":"<p><font size=\"4\">\u017dIVOT &#8211; V\u00e1lka<\/font><br \/>\n<a href=\"?page_id=507\/#obsah\"><i>zp\u011bt na obsah<\/i><\/a><\/p>\n<p>Vztah s Edith se zat\u00edm vyv\u00edjel zd\u00e1rn\u011b. Tolkien dos\u00e1hl v\u011bku po\u017eadovan\u00e9ho otcem Francisem Morganem, Edith p\u0159estoupila na katolickou v\u00edru a p\u0159est\u011bhovala se zp\u011bt z Cheltenhamu, kde se stala snoubenkou Warwickshiresk\u00e9ho farm\u00e1\u0159e, jeho\u017e, ale pustila k vod\u011b. V srpnu 1914 v\u0161ak vypukla 1. sv\u011btov\u00e1 v\u00e1lka.<br \/>\nNa rozd\u00edl od mnoha vrstevn\u00edk\u016f Tolkien nevstoupil do arm\u00e1dy ihned po vypuknut\u00ed v\u00e1lky, ale vr\u00e1til se do Oxfordu, kde piln\u011b studoval. V t\u00e9to dob\u011b tak\u00e9 pracoval na r\u016fzn\u00fdch b\u00e1snick\u00fdch pokusech a na sv\u00fdch smy\u0161len\u00fdch jazyc\u00edch, zvl\u00e1\u0161t\u011b na jednom, kter\u00fd nazval Quenya, a kter\u00fd byl ovlivn\u011bn\u00fd fin\u0161tinou &#8211; ale je\u0161t\u011b postr\u00e1dal nit mezi jeho \u017eiv\u00fdmi, ale neslu\u010diteln\u00fdmi p\u0159edstavami. V prvn\u00edch b\u00e1sn\u00edch, napodobuj\u00edc\u00edch staroanglickou poezii, se u\u017e v\u0161ak objevuj\u00ed z\u00e1rodky Tolkienovy smy\u0161len\u00e9 mytologie.<br \/>\nTolkien nakonec nastoupil jako podporu\u010d\u00edk k Lancashirsk\u00fdm st\u0159elc\u016fm a mnoho m\u011bs\u00edc\u016f str\u00e1vil nudn\u00fdm <img decoding=\"async\" src=\"data\/tv2.jpg\" align=\"right\">\u010dek\u00e1n\u00edm v Anglii. Pracoval zat\u00edm na my\u0161lence Earendila n\u00e1mo\u0159n\u00edka, kter\u00fd se stal hv\u011bzdou. Kdy\u017e pak p\u0159i\u0161el rozkaz k brzk\u00e9mu nalod\u011bn\u00ed do Francie, Tolkien se s Edith o\u017eenil. Pouze dva t\u00fddny p\u0159ed svatbou si Ronald dodal kur\u00e1\u017e a ozn\u00e1mil otci Francisovi, \u017ee si bude br\u00e1t Edith. Otec Francis byl \u0161\u0165astn\u00fd za oba a s\u00e1m se nab\u00eddl, \u017ee svatebn\u00ed ceremonii povede s\u00e1m v Orato\u0159i, ale nab\u00eddka p\u0159i\u0161la pozd\u011b. Svatba u\u017e byla za\u0159\u00edzena jinde. Ve st\u0159edu 22. b\u0159ezna 1916 byli po rann\u00ed m\u0161i odd\u00e1ni otcem Murphym v \u0159\u00edmsko-katolick\u00e9m kostele sv. Marie Neposkvrn\u011bn\u00e9 ve Warvicku a l\u00edb\u00e1nky str\u00e1vili v Clevendonu.<br \/>\nTolkien byl odvelen na z\u00e1padn\u00ed frontu. Po \u010dty\u0159ech m\u011bs\u00edc\u00edch v z\u00e1kopech podlehl \u201ez\u00e1kopov\u00e9 hore\u010dce\u201c, <img decoding=\"async\" src=\"data\/tv1.jpg\" align=\"left\">jedn\u00e9 z forem tyfu. Byl tedy posl\u00e1n zp\u011bt do Anglie do nemocnice, kde se l\u00e9\u010dil, ale nemoc na n\u011bm zanechala d\u016fsledky a\u017e do konce jeho \u017eivota. B\u011bhem t\u011bchto p\u00e1r m\u011bs\u00edc\u016f byli v\u0161ichni jeho bl\u00edzc\u00ed p\u0159\u00e1tel\u00e9 z \u010c.K.B.S. a\u017e na jednoho zabiti v boji. \u010c\u00e1ste\u010dn\u011b jako pietn\u00ed akt k uct\u011bn\u00ed jejich pam\u00e1tky, ale tak\u00e9 jako pohnutou reakci na vlastn\u00ed v\u00e1le\u010dn\u00e9 zku\u0161enosti, za\u010dal d\u00e1vat sv\u00fdm p\u0159\u00edb\u011bh\u016fm tvar \u201e&#8230;v chatr\u010d\u00edch pln\u00fdch oplzlosti a rouh\u00e1n\u00ed nebo u sv\u011btla sv\u00ed\u010dky, ve stanech tvaru zvonu, \u010di dokonce n\u011bkde dole v podzemn\u00edm krytu pod sko\u0159\u00e1pkou ohn\u011b\u201c. Tyto jeho p\u0159edstavy se rozvinuly do Knihy ztracen\u00fdch p\u0159\u00edb\u011bh\u016f. A\u010d tyto starobyl\u00e9 epick\u00e9 p\u0159\u00edb\u011bhy, tvo\u0159en\u00e9 po vzoru skute\u010dn\u00fdch starov\u011bk\u00fdch mytologi\u00ed, Tolkien za sv\u00e9ho \u017eivota nikdy nepublikoval, pr\u00e1v\u011b ony tvo\u0159\u00ed podhoub\u00ed, ze kter\u00e9ho vyrostl p\u0159\u00edb\u011bh proslul\u00e9ho P\u00e1na prsten\u016f.<br \/>\nKdy\u017e bylo 11. listopadu 1918 podeps\u00e1no p\u0159\u00edm\u011b\u0159\u00ed, Tolkien se ji\u017e za\u010dal poohl\u00ed\u017eet po akademick\u00e9m zam\u011bstn\u00e1n\u00ed a je\u0161t\u011b ne\u017e byl demobilizov\u00e1n, byl ustaven pomocn\u00fdm lexikografem pro p\u0159\u00edpravu nov\u00e9ho anglick\u00e9ho slovn\u00edku. Zat\u00edmco se zab\u00fdval v\u00e1\u017enou jazykov\u011bdnou prac\u00ed s t\u00edm spojenou, prvn\u011b jeden ze sv\u00fdch Ztracen\u00fdch p\u0159\u00edb\u011bh\u016f  p\u0159ednesl ve\u0159ejnosti &#8211; P\u00e1d Gondolinu p\u0159e\u010detl v Esejistick\u00e9m klubu Exetersk\u00e9 koleje, kde byl velmi dob\u0159e p\u0159ijat publikem.<\/p>\n<p><center><img decoding=\"async\" src=\"data\/r1.png\" style=\"border: 0px\"><\/center><br \/>\n<a name=profesor><\/a><br \/>\n<font size=\"4\">\u017dIVOT &#8211; Tolkien univerzitn\u00edm profesorem<\/font><br \/>\n<a href=\"?page_id=507\/#obsah\"><i>zp\u011bt na obsah<\/i><\/a><\/p>\n<p>V l\u00e9t\u011b 1920 Tolkien za\u017e\u00e1dal o post lektora univerzity v Leedsu a ke sv\u00e9mu velk\u00e9mu p\u0159ekvapen\u00ed byl p\u0159ijat. V Leedsu krom\u011b vyu\u010dov\u00e1n\u00ed pokra\u010doval v psan\u00ed a upravov\u00e1n\u00ed sv\u00e9ho mytologick\u00e9ho a legend\u00e1rn\u00edho cyklu a ve vytv\u00e1\u0159en\u00ed smy\u0161len\u00fdch \u201eelfsk\u00fdch\u201c jazyk\u016f. Nav\u00edc zde zalo\u017eil \u201evikingsk\u00fd klub\u201c pro vysoko\u0161kol\u00e1ky zaj\u00edmaj\u00edc\u00ed se hlavn\u011b o \u010dten\u00ed star\u00fdch seversk\u00fdch s\u00e1g v origin\u00e1le a pit\u00ed piva. Pro tento klub p\u016fvodn\u011b s p\u0159\u00edtelem napsali P\u00edsn\u011b pro filology, sm\u011bsici tradi\u010dn\u00edch p\u00edsn\u00ed a origin\u00e1ln\u00ed poezie p\u0159elo\u017een\u00e9 do star\u0161\u00ed angli\u010dtiny, star\u00e9 nor\u0161tiny a g\u00f3t\u0161tiny vhodn\u00e9 k tradi\u010dn\u00edm anglick\u00fdm melodi\u00edm. V Leedsu se tak\u00e9 <img decoding=\"async\" src=\"data\/rodina.jpg\" align=\"right\">Tolkienov\u00fdm narodili t\u0159i synov\u00e9. Kdy\u017e se pak v roce 1925 uvolnila profesura anglosa\u0161tiny v Oxfordu, Tolkien \u00fasp\u011b\u0161n\u011b po\u017e\u00e1dal o tento post.<br \/>\nV Oxfordu byl Tolkien ve sv\u00e9m \u017eivlu. Povahou byl typick\u00fd profesor, pedant a punti\u010dk\u00e1\u0159, a v\u00fdlu\u010dn\u011b mu\u017esk\u00fd sv\u011bt vyu\u010dov\u00e1n\u00ed, v\u00fdzkumu, p\u0159\u00e1telsk\u00fdch v\u00fdm\u011bn n\u00e1zor\u016f a p\u0159\u00edle\u017eitostn\u00e9ho publikov\u00e1n\u00ed mu zcela vyhovoval. Jeho akademick\u00e1 \u010dinnost je v\u0161ak velmi \u0159\u00eddk\u00e1, jednak proto, \u017ee byl ke sv\u00e9mu d\u00edlu p\u0159ehnan\u011b kritick\u00fd, a ne\u017e n\u011bco vydal, mnohokr\u00e1t to p\u0159epsal, a jednak proto, \u017ee mu mnoho \u010dasu zab\u00edralo vyu\u010dov\u00e1n\u00ed, opravov\u00e1n\u00ed p\u00edsemek a v neposledn\u00ed \u0159ad\u011b psan\u00ed d\u00edla beletristick\u00e9ho. Nicm\u00e9n\u011b jeho ojedin\u011bl\u00e9 v\u011bdeck\u00e9 publikace byly n\u011bkdy neoby\u010dejn\u011b vlivn\u00e9, obzvl\u00e1\u0161t\u011b jeho p\u0159edn\u00e1\u0161ka Beowulf, p\u0159\u00ed\u0161ery a kritikov\u00e9, kter\u00e1 vybudila nev\u00eddan\u00fd rozruch nejen mezi studenty. Jeho akademick\u00fd \u017eivot byl jinak sp\u00ed\u0161e nepozoruhodn\u00fd. V Oxfordu vyu\u010doval postgraduanty a pod\u00edlel se na akademick\u00e9 politice a administrativ\u011b a\u017e do roku 1959, kdy ode\u0161el do d\u016fchodu.<br \/>\nJeho rodinn\u00fd \u017eivot byl stejn\u011b p\u0159\u00edm\u00fd. \u017dili klidn\u011b na severooxfordsk\u00e9m p\u0159edm\u011bst\u00ed, kde Edith porodila jejich posledn\u00ed d\u00edt\u011b a jedinou dceru, Priscillu.<img decoding=\"async\" src=\"data\/tch.jpg\" align=\"left\"> Tolkien si zvykl ps\u00e1t d\u011btem ka\u017edoro\u010dn\u011b ilustrovan\u00e9 dopisy jakoby od Je\u017e\u00ed\u0161ka (jejich v\u00fdb\u011br byl pozd\u011bji publikov\u00e1n). Svou fantazii si rozv\u00edjel tak\u00e9 t\u00edm, \u017ee pro d\u011bti vym\u00fd\u0161lel nes\u010detn\u00e9 poh\u00e1dky na dobrou noc. N\u011bkter\u00e9 z nich se rozrostly a byly posmrtn\u011b publikov\u00e1ny (pat\u0159\u00ed sem Sedl\u00e1k Jilj\u00ed z Oujezda, Nimral\u016fv list, Kov\u00e1\u0159 z Velk\u00e9 Lesn\u00e9, Tul\u00e1k Rover a Mr.Bliss) K syn\u016fm m\u011bl Tolkien v\u017edy velmi \u00fazk\u00fd vztah. Pozd\u011bji kr\u00e1\u010deli v jeho \u0161l\u00e9p\u011bj\u00edch. V dosp\u011blosti John vstoupil do kn\u011b\u017esk\u00e9ho stavu, Michael se stal pedagogem a Christopher univerzitn\u00edm profesorem v Oxfordu a p\u0159edn\u00edm \u201etolkienologem\u201c.<br \/>\nTolkien\u016fv spole\u010densk\u00fd \u017eivot m\u011bl v\u0161ak daleko k nev\u00fdznamnosti. Brzy se stal jedn\u00edm ze zakl\u00e1daj\u00edc\u00edch \u010dlen\u016f voln\u00e9ho seskupen\u00ed nazvan\u00e9ho Inklingov\u00e9. N\u00e1zev skupiny se d\u00e1 ch\u00e1pat jako \u017eert &#8211; znamenalo to n\u011bco jako \u201einkous\u0165ata\u201c (tedy lid\u00e9 souvisej\u00edc\u00ed s inkoustem, se psan\u00edm),  m\u016f\u017ee to v\u0161ak znamenat tak\u00e9 \u201etu\u0161itel\u00e9\u201c (odkazuj\u00edc\u00ed snad k tu\u0161en\u00ed duchovn\u00ed podstaty). Do seskupen\u00ed pat\u0159ilo krom\u011b Tolkiena je\u0161t\u011b n\u011bkolik vcelku v\u00fdznamn\u00fdch spisovatel\u016f &#8211; p\u0159edev\u0161\u00edm Tolkien\u016fv nejlep\u0161\u00ed p\u0159\u00edtel Clive Staples Lewis, za jeho\u017e n\u00e1vrat ke k\u0159es\u0165anstv\u00ed byl Tolkien p\u0159inejmen\u0161\u00edm odpov\u011bdn\u00fd. Inklingov\u00e9 se pravideln\u011b setk\u00e1vali za \u00fa\u010delem konverzace, pop\u00edjen\u00ed a \u010dast\u00e9ho p\u0159ed\u010d\u00edt\u00e1n\u00ed ze sv\u00fdch rozpracovan\u00fdch d\u011bl.<\/p>\n<p><center><a href=\"?page_id=522\"> <<< <\/a><b>=3=<\/b><a href=\"?page_id=525\"> >>> <\/a><\/p>\n<p><img decoding=\"async\" src=\"data\/r1.png\" style=\"border: 0px\"><\/center><\/p>\n","protected":false},"excerpt":{"rendered":"<p>\u017dIVOT &#8211; V\u00e1lka zp\u011bt na obsah Vztah s Edith se zat\u00edm vyv\u00edjel zd\u00e1rn\u011b. Tolkien dos\u00e1hl v\u011bku po\u017eadovan\u00e9ho otcem Francisem Morganem, Edith p\u0159estoupila na katolickou v\u00edru a p\u0159est\u011bhovala se zp\u011bt z Cheltenhamu, kde se stala snoubenkou Warwickshiresk\u00e9ho farm\u00e1\u0159e, jeho\u017e, ale pustila k vod\u011b. V srpnu 1914 v\u0161ak vypukla 1. sv\u011btov\u00e1 v\u00e1lka. Na rozd\u00edl od mnoha vrstevn\u00edk\u016f [&hellip;]<\/p>\n<div class='the_champ_sharing_container the_champ_vertical_sharing the_champ_hide_sharing the_champ_bottom_sharing' style='width:49px;left: 20px;top: 200px;-webkit-box-shadow:none;box-shadow:none;' data-super-socializer-href=\"http:\/\/tolkien.cz\/index.php?rest_route=%2Fwp%2Fv2%2Fpages%2F512\"><div class=\"the_champ_sharing_ul\"><a style=\"font-size:24px!important;box-shadow:none;display:inline-block!important;font-size: 16px;padding: 0 4px;vertical-align:middle;display:inline;\" class=\"theChampSharingRound\"><span class=\"the_champ_square_count\">&nbsp;<\/span><div style=\"width:45px;height:45px;border-radius:999px;margin-bottom:9px !important;\" title=\"Total Shares\" class=\"theChampSharing theChampTCBackground\"><\/div><\/a><a aria-label=\"Facebook\" class=\"the_champ_facebook\" href=\"https:\/\/www.facebook.com\/sharer\/sharer.php?u=http%3A%2F%2Ftolkien.cz%2Findex.php%3Frest_route%3D%252Fwp%252Fv2%252Fpages%252F512\" title=\"Facebook\" rel=\"nofollow noopener\" target=\"_blank\" style=\"font-size:24px!important;box-shadow:none;display:inline-block;vertical-align:middle\"><span class=\"the_champ_svg\" style=\"background-color:#0765FE;width:45px;height:45px;border-radius:999px;display:inline-block;opacity:1;float:left;font-size:24px;box-shadow:none;display:inline-block;font-size:16px;padding:0 4px;vertical-align:middle;background-repeat:repeat;overflow:hidden;padding:0;cursor:pointer;box-sizing:content-box\"><svg style=\"display:block;border-radius:999px;\" focusable=\"false\" aria-hidden=\"true\" xmlns=\"http:\/\/www.w3.org\/2000\/svg\" width=\"100%\" height=\"100%\" viewBox=\"0 0 32 32\"><path fill=\"#662200\" d=\"M28 16c0-6.627-5.373-12-12-12S4 9.373 4 16c0 5.628 3.875 10.35 9.101 11.647v-7.98h-2.474V16H13.1v-1.58c0-4.085 1.849-5.978 5.859-5.978.76 0 2.072.15 2.608.298v3.325c-.283-.03-.775-.045-1.386-.045-1.967 0-2.728.745-2.728 2.683V16h3.92l-.673 3.667h-3.247v8.245C23.395 27.195 28 22.135 28 16Z\"><\/path><\/svg><span class=\"the_champ_square_count the_champ_facebook_count\">&nbsp;<\/span><\/span><\/a><a aria-label=\"Vkontakte\" class=\"the_champ_button_vkontakte\" href=\"http:\/\/vkontakte.ru\/share.php?&url=http%3A%2F%2Ftolkien.cz%2Findex.php%3Frest_route%3D%252Fwp%252Fv2%252Fpages%252F512\" title=\"Vkontakte\" rel=\"nofollow noopener\" target=\"_blank\" style=\"font-size:24px!important;box-shadow:none;display:inline-block;vertical-align:middle\"><span class=\"the_champ_svg the_champ_s__default the_champ_s_vkontakte\" style=\"background-color:#0077FF;width:45px;height:45px;border-radius:999px;display:inline-block;opacity:1;float:left;font-size:24px;box-shadow:none;display:inline-block;font-size:16px;padding:0 4px;vertical-align:middle;background-repeat:repeat;overflow:hidden;padding:0;cursor:pointer;box-sizing:content-box\"><svg style=\"display:block;border-radius:999px;\" fill=\"none\" height=\"100%\" width=\"100%\" viewBox=\"0.75 6 46 37\" xmlns=\"http:\/\/www.w3.org\/2000\/svg\"><path d=\"M25.54 34.58c-10.94 0-17.18-7.5-17.44-19.98h5.48c.18 9.16 4.22 13.04 7.42 13.84V14.6h5.16v7.9c3.16-.34 6.48-3.94 7.6-7.9h5.16c-.86 4.88-4.46 8.48-7.02 9.96 2.56 1.2 6.66 4.34 8.22 10.02h-5.68c-1.22-3.8-4.26-6.74-8.28-7.14v7.14z\" fill=\"#662200\"><\/path><\/svg><span class=\"the_champ_square_count the_champ_vkontakte_count\">&nbsp;<\/span><\/span><\/a><a aria-label=\"Twitter\" class=\"the_champ_button_twitter\" href=\"https:\/\/twitter.com\/intent\/tweet?text=Spole%C4%8Dnost%20p%C5%99%C3%A1tel%20d%C3%ADla%20pana%20J.R.R.%20Tolkiena%20-%20Str%C3%A1nky%20pro%20v%C5%A1echny%20milovn%C3%ADky%20St%C5%99edozem%C4%9B&url=http%3A%2F%2Ftolkien.cz%2Findex.php%3Frest_route%3D%252Fwp%252Fv2%252Fpages%252F512\" title=\"Twitter\" rel=\"nofollow noopener\" target=\"_blank\" style=\"font-size:24px!important;box-shadow:none;display:inline-block;vertical-align:middle\"><span class=\"the_champ_svg the_champ_s__default the_champ_s_twitter\" style=\"background-color:#55acee;width:45px;height:45px;border-radius:999px;display:inline-block;opacity:1;float:left;font-size:24px;box-shadow:none;display:inline-block;font-size:16px;padding:0 4px;vertical-align:middle;background-repeat:repeat;overflow:hidden;padding:0;cursor:pointer;box-sizing:content-box\"><svg style=\"display:block;border-radius:999px;\" focusable=\"false\" aria-hidden=\"true\" xmlns=\"http:\/\/www.w3.org\/2000\/svg\" width=\"100%\" height=\"100%\" viewBox=\"-4 -4 39 39\"><path d=\"M28 8.557a9.913 9.913 0 0 1-2.828.775 4.93 4.93 0 0 0 2.166-2.725 9.738 9.738 0 0 1-3.13 1.194 4.92 4.92 0 0 0-3.593-1.55 4.924 4.924 0 0 0-4.794 6.049c-4.09-.21-7.72-2.17-10.15-5.15a4.942 4.942 0 0 0-.665 2.477c0 1.71.87 3.214 2.19 4.1a4.968 4.968 0 0 1-2.23-.616v.06c0 2.39 1.7 4.38 3.952 4.83-.414.115-.85.174-1.297.174-.318 0-.626-.03-.928-.086a4.935 4.935 0 0 0 4.6 3.42 9.893 9.893 0 0 1-6.114 2.107c-.398 0-.79-.023-1.175-.068a13.953 13.953 0 0 0 7.55 2.213c9.056 0 14.01-7.507 14.01-14.013 0-.213-.005-.426-.015-.637.96-.695 1.795-1.56 2.455-2.55z\" fill=\"#662200\"><\/path><\/svg><span class=\"the_champ_square_count the_champ_twitter_count\">&nbsp;<\/span><\/span><\/a><a aria-label=\"Pinterest\" class=\"the_champ_button_pinterest\" href=\"http:\/\/tolkien.cz\/index.php?rest_route=%2Fwp%2Fv2%2Fpages%2F512\" onclick=\"event.preventDefault();javascript:void((function(){var e=document.createElement('script');e.setAttribute('type','text\/javascript');e.setAttribute('charset','UTF-8');e.setAttribute('src','\/\/assets.pinterest.com\/js\/pinmarklet.js?r='+Math.random()*99999999);document.body.appendChild(e)})());\" title=\"Pinterest\" rel=\"noopener\" style=\"font-size:24px!important;box-shadow:none;display:inline-block;vertical-align:middle\"><span class=\"the_champ_svg the_champ_s__default the_champ_s_pinterest\" style=\"background-color:#cc2329;width:45px;height:45px;border-radius:999px;display:inline-block;opacity:1;float:left;font-size:24px;box-shadow:none;display:inline-block;font-size:16px;padding:0 4px;vertical-align:middle;background-repeat:repeat;overflow:hidden;padding:0;cursor:pointer;box-sizing:content-box\"><svg style=\"display:block;border-radius:999px;\" focusable=\"false\" aria-hidden=\"true\" xmlns=\"http:\/\/www.w3.org\/2000\/svg\" width=\"100%\" height=\"100%\" viewBox=\"-2 -2 35 35\"><path fill=\"#662200\" d=\"M16.539 4.5c-6.277 0-9.442 4.5-9.442 8.253 0 2.272.86 4.293 2.705 5.046.303.125.574.005.662-.33.061-.231.205-.816.27-1.06.088-.331.053-.447-.191-.736-.532-.627-.873-1.439-.873-2.591 0-3.338 2.498-6.327 6.505-6.327 3.548 0 5.497 2.168 5.497 5.062 0 3.81-1.686 7.025-4.188 7.025-1.382 0-2.416-1.142-2.085-2.545.397-1.674 1.166-3.48 1.166-4.689 0-1.081-.581-1.983-1.782-1.983-1.413 0-2.548 1.462-2.548 3.419 0 1.247.421 2.091.421 2.091l-1.699 7.199c-.505 2.137-.076 4.755-.039 5.019.021.158.223.196.314.077.13-.17 1.813-2.247 2.384-4.324.162-.587.929-3.631.929-3.631.46.876 1.801 1.646 3.227 1.646 4.247 0 7.128-3.871 7.128-9.053.003-3.918-3.317-7.568-8.361-7.568z\"\/><\/svg><span class=\"the_champ_square_count the_champ_pinterest_count\">&nbsp;<\/span><\/span><\/a><a aria-label=\"Tumblr\" class=\"the_champ_button_tumblr\" href=\"https:\/\/www.tumblr.com\/widgets\/share\/tool?posttype=link&canonicalUrl=http%3A%2F%2Ftolkien.cz%2Findex.php%3Frest_route%3D%252Fwp%252Fv2%252Fpages%252F512&title=Spole%C4%8Dnost%20p%C5%99%C3%A1tel%20d%C3%ADla%20pana%20J.R.R.%20Tolkiena%20-%20Str%C3%A1nky%20pro%20v%C5%A1echny%20milovn%C3%ADky%20St%C5%99edozem%C4%9B&caption=\" title=\"Tumblr\" rel=\"nofollow noopener\" target=\"_blank\" style=\"font-size:24px!important;box-shadow:none;display:inline-block;vertical-align:middle\"><span class=\"the_champ_svg athe_champ_s__default the_champ_s_tumblr\" style=\"background-color:#29435d;width:45px;height:45px;border-radius:999px;display:inline-block;opacity:1;float:left;font-size:24px;box-shadow:none;display:inline-block;font-size:16px;padding:0 4px;vertical-align:middle;background-repeat:repeat;overflow:hidden;padding:0;cursor:pointer;box-sizing:content-box\"><svg style=\"display:block;border-radius:999px;\" focusable=\"false\" aria-hidden=\"true\" xmlns=\"http:\/\/www.w3.org\/2000\/svg\" width=\"100%\" height=\"100%\" viewBox=\"-2 -2 36 36\"><path fill=\"#662200\" d=\"M20.775 21.962c-.37.177-1.08.33-1.61.345-1.598.043-1.907-1.122-1.92-1.968v-6.217h4.007V11.1H17.26V6.02h-2.925s-.132.044-.144.15c-.17 1.556-.895 4.287-3.923 5.378v2.578h2.02v6.522c0 2.232 1.647 5.404 5.994 5.33 1.467-.025 3.096-.64 3.456-1.17l-.96-2.846z\"\/><\/svg><span class=\"the_champ_square_count the_champ_tumblr_count\">&nbsp;<\/span><\/span><\/a><a class=\"the_champ_more\" title=\"More\" rel=\"nofollow noopener\" style=\"font-size:24px!important;border:0;box-shadow:none;display:inline-block!important;font-size:16px;padding:0 4px;vertical-align: middle;display:inline;\" href=\"http:\/\/tolkien.cz\/index.php?rest_route=%2Fwp%2Fv2%2Fpages%2F512\" onclick=\"event.preventDefault()\"><span class=\"the_champ_square_count\">&nbsp;<\/span><span class=\"the_champ_svg\" style=\"background-color:#ee8e2d;width:45px;height:45px;border-radius:999px;display:inline-block!important;opacity:1;float:left;font-size:32px!important;box-shadow:none;display:inline-block;font-size:16px;padding:0 4px;vertical-align:middle;display:inline;background-repeat:repeat;overflow:hidden;padding:0;cursor:pointer;box-sizing:content-box;\" onclick=\"theChampMoreSharingPopup(this, 'http:\/\/tolkien.cz\/index.php?rest_route=%2Fwp%2Fv2%2Fpages%2F512', 'Spole%C4%8Dnost%20p%C5%99%C3%A1tel%20d%C3%ADla%20pana%20J.R.R.%20Tolkiena%20-%20Str%C3%A1nky%20pro%20v%C5%A1echny%20milovn%C3%ADky%20St%C5%99edozem%C4%9B', '' )\"><svg xmlns=\"http:\/\/www.w3.org\/2000\/svg\" xmlns:xlink=\"http:\/\/www.w3.org\/1999\/xlink\" viewBox=\"-.3 0 32 32\" version=\"1.1\" width=\"100%\" height=\"100%\" style=\"display:block;border-radius:999px;\" xml:space=\"preserve\"><g><path fill=\"#662200\" d=\"M18 14V8h-4v6H8v4h6v6h4v-6h6v-4h-6z\" fill-rule=\"evenodd\"><\/path><\/g><\/svg><\/span><\/a><\/div><\/div>","protected":false},"author":1,"featured_media":0,"parent":507,"menu_order":0,"comment_status":"closed","ping_status":"closed","template":"","meta":{"footnotes":""},"class_list":["post-512","page","type-page","status-publish","hentry"],"_links":{"self":[{"href":"http:\/\/tolkien.cz\/index.php?rest_route=\/wp\/v2\/pages\/512","targetHints":{"allow":["GET"]}}],"collection":[{"href":"http:\/\/tolkien.cz\/index.php?rest_route=\/wp\/v2\/pages"}],"about":[{"href":"http:\/\/tolkien.cz\/index.php?rest_route=\/wp\/v2\/types\/page"}],"author":[{"embeddable":true,"href":"http:\/\/tolkien.cz\/index.php?rest_route=\/wp\/v2\/users\/1"}],"replies":[{"embeddable":true,"href":"http:\/\/tolkien.cz\/index.php?rest_route=%2Fwp%2Fv2%2Fcomments&post=512"}],"version-history":[{"count":0,"href":"http:\/\/tolkien.cz\/index.php?rest_route=\/wp\/v2\/pages\/512\/revisions"}],"up":[{"embeddable":true,"href":"http:\/\/tolkien.cz\/index.php?rest_route=\/wp\/v2\/pages\/507"}],"wp:attachment":[{"href":"http:\/\/tolkien.cz\/index.php?rest_route=%2Fwp%2Fv2%2Fmedia&parent=512"}],"curies":[{"name":"wp","href":"https:\/\/api.w.org\/{rel}","templated":true}]}}