{"id":467,"date":"2009-02-19T18:17:14","date_gmt":"2009-02-19T17:17:14","guid":{"rendered":"http:\/\/tolkien.cz\/?page_id=467"},"modified":"2019-01-09T15:50:08","modified_gmt":"2019-01-09T14:50:08","slug":"rozcestnik","status":"publish","type":"page","link":"http:\/\/tolkien.cz\/?page_id=467","title":{"rendered":"Odkazy"},"content":{"rendered":"<p><a name=\"obsah\"><\/a><br \/>\n<a href=\"#hudba\">HUDBA<\/a><br \/>\n<a href=\"#info\">INFORMACE<\/a><br \/>\n<a href=\"#blogy\">BLOGY<\/a><br \/>\n<a href=\"#rec\">JAZYKY ST\u0158EDOZEM\u011a<\/a><br \/>\n<a href=\"#fan\">LITERATURA<\/a><br \/>\n<a href=\"#zpravy\">ZPRAVODAJSTV\u00cd<\/a><br \/>\n<a href=\"#hry\">HRY<\/a><br \/>\n<a href=\"#ang\">CIZOJAZY\u010cN\u00c9 STR\u00c1NKY<\/a><br \/>\n<a href=\"#ban\">BANNERY<\/a><\/p>\n<hr \/>\n<hr \/>\n<p><span style=\"color: #c97e00; font-size: large;\"><a name=\"hudba\"><\/a>HUDBA<\/span> &#8211; <a href=\"#obsah\"><em>zp\u011bt na obsah<\/em><\/a><\/p>\n<p><a href=\"http:\/\/fs.ulmus.cz\">FALE\u0160N\u00c9 SPOLE\u010cENSTVO<\/a><br \/>\n<em>Zp\u011bvn\u00edk, fotogalerie a n\u011bkolik m\u00e1lo videouk\u00e1zek z vystoupen\u00ed.<\/em><\/p>\n<p><a href=\"http:\/\/www.pisnezlarpu.wz.cz\/index2.htm\">P\u00cdSN\u011a Z LARP\u016e<\/a><br \/>\n<em>Obrovsk\u00e1 spousta text\u016f v mnoha p\u0159\u00edpadech dopln\u011bn\u00e1 i nahr\u00e1vkami mp3 nejr\u016fzn\u011bj\u0161\u00edch p\u00edsni\u010dek a vy\u0159v\u00e1va\u010dek popul\u00e1rn\u00edch na LARPech a D\u0159ev\u00e1rn\u00e1ch<\/em><\/p>\n<p><a href=\"http:\/\/pisnestredozeme.cz\/\">P\u00cdSN\u011a ST\u0158EDOZEM\u011a<\/a><br \/>\n<em>Mnoho kvalitn\u00edch nahr\u00e1vek p\u00edsn\u00ed s tolkienovskou t\u00e9matikou, v\u010detn\u011b text\u016f v pdf.<\/em><\/p>\n<p><a href=\"http:\/\/laeg.cz\/\">FANTASY FOLK<\/a><br \/>\n<em>Str\u00e1nka elf\u00edho barda Laega Mortemira s jeho fantasy tvorbou.<\/em><\/p>\n<p><a href=\"https:\/\/www.radiorivendell.com\/\">R\u00c1DIO RIVENDELL<\/a><br \/>\n<em>R\u00e1dio s fantasy t\u00e9matikou. Informace o p\u00edsni\u010dk\u00e1ch i p\u00edsni\u010dky samotn\u00e9.<\/em><\/p>\n<hr \/>\n<hr \/>\n<p><span style=\"color: #c97e00; font-size: large;\"><a name=\"info\"><\/a>INFORMACE<\/span> &#8211; <a href=\"#obsah\"><em>zp\u011bt na obsah<\/em><\/a><\/p>\n<p><a href=\"http:\/\/www.forum.snaga.cz\">BOT-SK\u0158ET\u00cd A TROL\u00cd SV\u011aT<\/a><br \/>\n<em>Velmi aktivn\u00ed f\u00f3rum kolem v\u0161eho co se t\u00fdk\u00e1 temn\u00e9 strany v P\u00e1nu Prsten\u016f<\/em><\/p>\n<p><a href=\"http:\/\/jrr_tolkien.tripod.com\/index.htm\">JEREMI\u016eV TOLKIEN<\/a><br \/>\n<em>Mnoho informac\u00ed o St\u0159edozemi.<\/em><\/p>\n<p><a href=\"http:\/\/www.tolkien.sk\">SPOLO\u010cENSTVO TOLKIENA<\/a><br \/>\n<em>Str\u00e1nky slovensk\u00fdch p\u0159\u00edznivc\u016f d\u00edla JRRT.<\/em><\/p>\n<p><a href=\"http:\/\/www.angrenost.cz\/endor\/angrenost.php\">ANGRENOST<\/a><br \/>\n<em>F\u00f3rum,rozs\u00e1hl\u00e1 encyklopedie. Automatick\u00fd p\u0159eklada\u010d z a do elf\u0161tiny. Galerie, mno\u017estv\u00ed informac\u00ed.<\/em><\/p>\n<p><a href=\"https:\/\/cs.wikipedia.org\/wiki\/Port%C3%A1l:Tolkien\">WIKIPEDIE<\/a><br \/>\n<em>Port\u00e1l o St\u0159edozemi na wikipedii.<\/em><\/p>\n<p><a href=\"http:\/\/fantasy-scifi.net\/taverna\/taverna.php\/\">FANTASY A SCI-FI<\/a><br \/>\n<em>Kecac\u00ed forum Taverna.<\/em><\/p>\n<hr \/>\n<hr \/>\n<p><span style=\"color: #c97e00; font-size: large;\"><a name=\"blogy\"><\/a>BLOGY<\/span> &#8211; <a href=\"#obsah\"><em>zp\u011bt na obsah<\/em><\/a><\/p>\n<p><a href=\"http:\/\/mittalmar.blog.cz\/\">MITTALMAR<\/a><br \/>\n<em>Hobit\u00ed blog nejen o hobitech.<\/em><\/p>\n<p><a href=\"http:\/\/cinealton.blog.cz\/\">CINEALTON<\/a><br \/>\n<em>N\u00e1dhern\u00e9 akvarely a dal\u0161\u00ed v\u011bci souvisej\u00edc\u00ed s kouzeln\u00fdm sv\u011btem J.R.R.Tolkiena<\/em><\/p>\n<p><a href=\"http:\/\/aredhelbila.blog.cz\/\">AREDHELINY POV\u00cdDKY A B\u00c1SN\u011a<\/a><br \/>\n<em>Pov\u00eddky a b\u00e1sn\u011b jedn\u00e9 Noldorsk\u00e9 elfky.<\/em><\/p>\n<p><a href=\"http:\/\/ernil-i-pheriannath.blog.cz\/\">ERNIL-I-PHERIANNATH<\/a><br \/>\n<em>Galerie, informace, Tajn\u00e9 den\u00ed\u010dky, v\u00fduka elf\u0161tiny a dal\u0161\u00ed.<\/em><\/p>\n<p><a href=\"http:\/\/svet-stredozeme.blog.cz\/\">SV\u011aT ST\u0158EDOZEM\u011a<\/a><br \/>\n<em>Info a dal\u0161\u00ed v\u011bci, zejm\u00e9na ohledn\u011b jednotliv\u00fdch postav z Tolkienov\u00fdch d\u011bl.<\/em><\/p>\n<p><a href=\"http:\/\/anekron.blog.cz\/\">ANEKRON 2<\/a><br \/>\n<em>Blog pln\u00fd pov\u00eddek.<\/em><\/p>\n<p><a href=\"http:\/\/tolkien-maenas.blog.cz\/\">MINAS MAENAS<\/a><br \/>\n<em>Blog zam\u011b\u0159en\u00fd na tvorbu inspirovanou Tolkienov\u00fdm d\u00edlem. Vznikaj\u00edc\u00ed velk\u00e1 galerie a B\u00edl\u00e1 V\u011b\u017e um\u011bn\u00ed, shroma\u017e\u010fuj\u00edc\u00ed \u010desk\u00e9 tolkienovsk\u00e9 um\u011blce.<\/em><\/p>\n<hr \/>\n<hr \/>\n<p><span style=\"color: #c97e00; font-size: large;\"><a name=\"rec\"><\/a>JAZYKY ST\u0158EDOZEM\u011a<\/span> &#8211; <a href=\"#obsah\"><em>zp\u011bt na obsah<\/em><\/a><\/p>\n<p><a href=\"http:\/\/www.angrenost.cz\/endor\/slovnik.php\">AUTOMATICK\u00dd P\u0158EKLADA\u010c<\/a><br \/>\n<em>Automatick\u00fd p\u0159eklada\u010d z a do elf\u0161tiny<\/em><\/p>\n<p><a href=\"http:\/\/quenyalambe.bluefile.cz\/\">QANYALAMBE<\/a><br \/>\n<em>Nejaktu\u00e1ln\u011bj\u0161\u00ed verze Elf\u00edch slovn\u00edk\u016f, snad&#8230;<\/em><\/p>\n<p><a href=\"http:\/\/www.tepelgurth.wz.cz\/slovnik\/slovnik2.html\">SLOVN\u00cdK \u010cERN\u00c9 \u0158E\u010cI<\/a><br \/>\n<em>Slovn\u00ed\u010dek temn\u00e9 \u0159e\u010di. Pravidla pravopisu.<\/em><\/p>\n<p><a href=\"http:\/\/www.vanimaundome.websnadno.cz\/Zaklady_Quenya.html\">Z\u00c1KLADY ELF\u0160TINY<\/a><br \/>\n<em>Z\u00e1klady quenya a pravidla pravopisu. Jak se nau\u010dit elf\u0161tinu z\u00e1kladn\u00ed lekce.<\/em><\/p>\n<p><a href=\"http:\/\/tengwar.szm.sk\/ct\/index.html\">\u010cESK\u00c9 TENGWAR<\/a><br \/>\n<em>P\u011bkn\u011b a pochopiteln\u011b vysv\u011btlen\u00e9 z\u00e1klady v\u00fdlovnosti a psan\u00ed elf\u0161tiny.<\/em><\/p>\n<p><a href=\"http:\/\/fmss.wz.cz\">P\u0158EKLAD ARDALAMBIONU.<\/a><br \/>\n<em>\u010c\u00e1ste\u010dn\u00fd p\u0159eklad ardalambionu do \u010de\u0161tiny<\/em><\/p>\n<p><a href=\"http:\/\/linux.fjfi.cvut.cz\/~nemec\/tengwar\/download\/index.php\">YATT<\/a><br \/>\n<em>Softv\u00e1re na p\u0159evod latinky do tengwar.<\/em><\/p>\n<hr \/>\n<hr \/>\n<p><span style=\"color: #c97e00; font-size: large;\"><a name=\"fan\"><\/a>LITERATURA<\/span> &#8211; <a href=\"#obsah\"><em>zp\u011bt na obsah<\/em><\/a><\/p>\n<p><a href=\"http:\/\/laisifinwen.wz.cz\">LAISI FINWEN<\/a><br \/>\n<em>FanFiction, rom\u00e1n D\u00edt\u011b lesa ke sta\u017een\u00ed, slovn\u00edky.<\/em><\/p>\n<p><a href=\"http:\/\/galadwen.wz.cz\">GALADWENINY STR\u00c1NKY<\/a><br \/>\n<em>Mno\u017estv\u00ed podkladu, a p\u0159eklad\u016f v\u010detn\u011b p\u0159ekladu rom\u00e1nov\u00e9ho pokra\u010dov\u00e1n\u00ed P\u00e1na Prsten\u016f z rukou rusk\u00e9 autorky Olgy Briljev, pojmenovan\u00e9m Na druhou stranu \u00fasvitu.<\/em><\/p>\n<p><a href=\"http:\/\/balu.szm.sk\">RABIT<\/a><br \/>\n<em>\u00datl\u00e1 novela, parodie na Hobita aneb jak to bylo doopravdy.<\/em><\/p>\n<p><a href=\"http:\/\/www.tolkien.sk\/index.php?c=fa\">ATHELAS<\/a><br \/>\n<em>Ofici\u00e1ln\u00ed \u010dasopis slovensk\u00e9ho Spolo\u010denstva Tolkiena.<\/em><\/p>\n<hr \/>\n<hr \/>\n<p><span style=\"color: #c97e00; font-size: large;\"><a name=\"zpravy\"><\/a>ZPRAVODAJSTV\u00cd<\/span> &#8211; <a href=\"#obsah\"><em>zp\u011bt na obsah<\/em><\/a><\/p>\n<p><a href=\"http:\/\/www.fantazeen.bluefile.cz\/\">FANTAZEEN<\/a><br \/>\n<em>V\u0161e okolo fantasy. Rozhovory, pov\u00eddky, akce a novinky.<br \/>\n<\/em><\/p>\n<p><a href=\"http:\/\/neviditelnypes.lidovky.cz\/p_scifi.asp\">SARDEN<\/a><br \/>\n<em>Denn\u00ed zpravodajstv\u00ed ze sv\u011bta scifi a fantasy<\/em><\/p>\n<p><a href=\"http:\/\/www.fantasyplanet.cz\">FANTASY PLANET<\/a><br \/>\n<em>Informace o nov\u00fdch knih\u00e1ch, filmech hudb\u011b .. a v\u0161em d\u011bn\u00ed okolo Fantasy a scifi.<\/em><\/p>\n<p><a href=\"http:\/\/www.sff.cz\">SFF RING<\/a><br \/>\n<em>Odkazy na spoustu dal\u0161\u00edch str\u00e1nek zab\u00fdvaj\u00edc\u00edch se Fantasy a Sci-fi<\/em><\/p>\n<hr \/>\n<hr \/>\n<p><span style=\"color: #c97e00; font-size: large;\"><a name=\"hry\"><\/a>HRY<\/span> &#8211; <a href=\"#obsah\"><em>zp\u011bt na obsah<\/em><\/a><\/p>\n<p><a href=\"http:\/\/www.immortalfighters.net\">IMMORTAL FIGHTERS<\/a><br \/>\n<em>Hern\u00ed web kde si mu\u017eete zahrat online &#8222;dra\u010d\u00e1k&#8220;.<\/em><\/p>\n<hr \/>\n<hr \/>\n<hr \/>\n<hr \/>\n<p><span style=\"color: #c97e00; font-size: large;\"><a name=\"ang\"><\/a>CIZOJAZY\u010cN\u00c9 STR\u00c1NKY<\/span> &#8211; <a href=\"#obsah\"><em>zp\u011bt na obsah<\/em><\/a><\/p>\n<p><a href=\"http:\/\/folk.uib.no\/hnohf\/index.htm\">ARDALAMBION<\/a><br \/>\n<em>Jazyky na Ard\u011b.<\/em><\/p>\n<p><a href=\"http:\/\/www.tolkien.ru\/texts\/eng\">ONLINE KNIHOVNA<\/a><br \/>\n<em>N\u011bkter\u00e9 u n\u00e1s nevydan\u00e9 knihy ke sta\u017een\u00ed v angli\u010dtin\u011b.<br \/>\nHeslo i login je stejn\u00e9 a absurdn\u011b z\u0159ejm\u00e9 ;-)<\/em><\/p>\n<p><a href=\"http:\/\/tolkiengateway.net\/wiki\/Main_Page\">TOLKIEN GATEWAY<\/a><br \/>\n<em>Obs\u00e1hl\u00e1 online enciklopedie<\/em><\/p>\n<p><a href=\"http:\/\/www.glyphweb.com\/arda\/default.asp\">ENCYKLOPEDIE ARDY<\/a><br \/>\n<em>Online encyklopedie<\/em><\/p>\n<p><a href=\"http:\/\/www.annalsofarda.dk\">DAL\u0160\u00cd ENCYKLOPEDIE ARDY<\/a><br \/>\n<em>Online enciklopedie<\/em><\/p>\n<p><a href=\"http:\/\/www.theonering.net\">THE ONE RING &#8211; ZPRAVODAJSTV\u00cd.<\/a><br \/>\n<em>Denn\u011b aktualizovan\u00e1 str\u00e1nka pln\u00e1 zpr\u00e1v a novinek o filmu, literatu\u0159e a dal\u0161\u00edm kolem J.R.R.Tolkiena.<\/em><\/p>\n<p><a href=\"http:\/\/www.tolkiensociety.org\">TOLKIEN SOCIETY<\/a><br \/>\n<em>Anglick\u00e1 a mezin\u00e1rodn\u00ed spole\u010dnost p\u0159\u00e1tel JRRT<\/em><\/p>\n<p><a href=\"http:\/\/www.thelandofshadow.com\">MORDOR &#8211; ZEM\u011a ST\u00cdNU<\/a><br \/>\n<em>Skvele graficky proveden\u00e1 str\u00e1nka se spoustou interaktivn\u00edch map, obraz\u016f ale i informac\u00ed. Zam\u011b\u0159eno na temnou stranu v P\u00e1nu Prsten\u016f.<\/em><\/p>\n<p><a href=\"http:\/\/www.tednasmith.com\">TED NASMITH<\/a><br \/>\n<em>Str\u00e1nka zn\u00e1m\u00e9ho ilustr\u00e1tora z tolkienova sv\u011bta, spousta skv\u011bl\u00fdch obraz\u016f a n\u011bkolik uk\u00e1zek hudby.<\/em><\/p>\n<p><a href=\"http:\/\/www.elvish.org\/gwaith\">GWAITH-I-PHETHDAIN<\/a><br \/>\n<em>Mnoho informaci o jazyku, mnoho v\u011bc\u00ed ke sta\u017een\u00ed.<\/em><\/p>\n<p><a href=\"http:\/\/www.elvish.org\">MYTHOPOETIC SOCIETY<\/a><br \/>\n<em>Jazykov\u00e9 informace o elf\u0161tin\u011b.<\/em><\/p>\n<p><a href=\"http:\/\/www.omentielva.com\">INTERNATIONAL CONFERENCE ON JRRT LANGUAGES<\/a><br \/>\n<em>Mezin\u00e1rodn\u00ed konference o jazyc\u00edch vytvo\u0159en\u00fdch JRRT.<\/em><\/p>\n<p><a href=\"http:\/\/www.acondia.com\/fonts\">FONTY OD DAN SMITH<\/a><br \/>\n<em>Fonty k psan\u00ed v r\u016fzn\u00fdch p\u00edsmech z P\u00e1na Prsten\u016f<\/em><\/p>\n<p><a href=\"http:\/\/tengwar.art.pl\/tengwar\">TENGWAR<\/a><br \/>\n<em>Mnoho Font\u016f, programy na psan\u00ed p\u0159eklad a transkripci, slovn\u00edk.<\/em><\/p>\n<p><a href=\"http:\/\/www.councilofelrond.com\">COUNCIL OF ELROND<\/a><br \/>\n<em>Str\u00e1nky se spoustou obr\u00e1zk\u016f, font\u016f, gener\u00e1tor elf\u00edch jmen, Informac\u00edch o Jazyc\u00edch&#8230;<\/em><\/p>\n<p><a href=\"http:\/\/www.science-and-fiction.org\/\">PARMA TYELPELASSIVA<\/a><br \/>\n<em>Elf\u00ed \u0159e\u010di a p\u00edsma, u\u010debnice ke sta\u017een\u00ed.<\/em><\/p>\n<p><a href=\"http:\/\/at.mansbjorkman.net\">AMANYE TANCELI<\/a><br \/>\n<em>Tengwar, fonty, kaligrafie, p\u00edsmo.<\/em><\/p>\n<p><a href=\"http:\/\/lotr.wikia.com\/wiki\/Main_Page\">WIKIA<\/a><br \/>\n<em>The One Wiki to Rule Them All<\/em><\/p>\n<p><a href=\"http:\/\/www.cep.unt.edu\/bree.html\">BEYOND BREE<\/a><br \/>\n<em>Anglick\u00fd tolkienistick\u00fd \u010dasopis.<\/em><\/p>\n<p><a href=\"http:\/\/www.jrrvf.com\/~glaemscrafu\/english\/glaemscribe.html\">GLAEMSCRAFU<\/a><br \/>\n<em>Skv\u011bl\u00e1 str\u00e1nka pro u\u010den\u00ed v\u00fdslovnosti elfsk\u00fdch ale i jin\u00fdch jazyk\u016f. Nal\u00e9zt zde m\u016f\u017eete seznamy v\u0161ech Tolkienov\u00fdch a je\u0161t\u011b jin\u00fdch dal\u0161\u00edch jazyk\u016f i s uk\u00e1zkami v\u00fdslovnosti.<\/em><\/p>\n<p><a href=\"http:\/\/lotrproject.com\/\">LORD OF THE RINGS PROJECT<\/a><br \/>\n<em>Mapy, timeline, statistika a spousta u\u010den\u00e9ho \u010dten\u00ed o St\u0159edozemi.<\/em><\/p>\n<hr \/>\n<hr \/>\n<hr \/>\n<hr \/>\n<p><span style=\"color: #c97e00; font-size: large;\"><a name=\"ban\"><\/a>BANNERY<\/span> &#8211; <a href=\"#obsah\"><em>zp\u011bt na obsah<\/em><\/a><\/p>\n<table border=\"0\" cellpadding=\"3\">\n<tbody>\n<tr>\n<td><a href=\"http:\/\/www.laeg.cz\/\"><img loading=\"lazy\" decoding=\"async\" src=\"http:\/\/www.laeg.cz\/uploads\/images\/banner.jpg\" alt=\"Elf\u00ed bard Laeg\" width=\"88\" height=\"31\" \/><\/a><\/td>\n<td><a href=\"http:\/\/www.fantazeen.bluefile.cz\/\"><img decoding=\"async\" src=\"http:\/\/www.fantazeen.bluefile.cz\/obr\/m_fan_bann.png\" alt=\"\" \/><\/a><\/td>\n<td><a href=\"http:\/\/www.tolkien.sk\/\"><img loading=\"lazy\" decoding=\"async\" src=\"http:\/\/www.tolkien.sk\/download\/banners\/banner_88x31.gif\" alt=\"Tolkien.sk\" width=\"88\" height=\"31\" \/><\/a><\/td>\n<\/tr>\n<tr>\n<td><a href=\"http:\/\/pisnestredozeme.cz\/home\"><img decoding=\"async\" src=\"http:\/\/pisnestredozeme.cz\/uploads\/images\/PSbanner120x60.png\" alt=\"p\u00edsn\u011b st\u0159edozem\u011b\" \/><\/a><\/td>\n<td><a href=\"http:\/\/www.angrenost.cz\/angrenost.php\"><img loading=\"lazy\" decoding=\"async\" src=\"http:\/\/www.angrenost.cz\/bannery\/button1-s.gif\" alt=\"Angrenost\" width=\"120\" height=\"90\" \/><\/a><\/td>\n<td><a href=\"http:\/\/www.fantazeen.bluefile.cz\/kalendar-conu\/\"><img decoding=\"async\" src=\"http:\/\/www.fantazeen.bluefile.cz\/k_banner\/v2.png\" alt=\"kalend\u00e1\u0159 con\u016f\" \/><\/a><\/td>\n<\/tr>\n<tr>\n<td><a href=\"https:\/\/terkablastikova.wixsite.com\/booksemblogtam\"><img loading=\"lazy\" decoding=\"async\" src=\"http:\/\/www.fantazeen.bluefile.cz\/ssss.gif\" alt=\"book sem blog tam\" width=\"88\" height=\"31\" \/><\/a><\/td>\n<td><\/td>\n<td><\/td>\n<\/tr>\n<tr>\n<td><\/td>\n<td><\/td>\n<td><\/td>\n<\/tr>\n<\/tbody>\n<\/table>\n<p><a href=\"http:\/\/www.angrenost.cz\" target=\"_blank\"><br \/>\n<\/a><\/p>\n","protected":false},"excerpt":{"rendered":"<p>HUDBA INFORMACE BLOGY JAZYKY ST\u0158EDOZEM\u011a LITERATURA ZPRAVODAJSTV\u00cd HRY CIZOJAZY\u010cN\u00c9 STR\u00c1NKY BANNERY HUDBA &#8211; zp\u011bt na obsah FALE\u0160N\u00c9 SPOLE\u010cENSTVO Zp\u011bvn\u00edk, fotogalerie a n\u011bkolik m\u00e1lo videouk\u00e1zek z vystoupen\u00ed. P\u00cdSN\u011a Z LARP\u016e Obrovsk\u00e1 spousta text\u016f v mnoha p\u0159\u00edpadech dopln\u011bn\u00e1 i nahr\u00e1vkami mp3 nejr\u016fzn\u011bj\u0161\u00edch p\u00edsni\u010dek a vy\u0159v\u00e1va\u010dek popul\u00e1rn\u00edch na LARPech a D\u0159ev\u00e1rn\u00e1ch P\u00cdSN\u011a ST\u0158EDOZEM\u011a Mnoho kvalitn\u00edch nahr\u00e1vek p\u00edsn\u00ed s [&hellip;]<\/p>\n<div class='the_champ_sharing_container the_champ_vertical_sharing the_champ_hide_sharing the_champ_bottom_sharing' style='width:49px;left: 20px;top: 200px;-webkit-box-shadow:none;box-shadow:none;' data-super-socializer-href=\"http:\/\/tolkien.cz\/index.php?rest_route=%2Fwp%2Fv2%2Fpages%2F467\"><div class=\"the_champ_sharing_ul\"><a style=\"font-size:24px!important;box-shadow:none;display:inline-block!important;font-size: 16px;padding: 0 4px;vertical-align:middle;display:inline;\" class=\"theChampSharingRound\"><span class=\"the_champ_square_count\">&nbsp;<\/span><div style=\"width:45px;height:45px;border-radius:999px;margin-bottom:9px !important;\" title=\"Total Shares\" class=\"theChampSharing theChampTCBackground\"><\/div><\/a><a aria-label=\"Facebook\" class=\"the_champ_facebook\" href=\"https:\/\/www.facebook.com\/sharer\/sharer.php?u=http%3A%2F%2Ftolkien.cz%2Findex.php%3Frest_route%3D%252Fwp%252Fv2%252Fpages%252F467\" title=\"Facebook\" rel=\"nofollow noopener\" target=\"_blank\" style=\"font-size:24px!important;box-shadow:none;display:inline-block;vertical-align:middle\"><span class=\"the_champ_svg\" style=\"background-color:#0765FE;width:45px;height:45px;border-radius:999px;display:inline-block;opacity:1;float:left;font-size:24px;box-shadow:none;display:inline-block;font-size:16px;padding:0 4px;vertical-align:middle;background-repeat:repeat;overflow:hidden;padding:0;cursor:pointer;box-sizing:content-box\"><svg style=\"display:block;border-radius:999px;\" focusable=\"false\" aria-hidden=\"true\" xmlns=\"http:\/\/www.w3.org\/2000\/svg\" width=\"100%\" height=\"100%\" viewBox=\"0 0 32 32\"><path fill=\"#662200\" d=\"M28 16c0-6.627-5.373-12-12-12S4 9.373 4 16c0 5.628 3.875 10.35 9.101 11.647v-7.98h-2.474V16H13.1v-1.58c0-4.085 1.849-5.978 5.859-5.978.76 0 2.072.15 2.608.298v3.325c-.283-.03-.775-.045-1.386-.045-1.967 0-2.728.745-2.728 2.683V16h3.92l-.673 3.667h-3.247v8.245C23.395 27.195 28 22.135 28 16Z\"><\/path><\/svg><span class=\"the_champ_square_count the_champ_facebook_count\">&nbsp;<\/span><\/span><\/a><a aria-label=\"Vkontakte\" class=\"the_champ_button_vkontakte\" href=\"http:\/\/vkontakte.ru\/share.php?&url=http%3A%2F%2Ftolkien.cz%2Findex.php%3Frest_route%3D%252Fwp%252Fv2%252Fpages%252F467\" title=\"Vkontakte\" rel=\"nofollow noopener\" target=\"_blank\" style=\"font-size:24px!important;box-shadow:none;display:inline-block;vertical-align:middle\"><span class=\"the_champ_svg the_champ_s__default the_champ_s_vkontakte\" style=\"background-color:#0077FF;width:45px;height:45px;border-radius:999px;display:inline-block;opacity:1;float:left;font-size:24px;box-shadow:none;display:inline-block;font-size:16px;padding:0 4px;vertical-align:middle;background-repeat:repeat;overflow:hidden;padding:0;cursor:pointer;box-sizing:content-box\"><svg style=\"display:block;border-radius:999px;\" fill=\"none\" height=\"100%\" width=\"100%\" viewBox=\"0.75 6 46 37\" xmlns=\"http:\/\/www.w3.org\/2000\/svg\"><path d=\"M25.54 34.58c-10.94 0-17.18-7.5-17.44-19.98h5.48c.18 9.16 4.22 13.04 7.42 13.84V14.6h5.16v7.9c3.16-.34 6.48-3.94 7.6-7.9h5.16c-.86 4.88-4.46 8.48-7.02 9.96 2.56 1.2 6.66 4.34 8.22 10.02h-5.68c-1.22-3.8-4.26-6.74-8.28-7.14v7.14z\" fill=\"#662200\"><\/path><\/svg><span class=\"the_champ_square_count the_champ_vkontakte_count\">&nbsp;<\/span><\/span><\/a><a aria-label=\"Twitter\" class=\"the_champ_button_twitter\" href=\"https:\/\/twitter.com\/intent\/tweet?text=Spole%C4%8Dnost%20p%C5%99%C3%A1tel%20d%C3%ADla%20pana%20J.R.R.%20Tolkiena%20-%20Str%C3%A1nky%20pro%20v%C5%A1echny%20milovn%C3%ADky%20St%C5%99edozem%C4%9B&url=http%3A%2F%2Ftolkien.cz%2Findex.php%3Frest_route%3D%252Fwp%252Fv2%252Fpages%252F467\" title=\"Twitter\" rel=\"nofollow noopener\" target=\"_blank\" style=\"font-size:24px!important;box-shadow:none;display:inline-block;vertical-align:middle\"><span class=\"the_champ_svg the_champ_s__default the_champ_s_twitter\" style=\"background-color:#55acee;width:45px;height:45px;border-radius:999px;display:inline-block;opacity:1;float:left;font-size:24px;box-shadow:none;display:inline-block;font-size:16px;padding:0 4px;vertical-align:middle;background-repeat:repeat;overflow:hidden;padding:0;cursor:pointer;box-sizing:content-box\"><svg style=\"display:block;border-radius:999px;\" focusable=\"false\" aria-hidden=\"true\" xmlns=\"http:\/\/www.w3.org\/2000\/svg\" width=\"100%\" height=\"100%\" viewBox=\"-4 -4 39 39\"><path d=\"M28 8.557a9.913 9.913 0 0 1-2.828.775 4.93 4.93 0 0 0 2.166-2.725 9.738 9.738 0 0 1-3.13 1.194 4.92 4.92 0 0 0-3.593-1.55 4.924 4.924 0 0 0-4.794 6.049c-4.09-.21-7.72-2.17-10.15-5.15a4.942 4.942 0 0 0-.665 2.477c0 1.71.87 3.214 2.19 4.1a4.968 4.968 0 0 1-2.23-.616v.06c0 2.39 1.7 4.38 3.952 4.83-.414.115-.85.174-1.297.174-.318 0-.626-.03-.928-.086a4.935 4.935 0 0 0 4.6 3.42 9.893 9.893 0 0 1-6.114 2.107c-.398 0-.79-.023-1.175-.068a13.953 13.953 0 0 0 7.55 2.213c9.056 0 14.01-7.507 14.01-14.013 0-.213-.005-.426-.015-.637.96-.695 1.795-1.56 2.455-2.55z\" fill=\"#662200\"><\/path><\/svg><span class=\"the_champ_square_count the_champ_twitter_count\">&nbsp;<\/span><\/span><\/a><a aria-label=\"Pinterest\" class=\"the_champ_button_pinterest\" href=\"http:\/\/tolkien.cz\/index.php?rest_route=%2Fwp%2Fv2%2Fpages%2F467\" onclick=\"event.preventDefault();javascript:void((function(){var e=document.createElement('script');e.setAttribute('type','text\/javascript');e.setAttribute('charset','UTF-8');e.setAttribute('src','\/\/assets.pinterest.com\/js\/pinmarklet.js?r='+Math.random()*99999999);document.body.appendChild(e)})());\" title=\"Pinterest\" rel=\"noopener\" style=\"font-size:24px!important;box-shadow:none;display:inline-block;vertical-align:middle\"><span class=\"the_champ_svg the_champ_s__default the_champ_s_pinterest\" style=\"background-color:#cc2329;width:45px;height:45px;border-radius:999px;display:inline-block;opacity:1;float:left;font-size:24px;box-shadow:none;display:inline-block;font-size:16px;padding:0 4px;vertical-align:middle;background-repeat:repeat;overflow:hidden;padding:0;cursor:pointer;box-sizing:content-box\"><svg style=\"display:block;border-radius:999px;\" focusable=\"false\" aria-hidden=\"true\" xmlns=\"http:\/\/www.w3.org\/2000\/svg\" width=\"100%\" height=\"100%\" viewBox=\"-2 -2 35 35\"><path fill=\"#662200\" d=\"M16.539 4.5c-6.277 0-9.442 4.5-9.442 8.253 0 2.272.86 4.293 2.705 5.046.303.125.574.005.662-.33.061-.231.205-.816.27-1.06.088-.331.053-.447-.191-.736-.532-.627-.873-1.439-.873-2.591 0-3.338 2.498-6.327 6.505-6.327 3.548 0 5.497 2.168 5.497 5.062 0 3.81-1.686 7.025-4.188 7.025-1.382 0-2.416-1.142-2.085-2.545.397-1.674 1.166-3.48 1.166-4.689 0-1.081-.581-1.983-1.782-1.983-1.413 0-2.548 1.462-2.548 3.419 0 1.247.421 2.091.421 2.091l-1.699 7.199c-.505 2.137-.076 4.755-.039 5.019.021.158.223.196.314.077.13-.17 1.813-2.247 2.384-4.324.162-.587.929-3.631.929-3.631.46.876 1.801 1.646 3.227 1.646 4.247 0 7.128-3.871 7.128-9.053.003-3.918-3.317-7.568-8.361-7.568z\"\/><\/svg><span class=\"the_champ_square_count the_champ_pinterest_count\">&nbsp;<\/span><\/span><\/a><a aria-label=\"Tumblr\" class=\"the_champ_button_tumblr\" href=\"https:\/\/www.tumblr.com\/widgets\/share\/tool?posttype=link&canonicalUrl=http%3A%2F%2Ftolkien.cz%2Findex.php%3Frest_route%3D%252Fwp%252Fv2%252Fpages%252F467&title=Spole%C4%8Dnost%20p%C5%99%C3%A1tel%20d%C3%ADla%20pana%20J.R.R.%20Tolkiena%20-%20Str%C3%A1nky%20pro%20v%C5%A1echny%20milovn%C3%ADky%20St%C5%99edozem%C4%9B&caption=\" title=\"Tumblr\" rel=\"nofollow noopener\" target=\"_blank\" style=\"font-size:24px!important;box-shadow:none;display:inline-block;vertical-align:middle\"><span class=\"the_champ_svg athe_champ_s__default the_champ_s_tumblr\" style=\"background-color:#29435d;width:45px;height:45px;border-radius:999px;display:inline-block;opacity:1;float:left;font-size:24px;box-shadow:none;display:inline-block;font-size:16px;padding:0 4px;vertical-align:middle;background-repeat:repeat;overflow:hidden;padding:0;cursor:pointer;box-sizing:content-box\"><svg style=\"display:block;border-radius:999px;\" focusable=\"false\" aria-hidden=\"true\" xmlns=\"http:\/\/www.w3.org\/2000\/svg\" width=\"100%\" height=\"100%\" viewBox=\"-2 -2 36 36\"><path fill=\"#662200\" d=\"M20.775 21.962c-.37.177-1.08.33-1.61.345-1.598.043-1.907-1.122-1.92-1.968v-6.217h4.007V11.1H17.26V6.02h-2.925s-.132.044-.144.15c-.17 1.556-.895 4.287-3.923 5.378v2.578h2.02v6.522c0 2.232 1.647 5.404 5.994 5.33 1.467-.025 3.096-.64 3.456-1.17l-.96-2.846z\"\/><\/svg><span class=\"the_champ_square_count the_champ_tumblr_count\">&nbsp;<\/span><\/span><\/a><a class=\"the_champ_more\" title=\"More\" rel=\"nofollow noopener\" style=\"font-size:24px!important;border:0;box-shadow:none;display:inline-block!important;font-size:16px;padding:0 4px;vertical-align: middle;display:inline;\" href=\"http:\/\/tolkien.cz\/index.php?rest_route=%2Fwp%2Fv2%2Fpages%2F467\" onclick=\"event.preventDefault()\"><span class=\"the_champ_square_count\">&nbsp;<\/span><span class=\"the_champ_svg\" style=\"background-color:#ee8e2d;width:45px;height:45px;border-radius:999px;display:inline-block!important;opacity:1;float:left;font-size:32px!important;box-shadow:none;display:inline-block;font-size:16px;padding:0 4px;vertical-align:middle;display:inline;background-repeat:repeat;overflow:hidden;padding:0;cursor:pointer;box-sizing:content-box;\" onclick=\"theChampMoreSharingPopup(this, 'http:\/\/tolkien.cz\/index.php?rest_route=%2Fwp%2Fv2%2Fpages%2F467', 'Spole%C4%8Dnost%20p%C5%99%C3%A1tel%20d%C3%ADla%20pana%20J.R.R.%20Tolkiena%20-%20Str%C3%A1nky%20pro%20v%C5%A1echny%20milovn%C3%ADky%20St%C5%99edozem%C4%9B', '' )\"><svg xmlns=\"http:\/\/www.w3.org\/2000\/svg\" xmlns:xlink=\"http:\/\/www.w3.org\/1999\/xlink\" viewBox=\"-.3 0 32 32\" version=\"1.1\" width=\"100%\" height=\"100%\" style=\"display:block;border-radius:999px;\" xml:space=\"preserve\"><g><path fill=\"#662200\" d=\"M18 14V8h-4v6H8v4h6v6h4v-6h6v-4h-6z\" fill-rule=\"evenodd\"><\/path><\/g><\/svg><\/span><\/a><\/div><\/div>","protected":false},"author":1,"featured_media":0,"parent":2,"menu_order":306,"comment_status":"open","ping_status":"closed","template":"","meta":{"footnotes":""},"class_list":["post-467","page","type-page","status-publish","hentry"],"_links":{"self":[{"href":"http:\/\/tolkien.cz\/index.php?rest_route=\/wp\/v2\/pages\/467","targetHints":{"allow":["GET"]}}],"collection":[{"href":"http:\/\/tolkien.cz\/index.php?rest_route=\/wp\/v2\/pages"}],"about":[{"href":"http:\/\/tolkien.cz\/index.php?rest_route=\/wp\/v2\/types\/page"}],"author":[{"embeddable":true,"href":"http:\/\/tolkien.cz\/index.php?rest_route=\/wp\/v2\/users\/1"}],"replies":[{"embeddable":true,"href":"http:\/\/tolkien.cz\/index.php?rest_route=%2Fwp%2Fv2%2Fcomments&post=467"}],"version-history":[{"count":0,"href":"http:\/\/tolkien.cz\/index.php?rest_route=\/wp\/v2\/pages\/467\/revisions"}],"up":[{"embeddable":true,"href":"http:\/\/tolkien.cz\/index.php?rest_route=\/wp\/v2\/pages\/2"}],"wp:attachment":[{"href":"http:\/\/tolkien.cz\/index.php?rest_route=%2Fwp%2Fv2%2Fmedia&parent=467"}],"curies":[{"name":"wp","href":"https:\/\/api.w.org\/{rel}","templated":true}]}}