{"id":3906,"date":"2018-05-21T22:57:00","date_gmt":"2018-05-21T20:57:00","guid":{"rendered":"http:\/\/tolkien.cz\/?page_id=3906"},"modified":"2018-12-18T20:51:29","modified_gmt":"2018-12-18T19:51:29","slug":"privacy-policy","status":"publish","type":"page","link":"http:\/\/tolkien.cz\/?page_id=3906","title":{"rendered":"Ochrana Soukrom\u00ed"},"content":{"rendered":"<p>N\u00e1sleduj\u00edc\u00ed str\u00e1nka je zde na p\u0159\u00edm\u00e9 na\u0159\u00edzen\u00ed Evropsk\u00e9 Unie. Pros\u00edm zohledn\u011bte jej\u00ed nenechav\u00fd nos str\u010den\u00fd kam jen to jde v p\u0159\u00ed\u0161t\u00edch volb\u00e1ch a volte euroskeptick\u00e9 strany.<\/p>\n<h2>Kdo jsme<\/h2>\n<p>Na\u0161e adresa na webu je: http:\/\/tolkien.cz.<\/p>\n<h2>Jak\u00e9 osobn\u00ed \u00fadaje shroma\u017e\u010fujeme a pro\u010d je shroma\u017e\u010fujeme<\/h2>\n<h3>Koment\u00e1\u0159e<\/h3>\n<p>Kdy\u017e n\u00e1v\u0161t\u011bvn\u00edci zanechaj\u00ed koment\u00e1\u0159e na webu, ten shrom\u00e1\u017ed\u00ed data zobrazen\u00e1 ve formul\u00e1\u0159i s koment\u00e1\u0159i a tak\u00e9 adresu IP n\u00e1v\u0161t\u011bvn\u00edka a \u0159et\u011bzec agent\u016f prohl\u00ed\u017ee\u010d\u016f, kter\u00e9 pomohou detekovat spam.<\/p>\n<p>Anonymn\u00ed \u0159et\u011bzec vytvo\u0159en\u00fd z va\u0161\u00ed e-mailov\u00e9 adresy (naz\u00fdvan\u00fd tak\u00e9 hash) m\u016f\u017ee b\u00fdt poskytnut slu\u017eb\u011b Gravatar, aby zjistil, zda ji pou\u017e\u00edv\u00e1te. Z\u00e1sady ochrany osobn\u00edch \u00fadaj\u016f slu\u017eby Gravatar jsou k dispozici zde: https:\/\/automattic.com\/privacy\/. Po schv\u00e1len\u00ed va\u0161eho koment\u00e1\u0159e je v\u00e1\u0161 profilov\u00fd obr\u00e1zek viditeln\u00fd pro ve\u0159ejnost v kontextu va\u0161eho koment\u00e1\u0159e.<\/p>\n<h3>M\u00e9dia<\/h3>\n<p>Pokud nahr\u00e1v\u00e1te obr\u00e1zky na webov\u00e9 str\u00e1nky, m\u011bli byste se vyhnout tomu, aby byly vkl\u00e1d\u00e1ny obr\u00e1zky s vlo\u017een\u00fdmi \u00fadaji o poloze (EXIF GPS). N\u00e1v\u0161t\u011bvn\u00edci webu mohou st\u00e1hnout a extrahovat libovoln\u00e1 data o poloze z obr\u00e1zk\u016f na webu.<\/p>\n<h3>Kontaktn\u00ed Formul\u00e1\u0159e<\/h3>\n<h3>Cookies<\/h3>\n<p>Pokud zanech\u00e1te koment\u00e1\u0159 na na\u0161ich str\u00e1nk\u00e1ch, ty si zapamatuj\u00ed va\u0161e jm\u00e9na, e-mailov\u00e9 adresy a webov\u00e9 str\u00e1nky v cookies. Ty jsou pro va\u0161e pohodl\u00ed, tak\u017ee nemus\u00edte vypl\u0148ovat va\u0161e \u00fadaje znovu, kdy\u017e zanech\u00e1te dal\u0161\u00ed koment\u00e1\u0159. Tyto soubory cookie budou trvat jeden rok.<\/p>\n<p>Pokud m\u00e1te \u00fa\u010det a p\u0159ihla\u0161ujete se k tomuto webu, nastav\u00edme do\u010dasn\u00fd soubor cookie a ur\u010d\u00edme, zda v\u00e1\u0161 prohl\u00ed\u017ee\u010d p\u0159ij\u00edm\u00e1 soubory cookie. Tento soubor cookie neobsahuje \u017e\u00e1dn\u00e1 osobn\u00ed data a p\u0159i zav\u0159en\u00ed prohl\u00ed\u017ee\u010de je odm\u00edtnut.<\/p>\n<p>Kdy\u017e se p\u0159ihl\u00e1s\u00edte, nastav\u00edme tak\u00e9 n\u011bkolik cookies pro ulo\u017een\u00ed va\u0161ich p\u0159ihla\u0161ovac\u00edch \u00fadaj\u016f a mo\u017enost\u00ed zobrazen\u00ed na obrazovce. P\u0159ihla\u0161ovac\u00ed soubory cookie trvaj\u00ed dva dny a soubory cookie na obrazovce trvaj\u00ed jeden rok. Pokud vyberete mo\u017enost &#8222;Zapamatovat si m\u011b&#8220;, va\u0161e p\u0159ihl\u00e1\u0161en\u00ed bude trvat dva t\u00fddny. Pokud se odhl\u00e1s\u00edte ze sv\u00e9ho \u00fa\u010dtu, budou p\u0159ihla\u0161ovac\u00ed soubory cookie odebr\u00e1ny.<\/p>\n<p>Pokud upravujete nebo publikujete \u010dl\u00e1nek, v prohl\u00ed\u017ee\u010di se ulo\u017e\u00ed dal\u0161\u00ed soubor cookie. Tento soubor cookie neobsahuje \u017e\u00e1dn\u00e1 osobn\u00ed data a jednodu\u0161e ozna\u010duje ID p\u0159\u00edsp\u011bvku \u010dl\u00e1nku, kter\u00fd jste pr\u00e1v\u011b upravili. Platnost vypr\u0161\u00ed po 1 dni.<\/p>\n<h3>Vlo\u017een\u00fd obsah z jin\u00fdch webov\u00fdch str\u00e1nek<\/h3>\n<p>\u010cl\u00e1nky na tomto webu mohou obsahovat vlo\u017een\u00fd obsah (nap\u0159. Videa, obr\u00e1zky, \u010dl\u00e1nky atd.). Vestav\u011bn\u00fd obsah z jin\u00fdch webov\u00fdch str\u00e1nek se chov\u00e1 stejn\u011b p\u0159esn\u011b, jako kdyby n\u00e1v\u0161t\u011bvn\u00edk nav\u0161t\u00edvil dal\u0161\u00ed webov\u00e9 str\u00e1nky.<\/p>\n<p>Tyto webov\u00e9 str\u00e1nky mohou shroma\u017e\u010fovat \u00fadaje o v\u00e1s, pou\u017e\u00edvat soubory cookie, vkl\u00e1dat dal\u0161\u00ed sledov\u00e1n\u00ed t\u0159et\u00edch stran a sledovat interakci s t\u00edmto vlo\u017een\u00fdm obsahem, v\u010detn\u011b sledov\u00e1n\u00ed interakce s vlo\u017een\u00fdm obsahem, pokud m\u00e1te \u00fa\u010det a jste p\u0159ihl\u00e1\u0161eni k tomuto webu.<\/p>\n<h3>Analytics<\/h3>\n<h2>S k\u00fdm sd\u00edl\u00edme va\u0161e \u00fadaje<\/h2>\n<p>Va\u0161e \u00fadaje nesd\u00edl\u00edme s nik\u00fdm.<\/p>\n<h2>Jak dlouho uchov\u00e1v\u00e1me va\u0161e data<\/h2>\n<p>Pokud zanech\u00e1te koment\u00e1\u0159, koment\u00e1\u0159 a jeho metadata jsou uchov\u00e1v\u00e1ny neomezen\u011b. Takto m\u016f\u017eeme automaticky rozpoznat a schv\u00e1lit v\u0161echny n\u00e1sledn\u00e9 koment\u00e1\u0159e nam\u00edsto jejich p\u0159idr\u017een\u00ed ve front\u011b moderov\u00e1n\u00ed.<\/p>\n<p>Pro u\u017eivatele, kte\u0159\u00ed se registruj\u00ed na na\u0161ich webov\u00fdch str\u00e1nk\u00e1ch (pokud existuj\u00ed), ukl\u00e1d\u00e1me tak\u00e9 osobn\u00ed \u00fadaje, kter\u00e9 poskytuj\u00ed, v jejich u\u017eivatelsk\u00e9m profilu. V\u0161ichni u\u017eivatel\u00e9 mohou kdykoliv vid\u011bt, upravovat nebo smazat sv\u00e9 osobn\u00ed \u00fadaje (s v\u00fdjimkou toho, \u017ee nemohou m\u011bnit sv\u00e9 u\u017eivatelsk\u00e9 jm\u00e9no). Administr\u00e1to\u0159i webov\u00fdch str\u00e1nek tak\u00e9 mohou tyto informace zobrazit a upravovat.<\/p>\n<h2>Jak\u00e9 m\u00e1te pr\u00e1va nad daty<\/h2>\n<p>M\u00e1te-li \u00fa\u010det na t\u011bchto str\u00e1nk\u00e1ch nebo m\u00e1te ponechan\u00e9 koment\u00e1\u0159e, m\u016f\u017eete po\u017e\u00e1dat o zasl\u00e1n\u00ed exportovan\u00e9ho souboru osobn\u00edch \u00fadaj\u016f, kter\u00e9 m\u00e1me o v\u00e1s, v\u010detn\u011b v\u0161ech \u00fadaj\u016f, kter\u00e9 jste n\u00e1m poskytli. M\u016f\u017eete tak\u00e9 po\u017e\u00e1dat o vymaz\u00e1n\u00ed ve\u0161ker\u00fdch osobn\u00edch \u00fadaj\u016f, kter\u00e9 o v\u00e1s uchov\u00e1v\u00e1me. Nezahrnuje \u00fadaje, kter\u00e9 jsme povinni uchov\u00e1vat z administrativn\u00edch, pr\u00e1vn\u00edch nebo bezpe\u010dnostn\u00edch d\u016fvod\u016f.<\/p>\n<h2>Kde zas\u00edl\u00e1me data<\/h2>\n<p>Koment\u00e1\u0159e n\u00e1v\u0161t\u011bvn\u00edk\u016f mohou b\u00fdt kontrolov\u00e1ny prost\u0159ednictv\u00edm automatizovan\u00e9 slu\u017eby detekce nevy\u017e\u00e1dan\u00e9 po\u0161ty.<\/p>\n<h2>Va\u0161e kontaktn\u00ed informace<\/h2>\n<p>\u017d\u00e1dn\u00fdm zp\u016fsobem nekontrolujeme pravost v\u00e1mi zanechan\u00fdch \u00fadaj\u016f. Nicm\u00e9n\u011b pokud chcete dost\u00e1vat novinky ze str\u00e1nky na mail, doporu\u010dujeme vlo\u017eit prav\u00fd mail.<\/p>\n<h2>Dodate\u010dn\u00e9 informace<\/h2>\n<h3>Jak chr\u00e1n\u00edme va\u0161e data<\/h3>\n<p>Pomoc\u00ed, zaheslovan\u00fdch p\u0159\u00edstup\u016f a n\u011bkolika r\u016fzn\u00fdch program\u016f chr\u00e1n\u00edc\u00edch webov\u00e9 str\u00e1nky p\u0159ed napaden\u00edm.<\/p>\n<h3>Jak\u00e9 postupy pro naru\u0161en\u00ed dat m\u00e1me<\/h3>\n<p>V p\u0159\u00edpad\u011b detekov\u00e1n\u00ed napaden\u00ed str\u00e1nek se str\u00e1nky automaticky zablokuj\u00ed na p\u0159edem danou dobu.<\/p>\n<h3>Kter\u00e9 t\u0159et\u00ed strany obdr\u017e\u00ed \u00fadaje o v\u00e1s<\/h3>\n<p>\u017d\u00e1dn\u00e9 t\u0159et\u00ed strany od n\u00e1s neobdr\u017e\u00ed jak\u00e9koliv va\u0161e soukrom\u00e9 udaje.<\/p>\n<h3>Co automatizovan\u00e9 zach\u00e1zen\u00ed s va\u0161imi daty<\/h3>\n<p>Jedin\u00e9 k \u010demu slou\u017e\u00ed va\u0161e data je rozes\u00edl\u00e1n\u00ed informac\u00ed ze str\u00e1nek na va\u0161e maily pokud o to p\u0159edem po\u017e\u00e1d\u00e1te.<\/p>\n","protected":false},"excerpt":{"rendered":"<p>N\u00e1sleduj\u00edc\u00ed str\u00e1nka je zde na p\u0159\u00edm\u00e9 na\u0159\u00edzen\u00ed Evropsk\u00e9 Unie. Pros\u00edm zohledn\u011bte jej\u00ed nenechav\u00fd nos str\u010den\u00fd kam jen to jde v p\u0159\u00ed\u0161t\u00edch volb\u00e1ch a volte euroskeptick\u00e9 strany. Kdo jsme Na\u0161e adresa na webu je: http:\/\/tolkien.cz. Jak\u00e9 osobn\u00ed \u00fadaje shroma\u017e\u010fujeme a pro\u010d je shroma\u017e\u010fujeme Koment\u00e1\u0159e Kdy\u017e n\u00e1v\u0161t\u011bvn\u00edci zanechaj\u00ed koment\u00e1\u0159e na webu, ten shrom\u00e1\u017ed\u00ed data zobrazen\u00e1 ve formul\u00e1\u0159i [&hellip;]<\/p>\n<div class='the_champ_sharing_container the_champ_vertical_sharing the_champ_hide_sharing the_champ_bottom_sharing' style='width:49px;left: 20px;top: 200px;-webkit-box-shadow:none;box-shadow:none;' data-super-socializer-href=\"http:\/\/tolkien.cz\/index.php?rest_route=%2Fwp%2Fv2%2Fpages%2F3906\"><div class=\"the_champ_sharing_ul\"><a style=\"font-size:24px!important;box-shadow:none;display:inline-block!important;font-size: 16px;padding: 0 4px;vertical-align:middle;display:inline;\" class=\"theChampSharingRound\"><span class=\"the_champ_square_count\">&nbsp;<\/span><div style=\"width:45px;height:45px;border-radius:999px;margin-bottom:9px !important;\" title=\"Total Shares\" class=\"theChampSharing theChampTCBackground\"><\/div><\/a><a aria-label=\"Facebook\" class=\"the_champ_facebook\" href=\"https:\/\/www.facebook.com\/sharer\/sharer.php?u=http%3A%2F%2Ftolkien.cz%2Findex.php%3Frest_route%3D%252Fwp%252Fv2%252Fpages%252F3906\" title=\"Facebook\" rel=\"nofollow noopener\" target=\"_blank\" style=\"font-size:24px!important;box-shadow:none;display:inline-block;vertical-align:middle\"><span class=\"the_champ_svg\" style=\"background-color:#0765FE;width:45px;height:45px;border-radius:999px;display:inline-block;opacity:1;float:left;font-size:24px;box-shadow:none;display:inline-block;font-size:16px;padding:0 4px;vertical-align:middle;background-repeat:repeat;overflow:hidden;padding:0;cursor:pointer;box-sizing:content-box\"><svg style=\"display:block;border-radius:999px;\" focusable=\"false\" aria-hidden=\"true\" xmlns=\"http:\/\/www.w3.org\/2000\/svg\" width=\"100%\" height=\"100%\" viewBox=\"0 0 32 32\"><path fill=\"#662200\" d=\"M28 16c0-6.627-5.373-12-12-12S4 9.373 4 16c0 5.628 3.875 10.35 9.101 11.647v-7.98h-2.474V16H13.1v-1.58c0-4.085 1.849-5.978 5.859-5.978.76 0 2.072.15 2.608.298v3.325c-.283-.03-.775-.045-1.386-.045-1.967 0-2.728.745-2.728 2.683V16h3.92l-.673 3.667h-3.247v8.245C23.395 27.195 28 22.135 28 16Z\"><\/path><\/svg><span class=\"the_champ_square_count the_champ_facebook_count\">&nbsp;<\/span><\/span><\/a><a aria-label=\"Vkontakte\" class=\"the_champ_button_vkontakte\" href=\"http:\/\/vkontakte.ru\/share.php?&url=http%3A%2F%2Ftolkien.cz%2Findex.php%3Frest_route%3D%252Fwp%252Fv2%252Fpages%252F3906\" title=\"Vkontakte\" rel=\"nofollow noopener\" target=\"_blank\" style=\"font-size:24px!important;box-shadow:none;display:inline-block;vertical-align:middle\"><span class=\"the_champ_svg the_champ_s__default the_champ_s_vkontakte\" style=\"background-color:#0077FF;width:45px;height:45px;border-radius:999px;display:inline-block;opacity:1;float:left;font-size:24px;box-shadow:none;display:inline-block;font-size:16px;padding:0 4px;vertical-align:middle;background-repeat:repeat;overflow:hidden;padding:0;cursor:pointer;box-sizing:content-box\"><svg style=\"display:block;border-radius:999px;\" fill=\"none\" height=\"100%\" width=\"100%\" viewBox=\"0.75 6 46 37\" xmlns=\"http:\/\/www.w3.org\/2000\/svg\"><path d=\"M25.54 34.58c-10.94 0-17.18-7.5-17.44-19.98h5.48c.18 9.16 4.22 13.04 7.42 13.84V14.6h5.16v7.9c3.16-.34 6.48-3.94 7.6-7.9h5.16c-.86 4.88-4.46 8.48-7.02 9.96 2.56 1.2 6.66 4.34 8.22 10.02h-5.68c-1.22-3.8-4.26-6.74-8.28-7.14v7.14z\" fill=\"#662200\"><\/path><\/svg><span class=\"the_champ_square_count the_champ_vkontakte_count\">&nbsp;<\/span><\/span><\/a><a aria-label=\"Twitter\" class=\"the_champ_button_twitter\" href=\"https:\/\/twitter.com\/intent\/tweet?text=Spole%C4%8Dnost%20p%C5%99%C3%A1tel%20d%C3%ADla%20pana%20J.R.R.%20Tolkiena%20-%20Str%C3%A1nky%20pro%20v%C5%A1echny%20milovn%C3%ADky%20St%C5%99edozem%C4%9B&url=http%3A%2F%2Ftolkien.cz%2Findex.php%3Frest_route%3D%252Fwp%252Fv2%252Fpages%252F3906\" title=\"Twitter\" rel=\"nofollow noopener\" target=\"_blank\" style=\"font-size:24px!important;box-shadow:none;display:inline-block;vertical-align:middle\"><span class=\"the_champ_svg the_champ_s__default the_champ_s_twitter\" style=\"background-color:#55acee;width:45px;height:45px;border-radius:999px;display:inline-block;opacity:1;float:left;font-size:24px;box-shadow:none;display:inline-block;font-size:16px;padding:0 4px;vertical-align:middle;background-repeat:repeat;overflow:hidden;padding:0;cursor:pointer;box-sizing:content-box\"><svg style=\"display:block;border-radius:999px;\" focusable=\"false\" aria-hidden=\"true\" xmlns=\"http:\/\/www.w3.org\/2000\/svg\" width=\"100%\" height=\"100%\" viewBox=\"-4 -4 39 39\"><path d=\"M28 8.557a9.913 9.913 0 0 1-2.828.775 4.93 4.93 0 0 0 2.166-2.725 9.738 9.738 0 0 1-3.13 1.194 4.92 4.92 0 0 0-3.593-1.55 4.924 4.924 0 0 0-4.794 6.049c-4.09-.21-7.72-2.17-10.15-5.15a4.942 4.942 0 0 0-.665 2.477c0 1.71.87 3.214 2.19 4.1a4.968 4.968 0 0 1-2.23-.616v.06c0 2.39 1.7 4.38 3.952 4.83-.414.115-.85.174-1.297.174-.318 0-.626-.03-.928-.086a4.935 4.935 0 0 0 4.6 3.42 9.893 9.893 0 0 1-6.114 2.107c-.398 0-.79-.023-1.175-.068a13.953 13.953 0 0 0 7.55 2.213c9.056 0 14.01-7.507 14.01-14.013 0-.213-.005-.426-.015-.637.96-.695 1.795-1.56 2.455-2.55z\" fill=\"#662200\"><\/path><\/svg><span class=\"the_champ_square_count the_champ_twitter_count\">&nbsp;<\/span><\/span><\/a><a aria-label=\"Pinterest\" class=\"the_champ_button_pinterest\" href=\"http:\/\/tolkien.cz\/index.php?rest_route=%2Fwp%2Fv2%2Fpages%2F3906\" onclick=\"event.preventDefault();javascript:void((function(){var e=document.createElement('script');e.setAttribute('type','text\/javascript');e.setAttribute('charset','UTF-8');e.setAttribute('src','\/\/assets.pinterest.com\/js\/pinmarklet.js?r='+Math.random()*99999999);document.body.appendChild(e)})());\" title=\"Pinterest\" rel=\"noopener\" style=\"font-size:24px!important;box-shadow:none;display:inline-block;vertical-align:middle\"><span class=\"the_champ_svg the_champ_s__default the_champ_s_pinterest\" style=\"background-color:#cc2329;width:45px;height:45px;border-radius:999px;display:inline-block;opacity:1;float:left;font-size:24px;box-shadow:none;display:inline-block;font-size:16px;padding:0 4px;vertical-align:middle;background-repeat:repeat;overflow:hidden;padding:0;cursor:pointer;box-sizing:content-box\"><svg style=\"display:block;border-radius:999px;\" focusable=\"false\" aria-hidden=\"true\" xmlns=\"http:\/\/www.w3.org\/2000\/svg\" width=\"100%\" height=\"100%\" viewBox=\"-2 -2 35 35\"><path fill=\"#662200\" d=\"M16.539 4.5c-6.277 0-9.442 4.5-9.442 8.253 0 2.272.86 4.293 2.705 5.046.303.125.574.005.662-.33.061-.231.205-.816.27-1.06.088-.331.053-.447-.191-.736-.532-.627-.873-1.439-.873-2.591 0-3.338 2.498-6.327 6.505-6.327 3.548 0 5.497 2.168 5.497 5.062 0 3.81-1.686 7.025-4.188 7.025-1.382 0-2.416-1.142-2.085-2.545.397-1.674 1.166-3.48 1.166-4.689 0-1.081-.581-1.983-1.782-1.983-1.413 0-2.548 1.462-2.548 3.419 0 1.247.421 2.091.421 2.091l-1.699 7.199c-.505 2.137-.076 4.755-.039 5.019.021.158.223.196.314.077.13-.17 1.813-2.247 2.384-4.324.162-.587.929-3.631.929-3.631.46.876 1.801 1.646 3.227 1.646 4.247 0 7.128-3.871 7.128-9.053.003-3.918-3.317-7.568-8.361-7.568z\"\/><\/svg><span class=\"the_champ_square_count the_champ_pinterest_count\">&nbsp;<\/span><\/span><\/a><a aria-label=\"Tumblr\" class=\"the_champ_button_tumblr\" href=\"https:\/\/www.tumblr.com\/widgets\/share\/tool?posttype=link&canonicalUrl=http%3A%2F%2Ftolkien.cz%2Findex.php%3Frest_route%3D%252Fwp%252Fv2%252Fpages%252F3906&title=Spole%C4%8Dnost%20p%C5%99%C3%A1tel%20d%C3%ADla%20pana%20J.R.R.%20Tolkiena%20-%20Str%C3%A1nky%20pro%20v%C5%A1echny%20milovn%C3%ADky%20St%C5%99edozem%C4%9B&caption=\" title=\"Tumblr\" rel=\"nofollow noopener\" target=\"_blank\" style=\"font-size:24px!important;box-shadow:none;display:inline-block;vertical-align:middle\"><span class=\"the_champ_svg athe_champ_s__default the_champ_s_tumblr\" style=\"background-color:#29435d;width:45px;height:45px;border-radius:999px;display:inline-block;opacity:1;float:left;font-size:24px;box-shadow:none;display:inline-block;font-size:16px;padding:0 4px;vertical-align:middle;background-repeat:repeat;overflow:hidden;padding:0;cursor:pointer;box-sizing:content-box\"><svg style=\"display:block;border-radius:999px;\" focusable=\"false\" aria-hidden=\"true\" xmlns=\"http:\/\/www.w3.org\/2000\/svg\" width=\"100%\" height=\"100%\" viewBox=\"-2 -2 36 36\"><path fill=\"#662200\" d=\"M20.775 21.962c-.37.177-1.08.33-1.61.345-1.598.043-1.907-1.122-1.92-1.968v-6.217h4.007V11.1H17.26V6.02h-2.925s-.132.044-.144.15c-.17 1.556-.895 4.287-3.923 5.378v2.578h2.02v6.522c0 2.232 1.647 5.404 5.994 5.33 1.467-.025 3.096-.64 3.456-1.17l-.96-2.846z\"\/><\/svg><span class=\"the_champ_square_count the_champ_tumblr_count\">&nbsp;<\/span><\/span><\/a><a class=\"the_champ_more\" title=\"More\" rel=\"nofollow noopener\" style=\"font-size:24px!important;border:0;box-shadow:none;display:inline-block!important;font-size:16px;padding:0 4px;vertical-align: middle;display:inline;\" href=\"http:\/\/tolkien.cz\/index.php?rest_route=%2Fwp%2Fv2%2Fpages%2F3906\" onclick=\"event.preventDefault()\"><span class=\"the_champ_square_count\">&nbsp;<\/span><span class=\"the_champ_svg\" style=\"background-color:#ee8e2d;width:45px;height:45px;border-radius:999px;display:inline-block!important;opacity:1;float:left;font-size:32px!important;box-shadow:none;display:inline-block;font-size:16px;padding:0 4px;vertical-align:middle;display:inline;background-repeat:repeat;overflow:hidden;padding:0;cursor:pointer;box-sizing:content-box;\" onclick=\"theChampMoreSharingPopup(this, 'http:\/\/tolkien.cz\/index.php?rest_route=%2Fwp%2Fv2%2Fpages%2F3906', 'Spole%C4%8Dnost%20p%C5%99%C3%A1tel%20d%C3%ADla%20pana%20J.R.R.%20Tolkiena%20-%20Str%C3%A1nky%20pro%20v%C5%A1echny%20milovn%C3%ADky%20St%C5%99edozem%C4%9B', '' )\"><svg xmlns=\"http:\/\/www.w3.org\/2000\/svg\" xmlns:xlink=\"http:\/\/www.w3.org\/1999\/xlink\" viewBox=\"-.3 0 32 32\" version=\"1.1\" width=\"100%\" height=\"100%\" style=\"display:block;border-radius:999px;\" xml:space=\"preserve\"><g><path fill=\"#662200\" d=\"M18 14V8h-4v6H8v4h6v6h4v-6h6v-4h-6z\" fill-rule=\"evenodd\"><\/path><\/g><\/svg><\/span><\/a><\/div><\/div>","protected":false},"author":1,"featured_media":0,"parent":2057,"menu_order":0,"comment_status":"closed","ping_status":"closed","template":"","meta":{"footnotes":""},"class_list":["post-3906","page","type-page","status-publish","hentry"],"_links":{"self":[{"href":"http:\/\/tolkien.cz\/index.php?rest_route=\/wp\/v2\/pages\/3906","targetHints":{"allow":["GET"]}}],"collection":[{"href":"http:\/\/tolkien.cz\/index.php?rest_route=\/wp\/v2\/pages"}],"about":[{"href":"http:\/\/tolkien.cz\/index.php?rest_route=\/wp\/v2\/types\/page"}],"author":[{"embeddable":true,"href":"http:\/\/tolkien.cz\/index.php?rest_route=\/wp\/v2\/users\/1"}],"replies":[{"embeddable":true,"href":"http:\/\/tolkien.cz\/index.php?rest_route=%2Fwp%2Fv2%2Fcomments&post=3906"}],"version-history":[{"count":0,"href":"http:\/\/tolkien.cz\/index.php?rest_route=\/wp\/v2\/pages\/3906\/revisions"}],"up":[{"embeddable":true,"href":"http:\/\/tolkien.cz\/index.php?rest_route=\/wp\/v2\/pages\/2057"}],"wp:attachment":[{"href":"http:\/\/tolkien.cz\/index.php?rest_route=%2Fwp%2Fv2%2Fmedia&parent=3906"}],"curies":[{"name":"wp","href":"https:\/\/api.w.org\/{rel}","templated":true}]}}