{"id":26,"date":"2008-12-05T00:40:41","date_gmt":"2008-12-04T23:40:41","guid":{"rendered":"http:\/\/tolkien.clanweb.cz\/?page_id=26"},"modified":"2025-02-26T22:08:19","modified_gmt":"2025-02-26T21:08:19","slug":"clenstvi","status":"publish","type":"page","link":"http:\/\/tolkien.cz\/?page_id=26","title":{"rendered":"<B>\u010cLENSTV\u00cd<\/B>"},"content":{"rendered":"<p>\u0158\u00c1DN\u00c9:<br \/>\n\u0158\u00e1dn\u00fd \u010dlen Spole\u010dnosti p\u0159\u00e1tel d\u00edla pana J.R.R.Tolkiena (Spole\u010dnosti, SPDPJRRT) je ten, kdo podal p\u0159ihl\u00e1\u0161ku k \u010dlenstv\u00ed a zaplatil na p\u0159\u00edslu\u0161n\u00fd rok \u010dlensk\u00fd poplatek 50 K\u010d. Ten se plat\u00ed b\u011bhem setk\u00e1n\u00ed Spole\u010dnosti, nap\u0159\u00edklad o Bilbovk\u00e1ch. \u0158\u00e1dn\u00fd \u010dlen m\u00e1 pr\u00e1vo \u00fa\u010dastnit se a hlasovat na Sn\u011bmu Spole\u010dnosti, a t\u00edm spolurozhodovat o osudu Spole\u010dnosti. Z\u00e1rove\u0148, je-li star\u0161\u00ed 18 let a je-li zvolen, m\u016f\u017ee zast\u00e1vat pozici P\u00e1na z rady (viz \u201cveden\u00ed Spole\u010dnosti\u201d). B\u00fdv\u00e1 jim rovn\u011b\u017e poskytov\u00e1na sleva z \u00fa\u010dastnick\u00fdch p\u0159\u00edsp\u011bvk\u016f na akc\u00edch Spole\u010dnosti.<\/p>\n<p>P\u0158IDRU\u017dEN\u00c9:<br \/>\nStanovy Spole\u010dnosti tento druh \u010dlenstv\u00ed neznaj\u00ed. Jde o neform\u00e1ln\u00ed status, kter\u00fd nezakl\u00e1d\u00e1 ani jednac\u00ed pr\u00e1vo v r\u00e1mci Sn\u011bmu, ani pr\u00e1vo na jin\u00e9 \u010dlensk\u00e9 v\u00fdhody (nap\u0159\u00edklad slevy z \u00fa\u010dastnick\u00fdch p\u0159\u00edsp\u011bvk\u016f). Tento neform\u00e1ln\u00ed status r\u00e1di p\u0159izn\u00e1me ka\u017ed\u00e9mu p\u0159\u00edznivci \u010di b\u00fdval\u00e9mu \u010dlenu Spole\u010dnosti, kter\u00fd neplat\u00ed ro\u010dn\u00ed \u010dlensk\u00e9 p\u0159\u00edsp\u011bvky, ale zaj\u00edm\u00e1 se o d\u011bn\u00ed a akce po\u0159\u00e1dan\u00e9 Spole\u010dnost\u00ed.<\/p>\n<p>\u0158\u00e1dn\u00fdm i p\u0159idru\u017een\u00fdm \u010dlen\u016fm jsou zas\u00edl\u00e1ny novinky a pozv\u00e1nky na akce.<\/p>\n<p>Pokud se chcete p\u0159ihl\u00e1sit k \u010dlenstv\u00ed ve Spole\u010dnosti p\u0159\u00e1tel d\u00edla pana J.R.R.Tolkiena, vypl\u0148te a ode\u0161lete n\u00e1sleduj\u00edc\u00ed formul\u00e1\u0159:<\/p>\n<p><b>\u017d\u00c1DOST O VSTUP DO SPOLE\u010cNOSTI<\/b><br \/>\n\n<div class=\"wpcf7 no-js\" id=\"wpcf7-f4137-o1\" lang=\"en-US\" dir=\"ltr\" data-wpcf7-id=\"4137\">\n<div class=\"screen-reader-response\"><p role=\"status\" aria-live=\"polite\" aria-atomic=\"true\"><\/p> <ul><\/ul><\/div>\n<form action=\"\/index.php?rest_route=%2Fwp%2Fv2%2Fpages%2F26#wpcf7-f4137-o1\" method=\"post\" class=\"wpcf7-form init\" aria-label=\"Contact form\" novalidate=\"novalidate\" data-status=\"init\">\n<div style=\"display: none;\">\n<input type=\"hidden\" name=\"_wpcf7\" value=\"4137\" \/>\n<input type=\"hidden\" name=\"_wpcf7_version\" value=\"6.0.4\" \/>\n<input type=\"hidden\" name=\"_wpcf7_locale\" value=\"en_US\" \/>\n<input type=\"hidden\" name=\"_wpcf7_unit_tag\" value=\"wpcf7-f4137-o1\" \/>\n<input type=\"hidden\" name=\"_wpcf7_container_post\" value=\"0\" \/>\n<input type=\"hidden\" name=\"_wpcf7_posted_data_hash\" value=\"\" \/>\n<input type=\"hidden\" name=\"_wpcf7_recaptcha_response\" value=\"\" \/>\n<\/div>\n<p><span class=\"wpcf7-form-control-wrap\" data-name=\"your-subject\"><input size=\"40\" maxlength=\"400\" class=\"wpcf7-form-control wpcf7-text\" aria-invalid=\"false\" value=\"Vstup do Spole\u010dnosti\" type=\"text\" name=\"your-subject\" \/><\/span>\n<\/p>\n<p>V\u00e1\u0161 Nik\n<\/p>\n<p><span class=\"wpcf7-form-control-wrap\" data-name=\"text-77\"><input size=\"40\" maxlength=\"400\" class=\"wpcf7-form-control wpcf7-text\" aria-invalid=\"false\" value=\"Galadriel\" type=\"text\" name=\"text-77\" \/><\/span>\n<\/p>\n<p>Va\u0161e Jm\u00e9no a P\u0159\u00edjmen\u00ed (po\u017eadov\u00e1no)\n<\/p>\n<p><span class=\"wpcf7-form-control-wrap\" data-name=\"text-78\"><input size=\"40\" maxlength=\"400\" class=\"wpcf7-form-control wpcf7-text wpcf7-validates-as-required\" aria-required=\"true\" aria-invalid=\"false\" value=\"Frodo Pytl\u00edk\" type=\"text\" name=\"text-78\" \/><\/span>\n<\/p>\n<p>V\u00e1\u0161 Mail (po\u017eadov\u00e1n)\n<\/p>\n<p><span class=\"wpcf7-form-control-wrap\" data-name=\"email-805\"><input size=\"40\" maxlength=\"400\" class=\"wpcf7-form-control wpcf7-email wpcf7-validates-as-required wpcf7-text wpcf7-validates-as-email\" aria-required=\"true\" aria-invalid=\"false\" value=\"\" type=\"email\" name=\"email-805\" \/><\/span>\n<\/p>\n<p>Va\u0161e telefonn\u00ed \u010d\u00edslo\n<\/p>\n<p><span class=\"wpcf7-form-control-wrap\" data-name=\"tel-604\"><input size=\"40\" maxlength=\"400\" class=\"wpcf7-form-control wpcf7-tel wpcf7-text wpcf7-validates-as-tel\" aria-invalid=\"false\" value=\"\" type=\"tel\" name=\"tel-604\" \/><\/span>\n<\/p>\n<p>Va\u0161e adresa, ulice a \u010d\u00edslo domu (po\u017eadov\u00e1no)\n<\/p>\n<p><span class=\"wpcf7-form-control-wrap\" data-name=\"text-79\"><input size=\"40\" maxlength=\"400\" class=\"wpcf7-form-control wpcf7-text wpcf7-validates-as-required\" aria-required=\"true\" aria-invalid=\"false\" value=\"Gondorsk\u00e1 22\" type=\"text\" name=\"text-79\" \/><\/span>\n<\/p>\n<p>Va\u0161e M\u011bsto (po\u017eadov\u00e1no)\n<\/p>\n<p><span class=\"wpcf7-form-control-wrap\" data-name=\"text-80\"><input size=\"40\" maxlength=\"400\" class=\"wpcf7-form-control wpcf7-text wpcf7-validates-as-required\" aria-required=\"true\" aria-invalid=\"false\" value=\"Minas Tirith\" type=\"text\" name=\"text-80\" \/><\/span>\n<\/p>\n<p>Va\u0161e PS\u010c (po\u017eadov\u00e1no)\n<\/p>\n<p><span class=\"wpcf7-form-control-wrap\" data-name=\"number-372\"><input class=\"wpcf7-form-control wpcf7-number wpcf7-validates-as-required wpcf7-validates-as-number\" aria-required=\"true\" aria-invalid=\"false\" value=\"000 00\" type=\"number\" name=\"number-372\" \/><\/span>\n<\/p>\n<p>Stupe\u0148 \u010dlenstv\u00ed v SPDPJRRT (po\u017eadov\u00e1n)\n<\/p>\n<p><span class=\"wpcf7-form-control-wrap\" data-name=\"checkbox-280\"><span class=\"wpcf7-form-control wpcf7-checkbox wpcf7-validates-as-required wpcf7-exclusive-checkbox\"><span class=\"wpcf7-list-item first\"><label><span class=\"wpcf7-list-item-label\">Pln\u00e9 \u010dlenstv\u00ed<\/span><input type=\"checkbox\" name=\"checkbox-280\" value=\"Pln\u00e9 \u010dlenstv\u00ed\" \/><\/label><\/span><span class=\"wpcf7-list-item\"><label><span class=\"wpcf7-list-item-label\">P\u0159idru\u017een\u00e9 \u010dlenstv\u00ed<\/span><input type=\"checkbox\" name=\"checkbox-280\" value=\"P\u0159idru\u017een\u00e9 \u010dlenstv\u00ed\" \/><\/label><\/span><span class=\"wpcf7-list-item last\"><label><span class=\"wpcf7-list-item-label\">Nechci b\u00fdt \u010dlen<\/span><input type=\"checkbox\" name=\"checkbox-280\" value=\"Nechci b\u00fdt \u010dlen\" \/><\/label><\/span><\/span><\/span>\n<\/p>\n<p>Vzkaz\n<\/p>\n<p><span class=\"wpcf7-form-control-wrap\" data-name=\"textarea-532\"><textarea cols=\"40\" rows=\"10\" maxlength=\"1000\" class=\"wpcf7-form-control wpcf7-textarea\" aria-invalid=\"false\" name=\"textarea-532\">Je\u0161t\u011b mus\u00edm vysv\u011btlit nebo up\u0159esnit\u2026<\/textarea><\/span>\n<\/p>\n<p><input class=\"wpcf7-form-control wpcf7-submit has-spinner\" type=\"submit\" value=\"Odeslat\" \/>\n<\/p><p style=\"display: none !important;\" class=\"akismet-fields-container\" data-prefix=\"_wpcf7_ak_\"><label>&#916;<textarea name=\"_wpcf7_ak_hp_textarea\" cols=\"45\" rows=\"8\" maxlength=\"100\"><\/textarea><\/label><input type=\"hidden\" id=\"ak_js_1\" name=\"_wpcf7_ak_js\" value=\"238\"\/><script>document.getElementById( \"ak_js_1\" ).setAttribute( \"value\", ( new Date() ).getTime() );<\/script><\/p><div class=\"wpcf7-response-output\" aria-hidden=\"true\"><\/div>\n<\/form>\n<\/div>\n<\/p>\n<p><a href=\"?page_id=3906\">Pravidla ochrany soukrom\u00ed dle p\u0159\u00edkazu EU.<\/a><\/p>\n<hr \/>\n<p><a href=\"?page_id=321\">\u010cESTN\u00c1 \u010cLENSTV\u00cd<\/a><br \/>\n<a href=\"?page id=2541\">DATAB\u00c1ZE \u010cLEN\u016e<\/a><\/p>\n","protected":false},"excerpt":{"rendered":"<p>\u0158\u00c1DN\u00c9: \u0158\u00e1dn\u00fd \u010dlen Spole\u010dnosti p\u0159\u00e1tel d\u00edla pana J.R.R.Tolkiena (Spole\u010dnosti, SPDPJRRT) je ten, kdo podal p\u0159ihl\u00e1\u0161ku k \u010dlenstv\u00ed a zaplatil na p\u0159\u00edslu\u0161n\u00fd rok \u010dlensk\u00fd poplatek 50 K\u010d. Ten se plat\u00ed b\u011bhem setk\u00e1n\u00ed Spole\u010dnosti, nap\u0159\u00edklad o Bilbovk\u00e1ch. \u0158\u00e1dn\u00fd \u010dlen m\u00e1 pr\u00e1vo \u00fa\u010dastnit se a hlasovat na Sn\u011bmu Spole\u010dnosti, a t\u00edm spolurozhodovat o osudu Spole\u010dnosti. Z\u00e1rove\u0148, je-li star\u0161\u00ed [&hellip;]<\/p>\n<div class='the_champ_sharing_container the_champ_vertical_sharing the_champ_hide_sharing the_champ_bottom_sharing' style='width:49px;left: 20px;top: 200px;-webkit-box-shadow:none;box-shadow:none;' data-super-socializer-href=\"http:\/\/tolkien.cz\/index.php?rest_route=%2Fwp%2Fv2%2Fpages%2F26\"><div class=\"the_champ_sharing_ul\"><a style=\"font-size:24px!important;box-shadow:none;display:inline-block!important;font-size: 16px;padding: 0 4px;vertical-align:middle;display:inline;\" class=\"theChampSharingRound\"><span class=\"the_champ_square_count\">&nbsp;<\/span><div style=\"width:45px;height:45px;border-radius:999px;margin-bottom:9px !important;\" title=\"Total Shares\" class=\"theChampSharing theChampTCBackground\"><\/div><\/a><a aria-label=\"Facebook\" class=\"the_champ_facebook\" href=\"https:\/\/www.facebook.com\/sharer\/sharer.php?u=http%3A%2F%2Ftolkien.cz%2Findex.php%3Frest_route%3D%252Fwp%252Fv2%252Fpages%252F26\" title=\"Facebook\" rel=\"nofollow noopener\" target=\"_blank\" style=\"font-size:24px!important;box-shadow:none;display:inline-block;vertical-align:middle\"><span class=\"the_champ_svg\" style=\"background-color:#0765FE;width:45px;height:45px;border-radius:999px;display:inline-block;opacity:1;float:left;font-size:24px;box-shadow:none;display:inline-block;font-size:16px;padding:0 4px;vertical-align:middle;background-repeat:repeat;overflow:hidden;padding:0;cursor:pointer;box-sizing:content-box\"><svg style=\"display:block;border-radius:999px;\" focusable=\"false\" aria-hidden=\"true\" xmlns=\"http:\/\/www.w3.org\/2000\/svg\" width=\"100%\" height=\"100%\" viewBox=\"0 0 32 32\"><path fill=\"#662200\" d=\"M28 16c0-6.627-5.373-12-12-12S4 9.373 4 16c0 5.628 3.875 10.35 9.101 11.647v-7.98h-2.474V16H13.1v-1.58c0-4.085 1.849-5.978 5.859-5.978.76 0 2.072.15 2.608.298v3.325c-.283-.03-.775-.045-1.386-.045-1.967 0-2.728.745-2.728 2.683V16h3.92l-.673 3.667h-3.247v8.245C23.395 27.195 28 22.135 28 16Z\"><\/path><\/svg><span class=\"the_champ_square_count the_champ_facebook_count\">&nbsp;<\/span><\/span><\/a><a aria-label=\"Vkontakte\" class=\"the_champ_button_vkontakte\" href=\"http:\/\/vkontakte.ru\/share.php?&url=http%3A%2F%2Ftolkien.cz%2Findex.php%3Frest_route%3D%252Fwp%252Fv2%252Fpages%252F26\" title=\"Vkontakte\" rel=\"nofollow noopener\" target=\"_blank\" style=\"font-size:24px!important;box-shadow:none;display:inline-block;vertical-align:middle\"><span class=\"the_champ_svg the_champ_s__default the_champ_s_vkontakte\" style=\"background-color:#0077FF;width:45px;height:45px;border-radius:999px;display:inline-block;opacity:1;float:left;font-size:24px;box-shadow:none;display:inline-block;font-size:16px;padding:0 4px;vertical-align:middle;background-repeat:repeat;overflow:hidden;padding:0;cursor:pointer;box-sizing:content-box\"><svg style=\"display:block;border-radius:999px;\" fill=\"none\" height=\"100%\" width=\"100%\" viewBox=\"0.75 6 46 37\" xmlns=\"http:\/\/www.w3.org\/2000\/svg\"><path d=\"M25.54 34.58c-10.94 0-17.18-7.5-17.44-19.98h5.48c.18 9.16 4.22 13.04 7.42 13.84V14.6h5.16v7.9c3.16-.34 6.48-3.94 7.6-7.9h5.16c-.86 4.88-4.46 8.48-7.02 9.96 2.56 1.2 6.66 4.34 8.22 10.02h-5.68c-1.22-3.8-4.26-6.74-8.28-7.14v7.14z\" fill=\"#662200\"><\/path><\/svg><span class=\"the_champ_square_count the_champ_vkontakte_count\">&nbsp;<\/span><\/span><\/a><a aria-label=\"Twitter\" class=\"the_champ_button_twitter\" href=\"https:\/\/twitter.com\/intent\/tweet?text=Spole%C4%8Dnost%20p%C5%99%C3%A1tel%20d%C3%ADla%20pana%20J.R.R.%20Tolkiena%20-%20Str%C3%A1nky%20pro%20v%C5%A1echny%20milovn%C3%ADky%20St%C5%99edozem%C4%9B&url=http%3A%2F%2Ftolkien.cz%2Findex.php%3Frest_route%3D%252Fwp%252Fv2%252Fpages%252F26\" title=\"Twitter\" rel=\"nofollow noopener\" target=\"_blank\" style=\"font-size:24px!important;box-shadow:none;display:inline-block;vertical-align:middle\"><span class=\"the_champ_svg the_champ_s__default the_champ_s_twitter\" style=\"background-color:#55acee;width:45px;height:45px;border-radius:999px;display:inline-block;opacity:1;float:left;font-size:24px;box-shadow:none;display:inline-block;font-size:16px;padding:0 4px;vertical-align:middle;background-repeat:repeat;overflow:hidden;padding:0;cursor:pointer;box-sizing:content-box\"><svg style=\"display:block;border-radius:999px;\" focusable=\"false\" aria-hidden=\"true\" xmlns=\"http:\/\/www.w3.org\/2000\/svg\" width=\"100%\" height=\"100%\" viewBox=\"-4 -4 39 39\"><path d=\"M28 8.557a9.913 9.913 0 0 1-2.828.775 4.93 4.93 0 0 0 2.166-2.725 9.738 9.738 0 0 1-3.13 1.194 4.92 4.92 0 0 0-3.593-1.55 4.924 4.924 0 0 0-4.794 6.049c-4.09-.21-7.72-2.17-10.15-5.15a4.942 4.942 0 0 0-.665 2.477c0 1.71.87 3.214 2.19 4.1a4.968 4.968 0 0 1-2.23-.616v.06c0 2.39 1.7 4.38 3.952 4.83-.414.115-.85.174-1.297.174-.318 0-.626-.03-.928-.086a4.935 4.935 0 0 0 4.6 3.42 9.893 9.893 0 0 1-6.114 2.107c-.398 0-.79-.023-1.175-.068a13.953 13.953 0 0 0 7.55 2.213c9.056 0 14.01-7.507 14.01-14.013 0-.213-.005-.426-.015-.637.96-.695 1.795-1.56 2.455-2.55z\" fill=\"#662200\"><\/path><\/svg><span class=\"the_champ_square_count the_champ_twitter_count\">&nbsp;<\/span><\/span><\/a><a aria-label=\"Pinterest\" class=\"the_champ_button_pinterest\" href=\"http:\/\/tolkien.cz\/index.php?rest_route=%2Fwp%2Fv2%2Fpages%2F26\" onclick=\"event.preventDefault();javascript:void((function(){var e=document.createElement('script');e.setAttribute('type','text\/javascript');e.setAttribute('charset','UTF-8');e.setAttribute('src','\/\/assets.pinterest.com\/js\/pinmarklet.js?r='+Math.random()*99999999);document.body.appendChild(e)})());\" title=\"Pinterest\" rel=\"noopener\" style=\"font-size:24px!important;box-shadow:none;display:inline-block;vertical-align:middle\"><span class=\"the_champ_svg the_champ_s__default the_champ_s_pinterest\" style=\"background-color:#cc2329;width:45px;height:45px;border-radius:999px;display:inline-block;opacity:1;float:left;font-size:24px;box-shadow:none;display:inline-block;font-size:16px;padding:0 4px;vertical-align:middle;background-repeat:repeat;overflow:hidden;padding:0;cursor:pointer;box-sizing:content-box\"><svg style=\"display:block;border-radius:999px;\" focusable=\"false\" aria-hidden=\"true\" xmlns=\"http:\/\/www.w3.org\/2000\/svg\" width=\"100%\" height=\"100%\" viewBox=\"-2 -2 35 35\"><path fill=\"#662200\" d=\"M16.539 4.5c-6.277 0-9.442 4.5-9.442 8.253 0 2.272.86 4.293 2.705 5.046.303.125.574.005.662-.33.061-.231.205-.816.27-1.06.088-.331.053-.447-.191-.736-.532-.627-.873-1.439-.873-2.591 0-3.338 2.498-6.327 6.505-6.327 3.548 0 5.497 2.168 5.497 5.062 0 3.81-1.686 7.025-4.188 7.025-1.382 0-2.416-1.142-2.085-2.545.397-1.674 1.166-3.48 1.166-4.689 0-1.081-.581-1.983-1.782-1.983-1.413 0-2.548 1.462-2.548 3.419 0 1.247.421 2.091.421 2.091l-1.699 7.199c-.505 2.137-.076 4.755-.039 5.019.021.158.223.196.314.077.13-.17 1.813-2.247 2.384-4.324.162-.587.929-3.631.929-3.631.46.876 1.801 1.646 3.227 1.646 4.247 0 7.128-3.871 7.128-9.053.003-3.918-3.317-7.568-8.361-7.568z\"\/><\/svg><span class=\"the_champ_square_count the_champ_pinterest_count\">&nbsp;<\/span><\/span><\/a><a aria-label=\"Tumblr\" class=\"the_champ_button_tumblr\" href=\"https:\/\/www.tumblr.com\/widgets\/share\/tool?posttype=link&canonicalUrl=http%3A%2F%2Ftolkien.cz%2Findex.php%3Frest_route%3D%252Fwp%252Fv2%252Fpages%252F26&title=Spole%C4%8Dnost%20p%C5%99%C3%A1tel%20d%C3%ADla%20pana%20J.R.R.%20Tolkiena%20-%20Str%C3%A1nky%20pro%20v%C5%A1echny%20milovn%C3%ADky%20St%C5%99edozem%C4%9B&caption=\" title=\"Tumblr\" rel=\"nofollow noopener\" target=\"_blank\" style=\"font-size:24px!important;box-shadow:none;display:inline-block;vertical-align:middle\"><span class=\"the_champ_svg athe_champ_s__default the_champ_s_tumblr\" style=\"background-color:#29435d;width:45px;height:45px;border-radius:999px;display:inline-block;opacity:1;float:left;font-size:24px;box-shadow:none;display:inline-block;font-size:16px;padding:0 4px;vertical-align:middle;background-repeat:repeat;overflow:hidden;padding:0;cursor:pointer;box-sizing:content-box\"><svg style=\"display:block;border-radius:999px;\" focusable=\"false\" aria-hidden=\"true\" xmlns=\"http:\/\/www.w3.org\/2000\/svg\" width=\"100%\" height=\"100%\" viewBox=\"-2 -2 36 36\"><path fill=\"#662200\" d=\"M20.775 21.962c-.37.177-1.08.33-1.61.345-1.598.043-1.907-1.122-1.92-1.968v-6.217h4.007V11.1H17.26V6.02h-2.925s-.132.044-.144.15c-.17 1.556-.895 4.287-3.923 5.378v2.578h2.02v6.522c0 2.232 1.647 5.404 5.994 5.33 1.467-.025 3.096-.64 3.456-1.17l-.96-2.846z\"\/><\/svg><span class=\"the_champ_square_count the_champ_tumblr_count\">&nbsp;<\/span><\/span><\/a><a class=\"the_champ_more\" title=\"More\" rel=\"nofollow noopener\" style=\"font-size:24px!important;border:0;box-shadow:none;display:inline-block!important;font-size:16px;padding:0 4px;vertical-align: middle;display:inline;\" href=\"http:\/\/tolkien.cz\/index.php?rest_route=%2Fwp%2Fv2%2Fpages%2F26\" onclick=\"event.preventDefault()\"><span class=\"the_champ_square_count\">&nbsp;<\/span><span class=\"the_champ_svg\" style=\"background-color:#ee8e2d;width:45px;height:45px;border-radius:999px;display:inline-block!important;opacity:1;float:left;font-size:32px!important;box-shadow:none;display:inline-block;font-size:16px;padding:0 4px;vertical-align:middle;display:inline;background-repeat:repeat;overflow:hidden;padding:0;cursor:pointer;box-sizing:content-box;\" onclick=\"theChampMoreSharingPopup(this, 'http:\/\/tolkien.cz\/index.php?rest_route=%2Fwp%2Fv2%2Fpages%2F26', 'Spole%C4%8Dnost%20p%C5%99%C3%A1tel%20d%C3%ADla%20pana%20J.R.R.%20Tolkiena%20-%20Str%C3%A1nky%20pro%20v%C5%A1echny%20milovn%C3%ADky%20St%C5%99edozem%C4%9B', '' )\"><svg xmlns=\"http:\/\/www.w3.org\/2000\/svg\" xmlns:xlink=\"http:\/\/www.w3.org\/1999\/xlink\" viewBox=\"-.3 0 32 32\" version=\"1.1\" width=\"100%\" height=\"100%\" style=\"display:block;border-radius:999px;\" xml:space=\"preserve\"><g><path fill=\"#662200\" d=\"M18 14V8h-4v6H8v4h6v6h4v-6h6v-4h-6z\" fill-rule=\"evenodd\"><\/path><\/g><\/svg><\/span><\/a><\/div><\/div>","protected":false},"author":3,"featured_media":0,"parent":2057,"menu_order":0,"comment_status":"open","ping_status":"open","template":"","meta":{"footnotes":""},"class_list":["post-26","page","type-page","status-publish","hentry"],"_links":{"self":[{"href":"http:\/\/tolkien.cz\/index.php?rest_route=\/wp\/v2\/pages\/26","targetHints":{"allow":["GET"]}}],"collection":[{"href":"http:\/\/tolkien.cz\/index.php?rest_route=\/wp\/v2\/pages"}],"about":[{"href":"http:\/\/tolkien.cz\/index.php?rest_route=\/wp\/v2\/types\/page"}],"author":[{"embeddable":true,"href":"http:\/\/tolkien.cz\/index.php?rest_route=\/wp\/v2\/users\/3"}],"replies":[{"embeddable":true,"href":"http:\/\/tolkien.cz\/index.php?rest_route=%2Fwp%2Fv2%2Fcomments&post=26"}],"version-history":[{"count":2,"href":"http:\/\/tolkien.cz\/index.php?rest_route=\/wp\/v2\/pages\/26\/revisions"}],"predecessor-version":[{"id":4951,"href":"http:\/\/tolkien.cz\/index.php?rest_route=\/wp\/v2\/pages\/26\/revisions\/4951"}],"up":[{"embeddable":true,"href":"http:\/\/tolkien.cz\/index.php?rest_route=\/wp\/v2\/pages\/2057"}],"wp:attachment":[{"href":"http:\/\/tolkien.cz\/index.php?rest_route=%2Fwp%2Fv2%2Fmedia&parent=26"}],"curies":[{"name":"wp","href":"https:\/\/api.w.org\/{rel}","templated":true}]}}