{"id":142,"date":"2008-12-26T22:58:58","date_gmt":"2008-12-26T21:58:58","guid":{"rendered":"http:\/\/tolkien.clanweb.cz\/?page_id=142"},"modified":"2018-08-01T18:14:31","modified_gmt":"2018-08-01T16:14:31","slug":"chronologicky-vypis-vsech-akci","status":"publish","type":"page","link":"http:\/\/tolkien.cz\/?page_id=142","title":{"rendered":"Chronologick\u00fd v\u00fdpis v\u0161ech akc\u00ed"},"content":{"rendered":"<h2>2018<\/h2>\n<p><strong>Fantasy, M\u00fdty a Historie<\/strong> 1.2 &#8211; 6.2 V r\u00e1mci PragoFFestu, Modr\u00e1 \u0161kola, Praha-H\u00e1je.<br \/>\n<strong>Oslava zni\u010den\u00ed Prstenu aneb v\u00edt\u00e1n\u00ed jara 2018<\/strong> 23.3 &#8211; 25.3 Z\u0160 Ko\u0159ensk\u00e9ho, Praha 5<br \/>\n<strong>Fantasy&#038;M\u00fdty<\/strong> 29.6 &#8211; 9.7 V r\u00e1mci FestivaluFantazie, CHot\u011bbo\u0159.<br \/>\n<strong>Oslava Bilbov\u00fdch narozenin<\/strong> 5.10 &#8211; 7.10 Hradov\u00e9 St\u0159imelice u Prahy, chalupa Le\u0161iho.<br \/>\n<\/br><\/p>\n<h2>2017<\/h2>\n<p><strong>Fantasy, M\u00fdty a Historie<\/strong> 2.2 &#8211; 5.2 V r\u00e1mci PragoFFestu, Modr\u00e1 \u0161kola, Praha-H\u00e1je.<br \/>\n<strong>Oslava zni\u010den\u00ed Prstenu aneb v\u00edt\u00e1n\u00ed jara 2017<\/strong> 24.3 &#8211; 26.3 Z\u0160 Ko\u0159ensk\u00e9ho, Praha 5<br \/>\n<strong>Fantasy&#038;M\u00fdty<\/strong> 29.6 &#8211; 9.7 V r\u00e1mci FestivaluFantazie, CHot\u011bbo\u0159.<br \/>\n<strong>Oslava Bilbov\u00fdch narozenin<\/strong> 15.9 &#8211; 17.9 Hradov\u00e9 St\u0159imelice u Prahy, chalupa Le\u0161iho.<br \/>\n<\/br><\/p>\n<h2>2016<\/h2>\n<p><strong>Fantasy, M\u00fdty a Historie<\/strong> 28.1 &#8211; 31.1 V r\u00e1mci PragoFFestu, Modr\u00e1 \u0161kola, Praha-H\u00e1je.<br \/>\n<strong>Oslava zni\u010den\u00ed Prstenu aneb v\u00edt\u00e1n\u00ed jara 2016<\/strong> 18.3 &#8211; 20.3 Z\u0160 Ko\u0159ensk\u00e9ho, Praha 5<br \/>\n<strong>Fantasy&#038;M\u00fdty<\/strong> 30.6 &#8211; 10.7 V r\u00e1mci FestivaluFantazie, CHot\u011bbo\u0159.<br \/>\n<strong>Fantasy Linie.<\/strong> 11.8 &#8211; 14.8 Pod\u00edl na linii v r\u00e1mci conu Con-ec. Brno, Z\u0160 Sv\u00e1\u017en\u00e1.<br \/>\n<strong>Oslava Bilbov\u00fdch narozenin<\/strong> 9.9 &#8211; 11.9 Hradov\u00e9 St\u0159imelice u Prahy, chalupa Le\u0161iho.<br \/>\n<\/br><\/p>\n<h2>2015<\/h2>\n<p><strong>Fantasy, M\u00fdty a Historie<\/strong> 29.1 &#8211; 1.2 V r\u00e1mci PragoFFestu, Modr\u00e1 \u0161kola, Praha-H\u00e1je.<br \/>\n<strong>Oslava zni\u010den\u00ed Prstenu aneb v\u00edt\u00e1n\u00ed jara 2015<\/strong> 27.3 &#8211; 29.3 Z\u0160 Ko\u0159ensk\u00e9ho, Praha 5<br \/>\n<strong>Fantasy&#038;M\u00fdty<\/strong> 1.7 &#8211; 12.7 V r\u00e1mci FestivaluFantazie, CHot\u011bbo\u0159.<br \/>\n<strong>Fantasy Linie.<\/strong> 13.8 &#8211; 16.8 Pod\u00edl na linii v r\u00e1mci conu Con-ec. Brno, Z\u0160 Sv\u00e1\u017en\u00e1.<br \/>\n<strong>Oslava Bilbov\u00fdch narozenin<\/strong> 2.10 &#8211; 4.10 Hradov\u00e9 St\u0159imelice u Prahy, chalupa Le\u0161iho.<br \/>\n<\/br><\/p>\n<h2>2014<\/h2>\n<p><strong>Fantasy, M\u00fdty a Historie<\/strong> 30.1. &#8211; 2. 2. V r\u00e1mci PragoFFestu, Modr\u00e1 \u0161kola, Praha-H\u00e1je.<br \/>\n<strong>Oslava zni\u010den\u00ed Prstenu aneb v\u00edt\u00e1n\u00ed jara 2014<\/strong> 14. 3. &#8211; 16. 3. Z\u0160 Ko\u0159ensk\u00e9ho, Praha 5<br \/>\n<strong>Fantasy&#038;M\u00fdty<\/strong> 30.6 &#8211; 6.7 V r\u00e1mci FestivaluFantazie, CHot\u011bbo\u0159.<br \/>\n<strong>Fantasy Linie.<\/strong> 14.8 &#8211; 17.8 Pod\u00edl na linii v r\u00e1mci conu Con-ec. Brno, Z\u0160 Kotl\u00e1\u0159sk\u00e1.<br \/>\n<strong>Oslava Bilbov\u00fdch narozenin<\/strong> roku 2014 se nekonala.<br \/>\n<\/br><\/p>\n<h2>2013<\/h2>\n<p><strong>Fantasy, M\u00fdty a Historie<\/strong> 31.1. &#8211; 3. 2. V r\u00e1mci PragoFFestu, Modr\u00e1 \u0161kola, Praha-H\u00e1je.<br \/>\n<strong>Oslava zni\u010den\u00ed Prstenu aneb v\u00edt\u00e1n\u00ed jara 2013<\/strong> 15. 3. &#8211; 17. 3. Z\u0160 Ko\u0159ensk\u00e9ho, Praha 5<br \/>\n<strong>Fantasy&#038;M\u00fdty<\/strong> 28.6 &#8211; 7.7 V r\u00e1mci FestivaluFantazie, CHot\u011bbo\u0159.<br \/>\n<strong>Fantasy Linie.<\/strong> 15.8 &#8211; 18.8 Pod\u00edl na linii v r\u00e1mci conu Con-ec. Brno, Z\u0160 Kotl\u00e1\u0159sk\u00e1.<br \/>\n<strong>Oslava Bilbov\u00fdch narozenin<\/strong> 20.9 &#8211; 22. 9. Hradov\u00e9 St\u0159imelice u Prahy, chalupa Le\u0161iho.<br \/>\n<\/br><\/p>\n<h2>2012<\/h2>\n<p><strong>Fantasy, M\u00fdty a Historie<\/strong> 4.2. V r\u00e1mci PragoFFestu, Modr\u00e1 \u0161kola, Praha-H\u00e1je.<br \/>\n<strong>Oslava zni\u010den\u00ed Prstenu aneb v\u00edt\u00e1n\u00ed jara 2012<\/strong> 30. 3. &#8211; 1. 4. Z\u0160 Ko\u0159ensk\u00e9ho, Praha 5<br \/>\n<strong>Fantasy&#038;M\u00fdty<\/strong> 29.6 &#8211; 5.7 V r\u00e1mci FestivaluFantazie, CHot\u011bbo\u0159.<br \/>\n<strong>Oslava Bilbov\u00fdch narozenin<\/strong> 21.9 &#8211; 23. 9. Hradov\u00e9 St\u0159imelice u Prahy, chalupa Le\u0161iho.<br \/>\n<\/br><\/p>\n<h2>2011<\/h2>\n<p><strong>Oslava Zni\u010den\u00ed Prstenu<\/strong> 4.2. V r\u00e1mci PragoFFestu, Modr\u00e1 \u0161kola, Praha-H\u00e1je.<br \/><strong>Fantasy, M\u00fdty a Historie<\/strong> 1.7. &#8211; 10.7. V r\u00e1mci FestivaluFantazie, CHot\u011bbo\u0159.<br \/><strong>Oslava Bilbov\u00fdch narozenin<\/strong> 30.9 &#8211; 2. 10. Hradov\u00e9 St\u0159imelice u Prahy, chalupa Le\u0161iho.<br \/>\n<\/br><\/p>\n<h2>2010<\/h2>\n<p><strong>Lotrcon &#8211; FestivalFantazie<\/strong> 1. &#8211; 11. 7. Chot\u011bbo\u0159. V r\u00e1mci FestivaluFantazie.<br \/><strong>Oslava Bilbov\u00fdch narozenin<\/strong> 24. &#8211; 26. 9. Hradov\u00e9 St\u0159imelice u Prahy, chalupa Le\u0161iho.<br \/>\n<\/br><\/p>\n<h2>2009<\/h2>\n<p><strong>Oslava Zni\u010den\u00ed Prstenu<\/strong> 14. 3. Praha, klubovna u Honzy Vorl\u00ed\u010dka.<br \/>\n<strong>P\u00e1n Prsten\u016f<\/strong> 15. &#8211; 17. 5. Osumn\u00e1ct\u00fd ro\u010dn\u00edk, Veversk\u00e9 Kn\u00ednice, Brno.<br \/>\n<strong>Lotrcon &#8211; FestivalFantazie<\/strong> 2. &#8211; 5. 7. Chot\u011bbo\u0159.<br \/>\n<strong>Oslava Bilbov\u00fdch narozenin<\/strong> 11. &#8211; 13. 9. Hradov\u00e9 St\u0159imelice u Prahy, chalupa Le\u0161iho<br \/>\n<strong>Fantasy linie &#8211; FestivalFantazie<\/strong> 29. &#8211; 30. 10. Chot\u011bbo\u0159.<br \/>\n<\/br><\/p>\n<h2>2008<\/h2>\n<p><strong>Oslava Zni\u010den\u00ed Prstenu<\/strong> 15. 3. Praha, klubovna u Honzy Vorl\u00ed\u010dka.<br \/>\n<strong>P\u00e1n Prsten\u016f<\/strong> 8. &#8211; 11. 5. Sedmn\u00e1ct\u00fd ro\u010dn\u00edk, Veversk\u00e9 Kn\u00ednice, Brno.<br \/>\n<strong>Lotrcon &#8211; FestivalFantazie<\/strong> 27. &#8211; 29. 6. Chot\u011bbo\u0159.<br \/>\n<strong>Oslava Bilbov\u00fdch narozenin<\/strong> 26. &#8211; 28. 9. Hradov\u00e9 St\u0159imelice u Prahy, chalupa Le\u0161iho.<br \/>\n<strong>Fantasy linie &#8211; FestivalFantazie<\/strong> 26. &#8211; 27. 10. Chot\u011bbo\u0159.<br \/>\n<\/br><\/p>\n<h2>2007<\/h2>\n<p><strong>Oslava Zni\u010den\u00ed Prstenu<\/strong> 23. &#8211; 25. 3. Praha, Mensa gymn\u00e1zium.<br \/>\n<strong>P\u00e1n Prsten\u016f<\/strong> 11. &#8211; 13. 5. \u0160estn\u00e1ct\u00fd ro\u010dn\u00edk, Veversk\u00e9 Kn\u00ednice, Brno.<br \/>\n<strong>Oslava Bilbov\u00fdch narozenin<\/strong> 14. &#8211; 16. 9. Ole\u0161n\u00e1 u Havl\u00ed\u010dkova Brodu, chalupa Petra Bohdana.<br \/>\n<\/br><\/p>\n<h2>2006<\/h2>\n<p><strong>Oslava Zni\u010den\u00ed Prstenu<\/strong> 17. &#8211; 19. 3 &#8211; nikdo nevzpomene kde.<br \/>\n<strong>P\u00e1n Prsten\u016f<\/strong> 5. &#8211; 8. 5. Patn\u00e1ct\u00fd ro\u010dn\u00edk, Veversk\u00e9 Kn\u00ednice, Brno.<br \/>\n<strong>Oslava Bilbov\u00fdch narozenin<\/strong> 15. &#8211; 17. 9. Kunratice u Fr\u00fddlantu, chalupa P\u016flky.<br \/>\n<\/br><\/p>\n<h2>2005<\/h2>\n<p><strong>Oslava Zni\u010den\u00ed Prstenu<\/strong> 1. &#8211; 3. 4. Praha, Z\u0160 Grafick\u00e1.<br \/>\n<strong>P\u00e1n Prsten\u016f<\/strong> 6. &#8211; 8. 5. \u010ctrn\u00e1ct\u00fd ro\u010dn\u00edk, V\u00e1clavice u Berouna.<br \/>\n<strong>Oslava Bilbov\u00fdch narozenin<\/strong> 30. 9. &#8211; 2. 10. Beroun, Tarnsk\u00fd dvorec.<br \/>\n<\/br><\/p>\n<h2>2004<\/h2>\n<p><strong>Oslava Zni\u010den\u00ed Prstenu<\/strong> 12. &#8211; 14. 3. Z\u0160 K\u0159\u00eddlovick\u00e1 Brno.<br \/>\n<strong>P\u00e1n Prsten\u016f<\/strong> 7. &#8211; 9. 5. T\u0159in\u00e1ct\u00fd ro\u010dn\u00edk, Olbramovice u Bene\u0161ova &#8211; \u0160pejchar.<br \/>\n<strong>Oslava Bilbov\u00fdch narozenin<\/strong> 17. &#8211; 19. 9. Dob\u0159e\u0148 na Koko\u0159\u00ednsku, chalupa Petry Vladykov\u00e9.<br \/>\n<\/br><\/p>\n<h2>2003<\/h2>\n<p><strong>Tolkiencon<\/strong> 17. &#8211; 19. 1. Praha, Z\u0160 Grafick\u00e1.<br \/>\n<strong>Oslava Zni\u010den\u00ed Prstenu<\/strong> 14. &#8211; 16. 3. Brno, klub Leitnerova.<br \/>\n<strong>P\u00e1n Prsten\u016f<\/strong> 8. &#8211; 11. 5. Dvan\u00e1ct\u00fd ro\u010dn\u00edk, Olbramovice u Bene\u0161ova, \u0160pejchar.<br \/>\n<strong>Oslava Bilbov\u00fdch narozenin<\/strong> 19. &#8211; 21. z\u00e1\u0159\u00ed, z\u00e1me\u010dek Karlov.<br \/>\n<\/br><\/p>\n<h2>2002<\/h2>\n<p><strong>Oslava Zni\u010den\u00ed Prstenu<\/strong> 15. &#8211; 17. 3. Kladno, sport. gymn\u00e1zium Plze\u0148sk\u00e1.<br \/>\n<strong>P\u00e1n Prsten\u016f<\/strong> 3. &#8211; 5. 5. Jeden\u00e1ct\u00fd ro\u010dn\u00edk, lesy u Olbramovic.<br \/>\n<strong>Oslava Bilbov\u00fdch narozenin<\/strong> 20. &#8211; 22. 9. z\u00e1me\u010dek Karlov u P\u00edsku.<br \/>\n<\/br><\/p>\n<h2>2001<\/h2>\n<p><strong>Oslava Zni\u010den\u00ed Prstenu<\/strong> 23.- 25. 3. Praha, Z\u0160 K\u0159esomyslova.<br \/>\n<strong>P\u00e1n Prsten\u016f<\/strong> 18. &#8211; 20. 5. Des\u00e1t\u00fd ro\u010dn\u00edk, lesy u Olbramovic.<br \/>\n<strong>Oslava Bilbov\u00fdch narozenin<\/strong> 14. &#8211; 16. 9. Dob\u0159e\u0148, chata Petry Vladykov\u00e9.<br \/>\n<strong>Durin\u016fv den<\/strong> 19. &#8211; 21. 10. z\u00e1me\u010dek Karlov u P\u00edsku.<br \/>\n<\/br><\/p>\n<h2>2000<\/h2>\n<p><strong>Oslava Zni\u010den\u00ed Prstenu<\/strong> 10. &#8211; 12. 3. Praha, Z\u0160 Fr. Plam\u00ednkov\u00e9, ul. Fr. K\u0159\u00ed\u017eka.<br \/>\n<strong>P\u00e1n Prsten\u016f<\/strong> 29. 4 &#8211; 1.5. Dev\u00e1t\u00fd ro\u010dn\u00edk u Havl\u00ed\u010dkova Brodu.<br \/>\n<strong>Oslava Bilbov\u00fdch narozenin<\/strong> 29. 9. &#8211; 1. 10. Bla\u017ekov.<br \/>\n<\/br><\/p>\n<h2>1999<\/h2>\n<p><strong>Beseda s prof. Neubauerem<\/strong> 22. 1. Praha, FF UK.<br \/>\n<strong>Oslava Zni\u010den\u00ed Prstenu<\/strong> b\u0159ezen Praha, Vi\u0161\u0148ov\u00e1, RD Honzy Vorl\u00ed\u010dka.<br \/>\n<strong>Oslava Bilbov\u00fdch narozenin<\/strong> 10. &#8211; 12. 9. Mnichovice, chata Ji\u0159iny Vorlov\u00e9.<br \/>\n<strong>P\u00e1n Prsten\u016f -Jaro<\/strong> 18. &#8211; 20. 6. Osm\u00fd ro\u010dn\u00edk jaro v Lut\u010di u Vy\u0161kova.<br \/>\n<strong>P\u00e1n Prsten\u016f &#8211; Podzim<\/strong> 22. &#8211; 23. 10. Osm\u00fd ro\u010dn\u00edk podzim ve Vrann\u00e9m nad Vltavou.<br \/>\n<\/br><\/p>\n<h2>1998<\/h2>\n<p><strong>Oslava Zni\u010den\u00ed Prstenu<\/strong> 27. &#8211; 29. 3. Praha, Mensa Gymn\u00e1zium Hole\u010dkova.<br \/>\n<strong>P\u00e1n Prsten\u016f<\/strong> 29. &#8211; 31. 5. Sedm\u00fd ro\u010dn\u00edk u B\u0159evnice u Havl\u00ed\u010dkova Brodu.<br \/>\n<strong>Oslava Bilbov\u00fdch narozenin<\/strong> 4. &#8211; 6. 9. Kytlice, chalupa Daniela Soukupa.<br \/>\n<\/br><\/p>\n<h2>1997<\/h2>\n<p><strong>Oslava Zni\u010den\u00ed Prstenu<\/strong> 14. &#8211; 16. 3. Olomouc, DDM ul. 17. listopadu.<br \/>\n<strong>P\u00e1n Prsten\u016f<\/strong> 2. &#8211; 4. 5. \u0160est\u00fd ro\u010dn\u00edk v Rakoveck\u00e9m \u00fadol\u00ed u Vy\u0161kova.<br \/>\n<strong>Oslava Bilbov\u00fdch narozenin<\/strong> 22. &#8211; 24. 9. \u010cel\u00e1kovice, DDM.<br \/>\n<\/br><\/p>\n<h2>1996<\/h2>\n<p><strong>Beseda s prof. Neubauerem<\/strong> 12. 1. Praha, FF UK.<br \/>\n<strong>Oslava Zni\u010den\u00ed Prstenu<\/strong> 15. &#8211; 17. 3. Litom\u011b\u0159ice, DDM Ple\u0161iveck\u00e1.<br \/>\n<strong>P\u00e1n Prsten\u016f<\/strong> 17. &#8211; 19. 5. P\u00e1t\u00fd ro\u010dn\u00edk na Jelen\u00edch louk\u00e1ch v Host\u00fdnsk\u00fdch vr\u0161\u00edch.<br \/>\n<strong>Oslava Bilbov\u00fdch narozenin<\/strong> 13. &#8211; 15. 9. Vran\u00e9 n. Vlt., chata Honzy Vorl\u00ed\u010dka.<br \/>\n<\/br><\/p>\n<h2>1995<\/h2>\n<p><strong>Helcaraxe<\/strong> leden Ti\u0161nov &#8211; P\u0159ibyslav.<br \/>\n<strong>Oslava Zni\u010den\u00ed Prstenu<\/strong> posledn\u00ed v\u00edkend v b\u0159ez. Praha, koleje a menza MFF UK Troja.<br \/>\n<strong>Beseda s p. Po\u0161ustovou<\/strong> kv\u011bten Praha, FF UK.<br \/>\n<strong>P\u00e1n Prsten\u016f<\/strong> 26. &#8211; 29. 5. \u010ctvrt\u00fd ro\u010dn\u00edk v Rakoveck\u00e9m \u00fadol\u00ed u Vy\u0161kova. <br \/>\n<strong>Rohansk\u00e9 pl\u00e1n\u011b<\/strong> l\u00e9to \u017d\u010f\u00e1r n. S\u00e1z &#8211; Havl\u00ed\u010dk\u016fv Brod.<br \/>\n<strong>Oslava Bilbov\u00fdch narozenin<\/strong> 29.9. &#8211; 1.10. chata u \u0159eky Chvojnice u Ketkovick\u00e9ho hradu.<br \/>\n<strong>Dracon<\/strong> (posledn\u00ed) 8. &#8211; 10. 12. Brno, hotel Santon.<br \/>\n<\/br><\/p>\n<h2>1994<\/h2>\n<p><strong>Oslava Zni\u010den\u00ed Prstenu<\/strong> 26. &#8211; 27. 3. Ostrava, DDM Gurt\u011bvova.<br \/>\n<strong>P\u00e1n Prsten\u016f<\/strong> 27. 5. &#8211; 29. 5. T\u0159et\u00ed ro\u010dn\u00edk, louky u Dob\u0159\u00ed\u0161e.<br \/>\n<strong>Rohansk\u00e9 pl\u00e1n\u011b<\/strong> 17. 6. &#8211; 19. 6. Znojmo &#8211; Jind\u0159ich\u016fv Hradec.<br \/>\n<strong>Oslava Bilbov\u00fdch narozenin<\/strong> 23. &#8211; 25. 9. P\u0159erov, Biologick\u00e1 stanice Bezru\u010dova.<br \/>\n<strong>Bilbova cesta<\/strong> 5.9. &#8211; 13. 11. Praha, divadlo Minor a okol\u00ed.<br \/>\n<strong>Dracon<\/strong> 25. &#8211; 27. 11. Brno, hotel Santon.<br \/>\n<\/br><\/p>\n<h2>1993<\/h2>\n<p><strong>Oslava Zni\u010den\u00ed Prstenu<\/strong> 2. &#8211; 5. 4. Brno,  Vojensk\u00e1 akademie v ulici \u0160umavsk\u00e9.<br \/>\n<strong>P\u00e1n Prsten\u016f<\/strong> 11. 6. &#8211; 13. 6. Druh\u00fd ro\u010dn\u00edk, Rakoveck\u00e9 \u00fadol\u00ed.<br \/>\n<strong>Parcon<\/strong> 25. &#8211; 27. 6. \u0160umperk.<br \/>\n<strong>Oslava Bilbov\u00fdch narozenin<\/strong> 24. &#8211; 26. 9. Praha, DDM Kaplick\u00e1.<br \/>\n<strong>Dracon<\/strong> 3. &#8211; 5. 12. Brno, hotel Santon.<br \/>\n<\/br><\/p>\n<h2>1992<\/h2>\n<p><strong>P\u00e1n Prsten\u016f<\/strong> \u010derven Prvn\u00ed ro\u010dn\u00edk, Rakoveck\u00e9 \u00fadol\u00ed.<br \/>\n<strong>Parcon<\/strong> l\u00e9to Ostrava.<br \/>\n<strong>Oslava Bilbov\u00fdch narozenin<\/strong> posledn\u00ed v\u00edkend v z\u00e1\u0159\u00ed Brno, DDM Lesn\u00e1.<br \/>\n<strong>Dracon<\/strong> 4. &#8211; 6. 12. Brno, hotel Santon.<\/p>\n","protected":false},"excerpt":{"rendered":"<p>2018 Fantasy, M\u00fdty a Historie 1.2 &#8211; 6.2 V r\u00e1mci PragoFFestu, Modr\u00e1 \u0161kola, Praha-H\u00e1je. Oslava zni\u010den\u00ed Prstenu aneb v\u00edt\u00e1n\u00ed jara 2018 23.3 &#8211; 25.3 Z\u0160 Ko\u0159ensk\u00e9ho, Praha 5 Fantasy&#038;M\u00fdty 29.6 &#8211; 9.7 V r\u00e1mci FestivaluFantazie, CHot\u011bbo\u0159. Oslava Bilbov\u00fdch narozenin 5.10 &#8211; 7.10 Hradov\u00e9 St\u0159imelice u Prahy, chalupa Le\u0161iho. 2017 Fantasy, M\u00fdty a Historie 2.2 &#8211; [&hellip;]<\/p>\n<div class='the_champ_sharing_container the_champ_vertical_sharing the_champ_hide_sharing the_champ_bottom_sharing' style='width:49px;left: 20px;top: 200px;-webkit-box-shadow:none;box-shadow:none;' data-super-socializer-href=\"http:\/\/tolkien.cz\/index.php?rest_route=%2Fwp%2Fv2%2Fpages%2F142\"><div class=\"the_champ_sharing_ul\"><a style=\"font-size:24px!important;box-shadow:none;display:inline-block!important;font-size: 16px;padding: 0 4px;vertical-align:middle;display:inline;\" class=\"theChampSharingRound\"><span class=\"the_champ_square_count\">&nbsp;<\/span><div style=\"width:45px;height:45px;border-radius:999px;margin-bottom:9px !important;\" title=\"Total Shares\" class=\"theChampSharing theChampTCBackground\"><\/div><\/a><a aria-label=\"Facebook\" class=\"the_champ_facebook\" href=\"https:\/\/www.facebook.com\/sharer\/sharer.php?u=http%3A%2F%2Ftolkien.cz%2Findex.php%3Frest_route%3D%252Fwp%252Fv2%252Fpages%252F142\" title=\"Facebook\" rel=\"nofollow noopener\" target=\"_blank\" style=\"font-size:24px!important;box-shadow:none;display:inline-block;vertical-align:middle\"><span class=\"the_champ_svg\" style=\"background-color:#0765FE;width:45px;height:45px;border-radius:999px;display:inline-block;opacity:1;float:left;font-size:24px;box-shadow:none;display:inline-block;font-size:16px;padding:0 4px;vertical-align:middle;background-repeat:repeat;overflow:hidden;padding:0;cursor:pointer;box-sizing:content-box\"><svg style=\"display:block;border-radius:999px;\" focusable=\"false\" aria-hidden=\"true\" xmlns=\"http:\/\/www.w3.org\/2000\/svg\" width=\"100%\" height=\"100%\" viewBox=\"0 0 32 32\"><path fill=\"#662200\" d=\"M28 16c0-6.627-5.373-12-12-12S4 9.373 4 16c0 5.628 3.875 10.35 9.101 11.647v-7.98h-2.474V16H13.1v-1.58c0-4.085 1.849-5.978 5.859-5.978.76 0 2.072.15 2.608.298v3.325c-.283-.03-.775-.045-1.386-.045-1.967 0-2.728.745-2.728 2.683V16h3.92l-.673 3.667h-3.247v8.245C23.395 27.195 28 22.135 28 16Z\"><\/path><\/svg><span class=\"the_champ_square_count the_champ_facebook_count\">&nbsp;<\/span><\/span><\/a><a aria-label=\"Vkontakte\" class=\"the_champ_button_vkontakte\" href=\"http:\/\/vkontakte.ru\/share.php?&url=http%3A%2F%2Ftolkien.cz%2Findex.php%3Frest_route%3D%252Fwp%252Fv2%252Fpages%252F142\" title=\"Vkontakte\" rel=\"nofollow noopener\" target=\"_blank\" style=\"font-size:24px!important;box-shadow:none;display:inline-block;vertical-align:middle\"><span class=\"the_champ_svg the_champ_s__default the_champ_s_vkontakte\" style=\"background-color:#0077FF;width:45px;height:45px;border-radius:999px;display:inline-block;opacity:1;float:left;font-size:24px;box-shadow:none;display:inline-block;font-size:16px;padding:0 4px;vertical-align:middle;background-repeat:repeat;overflow:hidden;padding:0;cursor:pointer;box-sizing:content-box\"><svg style=\"display:block;border-radius:999px;\" fill=\"none\" height=\"100%\" width=\"100%\" viewBox=\"0.75 6 46 37\" xmlns=\"http:\/\/www.w3.org\/2000\/svg\"><path d=\"M25.54 34.58c-10.94 0-17.18-7.5-17.44-19.98h5.48c.18 9.16 4.22 13.04 7.42 13.84V14.6h5.16v7.9c3.16-.34 6.48-3.94 7.6-7.9h5.16c-.86 4.88-4.46 8.48-7.02 9.96 2.56 1.2 6.66 4.34 8.22 10.02h-5.68c-1.22-3.8-4.26-6.74-8.28-7.14v7.14z\" fill=\"#662200\"><\/path><\/svg><span class=\"the_champ_square_count the_champ_vkontakte_count\">&nbsp;<\/span><\/span><\/a><a aria-label=\"Twitter\" class=\"the_champ_button_twitter\" href=\"https:\/\/twitter.com\/intent\/tweet?text=Spole%C4%8Dnost%20p%C5%99%C3%A1tel%20d%C3%ADla%20pana%20J.R.R.%20Tolkiena%20-%20Str%C3%A1nky%20pro%20v%C5%A1echny%20milovn%C3%ADky%20St%C5%99edozem%C4%9B&url=http%3A%2F%2Ftolkien.cz%2Findex.php%3Frest_route%3D%252Fwp%252Fv2%252Fpages%252F142\" title=\"Twitter\" rel=\"nofollow noopener\" target=\"_blank\" style=\"font-size:24px!important;box-shadow:none;display:inline-block;vertical-align:middle\"><span class=\"the_champ_svg the_champ_s__default the_champ_s_twitter\" style=\"background-color:#55acee;width:45px;height:45px;border-radius:999px;display:inline-block;opacity:1;float:left;font-size:24px;box-shadow:none;display:inline-block;font-size:16px;padding:0 4px;vertical-align:middle;background-repeat:repeat;overflow:hidden;padding:0;cursor:pointer;box-sizing:content-box\"><svg style=\"display:block;border-radius:999px;\" focusable=\"false\" aria-hidden=\"true\" xmlns=\"http:\/\/www.w3.org\/2000\/svg\" width=\"100%\" height=\"100%\" viewBox=\"-4 -4 39 39\"><path d=\"M28 8.557a9.913 9.913 0 0 1-2.828.775 4.93 4.93 0 0 0 2.166-2.725 9.738 9.738 0 0 1-3.13 1.194 4.92 4.92 0 0 0-3.593-1.55 4.924 4.924 0 0 0-4.794 6.049c-4.09-.21-7.72-2.17-10.15-5.15a4.942 4.942 0 0 0-.665 2.477c0 1.71.87 3.214 2.19 4.1a4.968 4.968 0 0 1-2.23-.616v.06c0 2.39 1.7 4.38 3.952 4.83-.414.115-.85.174-1.297.174-.318 0-.626-.03-.928-.086a4.935 4.935 0 0 0 4.6 3.42 9.893 9.893 0 0 1-6.114 2.107c-.398 0-.79-.023-1.175-.068a13.953 13.953 0 0 0 7.55 2.213c9.056 0 14.01-7.507 14.01-14.013 0-.213-.005-.426-.015-.637.96-.695 1.795-1.56 2.455-2.55z\" fill=\"#662200\"><\/path><\/svg><span class=\"the_champ_square_count the_champ_twitter_count\">&nbsp;<\/span><\/span><\/a><a aria-label=\"Pinterest\" class=\"the_champ_button_pinterest\" href=\"http:\/\/tolkien.cz\/index.php?rest_route=%2Fwp%2Fv2%2Fpages%2F142\" onclick=\"event.preventDefault();javascript:void((function(){var e=document.createElement('script');e.setAttribute('type','text\/javascript');e.setAttribute('charset','UTF-8');e.setAttribute('src','\/\/assets.pinterest.com\/js\/pinmarklet.js?r='+Math.random()*99999999);document.body.appendChild(e)})());\" title=\"Pinterest\" rel=\"noopener\" style=\"font-size:24px!important;box-shadow:none;display:inline-block;vertical-align:middle\"><span class=\"the_champ_svg the_champ_s__default the_champ_s_pinterest\" style=\"background-color:#cc2329;width:45px;height:45px;border-radius:999px;display:inline-block;opacity:1;float:left;font-size:24px;box-shadow:none;display:inline-block;font-size:16px;padding:0 4px;vertical-align:middle;background-repeat:repeat;overflow:hidden;padding:0;cursor:pointer;box-sizing:content-box\"><svg style=\"display:block;border-radius:999px;\" focusable=\"false\" aria-hidden=\"true\" xmlns=\"http:\/\/www.w3.org\/2000\/svg\" width=\"100%\" height=\"100%\" viewBox=\"-2 -2 35 35\"><path fill=\"#662200\" d=\"M16.539 4.5c-6.277 0-9.442 4.5-9.442 8.253 0 2.272.86 4.293 2.705 5.046.303.125.574.005.662-.33.061-.231.205-.816.27-1.06.088-.331.053-.447-.191-.736-.532-.627-.873-1.439-.873-2.591 0-3.338 2.498-6.327 6.505-6.327 3.548 0 5.497 2.168 5.497 5.062 0 3.81-1.686 7.025-4.188 7.025-1.382 0-2.416-1.142-2.085-2.545.397-1.674 1.166-3.48 1.166-4.689 0-1.081-.581-1.983-1.782-1.983-1.413 0-2.548 1.462-2.548 3.419 0 1.247.421 2.091.421 2.091l-1.699 7.199c-.505 2.137-.076 4.755-.039 5.019.021.158.223.196.314.077.13-.17 1.813-2.247 2.384-4.324.162-.587.929-3.631.929-3.631.46.876 1.801 1.646 3.227 1.646 4.247 0 7.128-3.871 7.128-9.053.003-3.918-3.317-7.568-8.361-7.568z\"\/><\/svg><span class=\"the_champ_square_count the_champ_pinterest_count\">&nbsp;<\/span><\/span><\/a><a aria-label=\"Tumblr\" class=\"the_champ_button_tumblr\" href=\"https:\/\/www.tumblr.com\/widgets\/share\/tool?posttype=link&canonicalUrl=http%3A%2F%2Ftolkien.cz%2Findex.php%3Frest_route%3D%252Fwp%252Fv2%252Fpages%252F142&title=Spole%C4%8Dnost%20p%C5%99%C3%A1tel%20d%C3%ADla%20pana%20J.R.R.%20Tolkiena%20-%20Str%C3%A1nky%20pro%20v%C5%A1echny%20milovn%C3%ADky%20St%C5%99edozem%C4%9B&caption=\" title=\"Tumblr\" rel=\"nofollow noopener\" target=\"_blank\" style=\"font-size:24px!important;box-shadow:none;display:inline-block;vertical-align:middle\"><span class=\"the_champ_svg athe_champ_s__default the_champ_s_tumblr\" style=\"background-color:#29435d;width:45px;height:45px;border-radius:999px;display:inline-block;opacity:1;float:left;font-size:24px;box-shadow:none;display:inline-block;font-size:16px;padding:0 4px;vertical-align:middle;background-repeat:repeat;overflow:hidden;padding:0;cursor:pointer;box-sizing:content-box\"><svg style=\"display:block;border-radius:999px;\" focusable=\"false\" aria-hidden=\"true\" xmlns=\"http:\/\/www.w3.org\/2000\/svg\" width=\"100%\" height=\"100%\" viewBox=\"-2 -2 36 36\"><path fill=\"#662200\" d=\"M20.775 21.962c-.37.177-1.08.33-1.61.345-1.598.043-1.907-1.122-1.92-1.968v-6.217h4.007V11.1H17.26V6.02h-2.925s-.132.044-.144.15c-.17 1.556-.895 4.287-3.923 5.378v2.578h2.02v6.522c0 2.232 1.647 5.404 5.994 5.33 1.467-.025 3.096-.64 3.456-1.17l-.96-2.846z\"\/><\/svg><span class=\"the_champ_square_count the_champ_tumblr_count\">&nbsp;<\/span><\/span><\/a><a class=\"the_champ_more\" title=\"More\" rel=\"nofollow noopener\" style=\"font-size:24px!important;border:0;box-shadow:none;display:inline-block!important;font-size:16px;padding:0 4px;vertical-align: middle;display:inline;\" href=\"http:\/\/tolkien.cz\/index.php?rest_route=%2Fwp%2Fv2%2Fpages%2F142\" onclick=\"event.preventDefault()\"><span class=\"the_champ_square_count\">&nbsp;<\/span><span class=\"the_champ_svg\" style=\"background-color:#ee8e2d;width:45px;height:45px;border-radius:999px;display:inline-block!important;opacity:1;float:left;font-size:32px!important;box-shadow:none;display:inline-block;font-size:16px;padding:0 4px;vertical-align:middle;display:inline;background-repeat:repeat;overflow:hidden;padding:0;cursor:pointer;box-sizing:content-box;\" onclick=\"theChampMoreSharingPopup(this, 'http:\/\/tolkien.cz\/index.php?rest_route=%2Fwp%2Fv2%2Fpages%2F142', 'Spole%C4%8Dnost%20p%C5%99%C3%A1tel%20d%C3%ADla%20pana%20J.R.R.%20Tolkiena%20-%20Str%C3%A1nky%20pro%20v%C5%A1echny%20milovn%C3%ADky%20St%C5%99edozem%C4%9B', '' )\"><svg xmlns=\"http:\/\/www.w3.org\/2000\/svg\" xmlns:xlink=\"http:\/\/www.w3.org\/1999\/xlink\" viewBox=\"-.3 0 32 32\" version=\"1.1\" width=\"100%\" height=\"100%\" style=\"display:block;border-radius:999px;\" xml:space=\"preserve\"><g><path fill=\"#662200\" d=\"M18 14V8h-4v6H8v4h6v6h4v-6h6v-4h-6z\" fill-rule=\"evenodd\"><\/path><\/g><\/svg><\/span><\/a><\/div><\/div>","protected":false},"author":1,"featured_media":0,"parent":1944,"menu_order":20,"comment_status":"closed","ping_status":"closed","template":"","meta":{"footnotes":""},"class_list":["post-142","page","type-page","status-publish","hentry"],"_links":{"self":[{"href":"http:\/\/tolkien.cz\/index.php?rest_route=\/wp\/v2\/pages\/142","targetHints":{"allow":["GET"]}}],"collection":[{"href":"http:\/\/tolkien.cz\/index.php?rest_route=\/wp\/v2\/pages"}],"about":[{"href":"http:\/\/tolkien.cz\/index.php?rest_route=\/wp\/v2\/types\/page"}],"author":[{"embeddable":true,"href":"http:\/\/tolkien.cz\/index.php?rest_route=\/wp\/v2\/users\/1"}],"replies":[{"embeddable":true,"href":"http:\/\/tolkien.cz\/index.php?rest_route=%2Fwp%2Fv2%2Fcomments&post=142"}],"version-history":[{"count":0,"href":"http:\/\/tolkien.cz\/index.php?rest_route=\/wp\/v2\/pages\/142\/revisions"}],"up":[{"embeddable":true,"href":"http:\/\/tolkien.cz\/index.php?rest_route=\/wp\/v2\/pages\/1944"}],"wp:attachment":[{"href":"http:\/\/tolkien.cz\/index.php?rest_route=%2Fwp%2Fv2%2Fmedia&parent=142"}],"curies":[{"name":"wp","href":"https:\/\/api.w.org\/{rel}","templated":true}]}}